{"id":15315,"date":"2022-05-27T20:22:32","date_gmt":"2022-05-27T20:22:32","guid":{"rendered":"https:\/\/www.home-original.eu\/retourne\/"},"modified":"2025-05-16T18:00:49","modified_gmt":"2025-05-16T18:00:49","slug":"retourne","status":"publish","type":"page","link":"https:\/\/www.home-original.eu\/fr\/retourne\/","title":{"rendered":"Retourne"},"content":{"rendered":"\t\t<div data-elementor-type=\"wp-page\" data-elementor-id=\"15315\" class=\"elementor elementor-15315 elementor-3105\" data-elementor-post-type=\"page\">\n\t\t\t\t\t\t<section class=\"elementor-section elementor-top-section elementor-element elementor-element-44ccc8e3 elementor-section-full_width elementor-section-stretched elementor-section-height-default elementor-section-height-default\" data-id=\"44ccc8e3\" data-element_type=\"section\" data-e-type=\"section\" data-settings=\"{&quot;stretch_section&quot;:&quot;section-stretched&quot;}\">\n\t\t\t\t\t\t<div class=\"elementor-container elementor-column-gap-default\">\n\t\t\t\t\t<div class=\"elementor-column elementor-col-100 elementor-top-column elementor-element elementor-element-4ecf05fd\" data-id=\"4ecf05fd\" data-element_type=\"column\" data-e-type=\"column\">\n\t\t\t<div class=\"elementor-widget-wrap elementor-element-populated\">\n\t\t\t\t\t\t<div class=\"elementor-element elementor-element-a280f45 elementor-widget elementor-widget-heading\" data-id=\"a280f45\" data-element_type=\"widget\" data-e-type=\"widget\" data-widget_type=\"heading.default\">\n\t\t\t\t<div class=\"elementor-widget-container\">\n\t\t\t\t\t<h1 class=\"elementor-heading-title elementor-size-default\">Retourne\n<\/h1>\t\t\t\t<\/div>\n\t\t\t\t<\/div>\n\t\t\t\t<div class=\"elementor-element elementor-element-1a88c5ab elementor-widget elementor-widget-text-editor\" data-id=\"1a88c5ab\" data-element_type=\"widget\" data-e-type=\"widget\" data-widget_type=\"text-editor.default\">\n\t\t\t\t<div class=\"elementor-widget-container\">\n\t\t\t\t\t\t\t\t\t\n<h2>Droit de retrait<\/h2>\n\n\n\n<p>Vous avez le droit de vous retirer du pr\u00e9sent&nbsp; contrat dans un d\u00e9lai de 14 jours civils sans&nbsp; donner de raison.<br>Le d\u00e9lai de r\u00e9tractation expire apr\u00e8s 14&nbsp; jours calendaires \u00e0 compter du jour o\u00f9 vous ou un tiers&nbsp; indiqu\u00e9 par vous, autre que le transporteur, a acquis la possession mat\u00e9rielle du dernier&nbsp; des biens.<\/p>\n\n\n\n<p>Vous avez le droit de vous retirer du pr\u00e9sent&nbsp; contrat dans un d\u00e9lai de 14 jours civils sans&nbsp; donner de raison.<\/p>\n\n\n\n<p>Pour exercer votre droit de r\u00e9tractation,&nbsp; vous devez en informer OHORIGINAL BUSINESS SL, Pau Claris n\u00ba 50 Local. C. Postal 08100, Mollet del Vall\u00e9s ( SPAIN ) TELF 625 679 382&nbsp;et e-mail : info@home-original.eu, votre&nbsp;d\u00e9cision de vous r\u00e9tracter du contrat par&nbsp;an d\u00e9claration non \u00e9quivoque (par exemple, a&nbsp;plet envoy\u00e9 par courrier, fax ou courrier&nbsp; \u00e9lectronique).<\/p>\n\n\n\n<p>Vous pouvez utiliser le mod\u00e8le de&nbsp; &nbsp;formulaire de r\u00e9tractation &nbsp;ci-dessous, bien que son utilisation ne soit pas obligatoire.&nbsp;Pour respecter le d\u00e9lai de r\u00e9tractation, il suffit&nbsp;que la communication concernant l&rsquo;exercice&nbsp; de ce droit par vous soit envoy\u00e9e&nbsp;avant l&rsquo;expiration du d\u00e9lai correspondant.<\/p>\n\n\n\n<h2>Droit de retrait<\/h2>\n\n\n\n<p>En cas de d\u00e9sistement de votre part, vous devez&nbsp;nous rembourserons tous les paiements re\u00e7us de&nbsp;vous, y compris le co\u00fbt de la livraison (avec les&nbsp;exception des co\u00fbts suppl\u00e9mentaires&nbsp;r\u00e9sultant de leur choix d&rsquo;un&nbsp;m\u00e9thode de livraison diff\u00e9rente de la m\u00e9thode de livraison&nbsp;la livraison ordinaire moins co\u00fbteuse que&nbsp; nous proposons) sans retard excessif et,&nbsp; en tout \u00e9tat de cause, au plus tard 14 jours civils \u00e0 &nbsp;compter de la date \u00e0 laquelle vous nous informez de&nbsp; votre d\u00e9cision de r\u00e9silier le pr\u00e9sent contrat.&nbsp;Nous allons proc\u00e9der au remboursement&nbsp;en utilisant le m\u00eame moyen de paiement&nbsp; que celui que vous avez utilis\u00e9 pour la transaction initiale, \u00e0 moins&nbsp; que vous n&rsquo;ayez express\u00e9ment convenu du&nbsp; contraire ; en tout \u00e9tat de cause, le remboursement ne vous occasionnera pas&nbsp; de frais.&nbsp;Nous pouvons retenir le remboursement jusqu&rsquo;\u00e0 ce que nous ayons&nbsp; re\u00e7u les marchandises, ou jusqu&rsquo;\u00e0 ce que vous ayez&nbsp; fourni la preuve du retour des&nbsp; marchandises, selon la condition qui est remplie&nbsp; en premier.<\/p>\n\n\n\n<p>Vous devez retourner ou livrer&nbsp; les marchandises directement \u00e0 nous ou \u00e0 OHORIGINAL&nbsp;BUSINESS SL, Pau Claris n\u00ba 50 Local. C. Postal 08100, Mollet del Vall\u00e9s ( SPAIN ), sans retard excessif et, en&nbsp; tout \u00e9tat de cause, au plus tard dans les 14&nbsp;ours civils \u00e0 compter de la date \u00e0 laquelle vous nous&nbsp; notifiez votre d\u00e9cision de r\u00e9tractation du&nbsp;contrat. Le d\u00e9lai est consid\u00e9r\u00e9 comme respect\u00e9 si&nbsp; les marchandises sont retourn\u00e9es avant&nbsp; l&rsquo;expiration du d\u00e9lai. [Vous&nbsp; ne serez responsable que de la d\u00e9pr\u00e9ciation&nbsp; des&nbsp; marchandises]&nbsp; r\u00e9sultant de&nbsp; manipulations autres que celles n\u00e9cessaires pour&nbsp; \u00e9tablir la nature, les caract\u00e9ristiques et&nbsp; le fonctionnement des marchandises. Conservez toujours l&#8217;emballage d&rsquo;origine.<\/p>\n\n\n\n<h2>Formulaire de retrait du mod\u00e8le<\/h2>\n\n\n\n<p><br>&#8211; A l&rsquo;attention de OHORIGINAL BUSINESS SL, Pau Claris n\u00ba 50 Local C.Postal 08100 Mollet del Vall\u00e9s ( SPAIN )&nbsp;Telf 625 679 382&nbsp;et e-mail : info@home-original.eu<\/p>\n\n\n\n<p>&#8211; Par la pr\u00e9sente, je vous informe\/nous vous informons&nbsp;(*) que je r\u00e9silie\/nous r\u00e9silions mon\/notre (*)&nbsp;contrat pour la vente du bien suivant\/la fourniture&nbsp;du service suivant (*)<\/p>\n\n\n\n<p>Le droit de r\u00e9tractation ne s&rsquo;applique pas&nbsp;a les contrats qui concernent :<\/p>\n\n\n\n<p>&#8211; La fourniture de biens ou&nbsp; de services dont le prix d\u00e9pend des fluctuations&nbsp; du march\u00e9 financier&nbsp; qui \u00e9chappent au contr\u00f4le de l&rsquo;entrepreneur et qui peuvent se produire&nbsp; pendant le p\u00e9riode&nbsp; de&nbsp; retrait.<br>&#8211; La fourniture de biens fabriqu\u00e9s&nbsp; selon les sp\u00e9cifications du consommateur&nbsp; ou de l&rsquo;utilisateur ou nettement personnalis\u00e9s.<br>&#8211; L&rsquo;offre de biens qui sont susceptibles de se d\u00e9t\u00e9riorer&nbsp;o expirer rapidement.<br>&#8211; La fourniture de marchandises scell\u00e9es qui&nbsp; ne peuvent \u00eatre retourn\u00e9es pour des raisons&nbsp; de protection de la sant\u00e9 ou d&rsquo;hygi\u00e8ne et qui&nbsp; ont \u00e9t\u00e9 descell\u00e9es apr\u00e8s la livraison.<br>&#8211; La fourniture de biens qui, apr\u00e8s&nbsp; livraison et compte tenu de leur nature&nbsp;, ont \u00e9t\u00e9 m\u00e9lang\u00e9s de mani\u00e8re indissociable avec&nbsp; d&rsquo;autres biens.<br>La fourniture de boissons alcoolis\u00e9es&nbsp; dont le prix a \u00e9t\u00e9 convenu au moment&nbsp; de la conclusion du contrat de vente et qui ne&nbsp; peuvent \u00eatre livr\u00e9es dans un d\u00e9lai de 30 jours, et&nbsp; dont la valeur r\u00e9elle d\u00e9pend de fluctuations du&nbsp; march\u00e9 \u00e9chappant au contr\u00f4le de l&rsquo;entrepreneur.<br>&#8211; La fourniture d&rsquo;enregistrements sonores ou&nbsp; vid\u00e9o scell\u00e9s ou de logiciels scell\u00e9s&nbsp; qui ont \u00e9t\u00e9 descell\u00e9s&nbsp; par le consommateur et l&rsquo;utilisateur apr\u00e8s la&nbsp; livraison.<br>&#8211; L&rsquo;offre de la presse quotidienne, \u00e9dite&nbsp; des publications&nbsp; de p\u00e9riodiques et de magazines, \u00e0 l&rsquo;exception&nbsp; des contrats d&rsquo;abonnement pour la fourniture<br>de ces publications.<\/p>\n\n\n\n<p>Si le client n&rsquo;est pas satisfait du produit re\u00e7u, il peut le renvoyer dans un d\u00e9lai de 14&nbsp; jours calendaires \u00e0 compter de la r\u00e9ception de la marchandise,&nbsp; et sera rembours\u00e9 du montant total de l&rsquo;achat, moins les frais de retour, qui seront d&rsquo;un maximum de 35,00\u20ac.&nbsp;&nbsp;<a href=\"https:\/\/www.ocu.org\/tecnologia\/internet-telefonia\/noticias\/devolver-producto-internet\" target=\"_blank\" rel=\"noopener\">Droits de retour de l&rsquo;OCU.<\/a><\/p>\n\n\n\n<p>Dans le cas des tableaux de sortie, \u00e9tant donn\u00e9 qu&rsquo;il s&rsquo;agit de pi\u00e8ces uniques, s&rsquo;ils arrivent cass\u00e9s \u00e0 la destination, le mod\u00e8le ne peut pas&nbsp; \u00eatre r\u00e9p\u00e9t\u00e9, et le co\u00fbt de celui-ci doit \u00eatre pay\u00e9.<\/p>\n\n\n\n<p>Dans le cas de peintures aux couleurs personnalis\u00e9es, demand\u00e9es par le client.&nbsp;<strong>no se admiten devoluciones<\/strong>.<\/p>\n\t\t\t\t\t\t\t\t<\/div>\n\t\t\t\t<\/div>\n\t\t\t\t\t<\/div>\n\t\t<\/div>\n\t\t\t\t\t<\/div>\n\t\t<\/section>\n\t\t\t\t<\/div>\n\t\t","protected":false},"excerpt":{"rendered":"<p>Retourne Droit de retrait Vous avez le droit de vous retirer du pr\u00e9sent&nbsp; contrat dans un d\u00e9lai de 14 jours civils sans&nbsp; donner de raison.Le d\u00e9lai de r\u00e9tractation expire apr\u00e8s 14&nbsp; jours calendaires \u00e0 compter du jour o\u00f9 vous ou un tiers&nbsp; indiqu\u00e9 par vous, autre que le transporteur, a acquis la possession mat\u00e9rielle du [&hellip;]<\/p>\n","protected":false},"author":1,"featured_media":0,"parent":0,"menu_order":0,"comment_status":"closed","ping_status":"closed","template":"","meta":{"footnotes":""},"class_list":["post-15315","page","type-page","status-publish","hentry"],"acf":[],"_links":{"self":[{"href":"https:\/\/www.home-original.eu\/fr\/wp-json\/wp\/v2\/pages\/15315","targetHints":{"allow":["GET"]}}],"collection":[{"href":"https:\/\/www.home-original.eu\/fr\/wp-json\/wp\/v2\/pages"}],"about":[{"href":"https:\/\/www.home-original.eu\/fr\/wp-json\/wp\/v2\/types\/page"}],"author":[{"embeddable":true,"href":"https:\/\/www.home-original.eu\/fr\/wp-json\/wp\/v2\/users\/1"}],"replies":[{"embeddable":true,"href":"https:\/\/www.home-original.eu\/fr\/wp-json\/wp\/v2\/comments?post=15315"}],"version-history":[{"count":1,"href":"https:\/\/www.home-original.eu\/fr\/wp-json\/wp\/v2\/pages\/15315\/revisions"}],"predecessor-version":[{"id":39492,"href":"https:\/\/www.home-original.eu\/fr\/wp-json\/wp\/v2\/pages\/15315\/revisions\/39492"}],"wp:attachment":[{"href":"https:\/\/www.home-original.eu\/fr\/wp-json\/wp\/v2\/media?parent=15315"}],"curies":[{"name":"wp","href":"https:\/\/api.w.org\/{rel}","templated":true}]}}