{"id":15319,"date":"2022-05-27T20:32:15","date_gmt":"2022-05-27T20:32:15","guid":{"rendered":"https:\/\/www.home-original.eu\/expedition-et-retours\/"},"modified":"2022-08-23T11:40:08","modified_gmt":"2022-08-23T11:40:08","slug":"expedition-et-retours","status":"publish","type":"page","link":"https:\/\/www.home-original.eu\/fr\/expedition-et-retours\/","title":{"rendered":"Exp\u00e9dition et retours"},"content":{"rendered":"\t\t<div data-elementor-type=\"wp-page\" data-elementor-id=\"15319\" class=\"elementor elementor-15319 elementor-3118\" data-elementor-post-type=\"page\">\n\t\t\t\t\t\t<section class=\"elementor-section elementor-top-section elementor-element elementor-element-6ffb9e42 elementor-section-full_width elementor-section-stretched elementor-section-height-default elementor-section-height-default\" data-id=\"6ffb9e42\" data-element_type=\"section\" data-e-type=\"section\" data-settings=\"{&quot;stretch_section&quot;:&quot;section-stretched&quot;}\">\n\t\t\t\t\t\t<div class=\"elementor-container elementor-column-gap-default\">\n\t\t\t\t\t<div class=\"elementor-column elementor-col-100 elementor-top-column elementor-element elementor-element-7476c756\" data-id=\"7476c756\" data-element_type=\"column\" data-e-type=\"column\">\n\t\t\t<div class=\"elementor-widget-wrap elementor-element-populated\">\n\t\t\t\t\t\t<div class=\"elementor-element elementor-element-3ff117b elementor-widget elementor-widget-heading\" data-id=\"3ff117b\" data-element_type=\"widget\" data-e-type=\"widget\" data-widget_type=\"heading.default\">\n\t\t\t\t<div class=\"elementor-widget-container\">\n\t\t\t\t\t<h1 class=\"elementor-heading-title elementor-size-default\">Exp\u00e9dition et retours<\/h1>\t\t\t\t<\/div>\n\t\t\t\t<\/div>\n\t\t\t\t<div class=\"elementor-element elementor-element-5e38d1f1 elementor-widget elementor-widget-text-editor\" data-id=\"5e38d1f1\" data-element_type=\"widget\" data-e-type=\"widget\" data-widget_type=\"text-editor.default\">\n\t\t\t\t<div class=\"elementor-widget-container\">\n\t\t\t\t\t\t\t\t\t\n<h2>Envoi de colis<\/h2>\n\n<p>En r\u00e8gle g\u00e9n\u00e9rale, les colis sont exp\u00e9di\u00e9s dans les 20 \u00e0 25 jours suivant la r\u00e9ception du paiement, via SEUR avec un num\u00e9ro de suivi. Avant de proc\u00e9der \u00e0 la livraison, SEUR vous contactera par SMS pour vous informer du d\u00e9lai approximatif de livraison.<\/p>\n\n<p>Le d\u00e9lai de livraison \u00e0 l&rsquo;adresse fournie sera compris entre 20 et 25 jours, sauf dans les \u00eeles Bal\u00e9ares et Canaries, o\u00f9 il sera de 30 jours. Dans le reste de l&rsquo;Europe, ce sera entre 25 et 30 jours. Les commandes pass\u00e9es en ao\u00fbt seront livr\u00e9es la premi\u00e8re semaine de septembre.<\/p>\n\n<p>Dans le cas o\u00f9 le colis ne rentre pas dans l&rsquo;ascenseur, le Transporteur n&rsquo;est pas oblig\u00e9 de le monter dans le logement, le laissant au rez-de-chauss\u00e9e du b\u00e2timent.<\/p>\n\n<p>Les bo\u00eetes sont grandes et vos articles seront bien prot\u00e9g\u00e9s. Toutefois, si vous remarquez des chocs ou des dommages sur la bo\u00eete, veuillez le signaler en signant le bon de livraison du transporteur.<\/p>\n\t\t\t\t\t\t\t\t<\/div>\n\t\t\t\t<\/div>\n\t\t\t\t\t<\/div>\n\t\t<\/div>\n\t\t\t\t\t<\/div>\n\t\t<\/section>\n\t\t\t\t<\/div>\n\t\t","protected":false},"excerpt":{"rendered":"<p>Exp\u00e9dition et retours Envoi de colis En r\u00e8gle g\u00e9n\u00e9rale, les colis sont exp\u00e9di\u00e9s dans les 20 \u00e0 25 jours suivant la r\u00e9ception du paiement, via SEUR avec un num\u00e9ro de suivi. Avant de proc\u00e9der \u00e0 la livraison, SEUR vous contactera par SMS pour vous informer du d\u00e9lai approximatif de livraison. Le d\u00e9lai de livraison \u00e0 [&hellip;]<\/p>\n","protected":false},"author":1,"featured_media":0,"parent":0,"menu_order":0,"comment_status":"closed","ping_status":"closed","template":"","meta":{"footnotes":""},"class_list":["post-15319","page","type-page","status-publish","hentry"],"acf":[],"_links":{"self":[{"href":"https:\/\/www.home-original.eu\/fr\/wp-json\/wp\/v2\/pages\/15319","targetHints":{"allow":["GET"]}}],"collection":[{"href":"https:\/\/www.home-original.eu\/fr\/wp-json\/wp\/v2\/pages"}],"about":[{"href":"https:\/\/www.home-original.eu\/fr\/wp-json\/wp\/v2\/types\/page"}],"author":[{"embeddable":true,"href":"https:\/\/www.home-original.eu\/fr\/wp-json\/wp\/v2\/users\/1"}],"replies":[{"embeddable":true,"href":"https:\/\/www.home-original.eu\/fr\/wp-json\/wp\/v2\/comments?post=15319"}],"version-history":[{"count":0,"href":"https:\/\/www.home-original.eu\/fr\/wp-json\/wp\/v2\/pages\/15319\/revisions"}],"wp:attachment":[{"href":"https:\/\/www.home-original.eu\/fr\/wp-json\/wp\/v2\/media?parent=15319"}],"curies":[{"name":"wp","href":"https:\/\/api.w.org\/{rel}","templated":true}]}}