{"id":16220,"date":"2022-05-27T20:23:55","date_gmt":"2022-05-27T20:23:55","guid":{"rendered":"https:\/\/www.home-original.eu\/garantie\/"},"modified":"2025-05-15T11:47:35","modified_gmt":"2025-05-15T11:47:35","slug":"garantie","status":"publish","type":"page","link":"https:\/\/www.home-original.eu\/fr\/garantie\/","title":{"rendered":"Garantie"},"content":{"rendered":"\t\t<div data-elementor-type=\"wp-page\" data-elementor-id=\"16220\" class=\"elementor elementor-16220 elementor-3107\" data-elementor-post-type=\"page\">\n\t\t\t\t\t\t<section class=\"elementor-section elementor-top-section elementor-element elementor-element-45948cfa elementor-section-full_width elementor-section-stretched elementor-section-height-default elementor-section-height-default\" data-id=\"45948cfa\" data-element_type=\"section\" data-e-type=\"section\" data-settings=\"{&quot;stretch_section&quot;:&quot;section-stretched&quot;}\">\n\t\t\t\t\t\t<div class=\"elementor-container elementor-column-gap-default\">\n\t\t\t\t\t<div class=\"elementor-column elementor-col-100 elementor-top-column elementor-element elementor-element-61ea15cb\" data-id=\"61ea15cb\" data-element_type=\"column\" data-e-type=\"column\">\n\t\t\t<div class=\"elementor-widget-wrap elementor-element-populated\">\n\t\t\t\t\t\t<div class=\"elementor-element elementor-element-a2ebf14 elementor-widget elementor-widget-heading\" data-id=\"a2ebf14\" data-element_type=\"widget\" data-e-type=\"widget\" data-widget_type=\"heading.default\">\n\t\t\t\t<div class=\"elementor-widget-container\">\n\t\t\t\t\t<h1 class=\"elementor-heading-title elementor-size-default\">Garantie<\/h1>\t\t\t\t<\/div>\n\t\t\t\t<\/div>\n\t\t\t\t<div class=\"elementor-element elementor-element-3b69573e elementor-widget elementor-widget-text-editor\" data-id=\"3b69573e\" data-element_type=\"widget\" data-e-type=\"widget\" data-widget_type=\"text-editor.default\">\n\t\t\t\t<div class=\"elementor-widget-container\">\n\t\t\t\t\t\t\t\t\t\n<p>Nos tableaux sont r\u00e9alis\u00e9s avec des mat\u00e9riaux durables et des peintures totalement non toxiques, garantissant leur durabilit\u00e9 et leur NON-TOXICIT\u00c9, dans le respect de l&rsquo;ENVIRONNEMENT. Notre site&nbsp;&nbsp;Garantie de retour Si vous n&rsquo;\u00eates pas satisfait de votre commande pour quelque raison que ce soit, &nbsp;peut la retourner dans un d\u00e9lai maximum de 14&nbsp;jours \u00e0 compter de la r\u00e9ception des biens faisant l&rsquo;objet du contrat. Une fois que le tableau a \u00e9t\u00e9 livr\u00e9 et qu&rsquo;il a \u00e9t\u00e9 v\u00e9rifi\u00e9 qu&rsquo;il est en parfait \u00e9tat, nous vous paierons le montant total de la commande, TVA INCLUSE, moins les frais de retour, qui seront de 35,00\u20ac maximum.<\/p>\n\n\n\n<p>Dans le cas des tableaux de sortie, \u00e9tant donn\u00e9 qu&rsquo;il s&rsquo;agit de pi\u00e8ces uniques, s&rsquo;ils arrivent cass\u00e9s \u00e0 la destination, le mod\u00e8le ne peut pas&nbsp; \u00eatre r\u00e9p\u00e9t\u00e9, et le co\u00fbt de celui-ci doit \u00eatre pay\u00e9.<\/p>\n\n\n\n<p><strong>NOTE<\/strong>:&nbsp;<em>Avant de signer le bordereau de livraison du transporteur, veuillez v\u00e9rifier que la bo\u00eete n&rsquo;a pas \u00e9t\u00e9 endommag\u00e9e. Si vous l&rsquo;avez, veuillez l&rsquo;indiquer sur le bon de livraison, merci.<\/em><\/p>\n\t\t\t\t\t\t\t\t<\/div>\n\t\t\t\t<\/div>\n\t\t\t\t\t<\/div>\n\t\t<\/div>\n\t\t\t\t\t<\/div>\n\t\t<\/section>\n\t\t\t\t<\/div>\n\t\t","protected":false},"excerpt":{"rendered":"<p>Garantie Nos tableaux sont r\u00e9alis\u00e9s avec des mat\u00e9riaux durables et des peintures totalement non toxiques, garantissant leur durabilit\u00e9 et leur NON-TOXICIT\u00c9, dans le respect de l&rsquo;ENVIRONNEMENT. Notre site&nbsp;&nbsp;Garantie de retour Si vous n&rsquo;\u00eates pas satisfait de votre commande pour quelque raison que ce soit, &nbsp;peut la retourner dans un d\u00e9lai maximum de 14&nbsp;jours \u00e0 compter [&hellip;]<\/p>\n","protected":false},"author":1,"featured_media":0,"parent":0,"menu_order":0,"comment_status":"closed","ping_status":"closed","template":"","meta":{"footnotes":""},"class_list":["post-16220","page","type-page","status-publish","hentry"],"acf":[],"_links":{"self":[{"href":"https:\/\/www.home-original.eu\/fr\/wp-json\/wp\/v2\/pages\/16220","targetHints":{"allow":["GET"]}}],"collection":[{"href":"https:\/\/www.home-original.eu\/fr\/wp-json\/wp\/v2\/pages"}],"about":[{"href":"https:\/\/www.home-original.eu\/fr\/wp-json\/wp\/v2\/types\/page"}],"author":[{"embeddable":true,"href":"https:\/\/www.home-original.eu\/fr\/wp-json\/wp\/v2\/users\/1"}],"replies":[{"embeddable":true,"href":"https:\/\/www.home-original.eu\/fr\/wp-json\/wp\/v2\/comments?post=16220"}],"version-history":[{"count":1,"href":"https:\/\/www.home-original.eu\/fr\/wp-json\/wp\/v2\/pages\/16220\/revisions"}],"predecessor-version":[{"id":39477,"href":"https:\/\/www.home-original.eu\/fr\/wp-json\/wp\/v2\/pages\/16220\/revisions\/39477"}],"wp:attachment":[{"href":"https:\/\/www.home-original.eu\/fr\/wp-json\/wp\/v2\/media?parent=16220"}],"curies":[{"name":"wp","href":"https:\/\/api.w.org\/{rel}","templated":true}]}}