{"id":16226,"date":"2022-05-27T20:26:53","date_gmt":"2022-05-27T20:26:53","guid":{"rendered":"https:\/\/www.home-original.eu\/modalites-et-conditions\/"},"modified":"2025-05-15T12:01:29","modified_gmt":"2025-05-15T12:01:29","slug":"modalites-et-conditions","status":"publish","type":"page","link":"https:\/\/www.home-original.eu\/fr\/modalites-et-conditions\/","title":{"rendered":"Modalit\u00e9s et conditions"},"content":{"rendered":"<h2 class=\"wp-block-heading\">Conditions g\u00e9n\u00e9rales<\/h2><p>Les pr\u00e9sentes conditions g\u00e9n\u00e9rales s&rsquo;appliquent \u00e0 toutes les transactions commerciales effectu\u00e9es dans notre boutique en ligne www.home-original.eu, domaine et marque qui sont la propri\u00e9t\u00e9 de Ohoriginal Business, S.L.<\/p><p>Droit de retrait<\/p><p>Vous avez le droit de vous retirer du pr\u00e9sent contrat dans un d\u00e9lai de 14 jours civils sans donner de raison. Le d\u00e9lai de r\u00e9tractation expire 14 jours calendaires apr\u00e8s le jour o\u00f9 vous ou un tiers, autre que le transporteur et indiqu\u00e9 par vous, a pris la possession mat\u00e9rielle du dernier de ces biens.<br>Pour exercer votre droit de r\u00e9tractation, vous devez notifier \u00e0 OHORIGINAL BUSINESS SL, C\/ Pau Claris n\u00ba 50 Local C.P. 08100 Mollet del Vall\u00e9s ( SPAIN ) info@home-original.eu, votre d\u00e9cision de vous r\u00e9tracter du contrat au moyen d&rsquo;une d\u00e9claration non \u00e9quivoque (par exemple, une lettre envoy\u00e9e par la poste ou un courriel). Vous pouvez utiliser le mod\u00e8le de formulaire de retrait ci-dessous, bien que son utilisation ne soit pas obligatoire. Pour respecter le d\u00e9lai de r\u00e9tractation, il suffit que la communication relative \u00e0 l&rsquo;exercice de ce droit soit envoy\u00e9e avant l&rsquo;expiration du d\u00e9lai de r\u00e9tractation.  <\/p><p>Cons\u00e9quences du retrait<\/p><p><br>En cas de r\u00e9tractation de votre part, nous vous rembourserons tous les paiements re\u00e7us de vous, \u00e0 l&rsquo;exclusion des frais de livraison, sans retard excessif et, en tout \u00e9tat de cause, au plus tard 14 jours calendaires \u00e0 compter de la date \u00e0 laquelle nous sommes inform\u00e9s de votre d\u00e9cision de r\u00e9tractation du pr\u00e9sent contrat. Nous effectuerons ce remboursement en utilisant le m\u00eame moyen de paiement que celui que vous avez utilis\u00e9 pour la transaction initiale, \u00e0 moins que vous n&rsquo;ayez express\u00e9ment convenu du contraire ; en tout \u00e9tat de cause, vous n&rsquo;encourrez aucun frais du fait du remboursement.<br>Nous pouvons retenir le remboursement jusqu&rsquo;\u00e0 ce que nous ayons re\u00e7u les marchandises, ou jusqu&rsquo;\u00e0 ce que vous ayez fourni la preuve du retour des marchandises, selon la condition qui est remplie en premier. Vous devez nous renvoyer ou remettre les marchandises directement sans retard excessif et, en tout \u00e9tat de cause, au plus tard 14 jours civils \u00e0 compter de la date \u00e0 laquelle vous nous communiquez votre d\u00e9cision de r\u00e9tractation du contrat. Le d\u00e9lai est consid\u00e9r\u00e9 comme respect\u00e9 si vous renvoyez les marchandises avant l&rsquo;expiration du d\u00e9lai. [Deber\u00e1 usted asumir el coste directo de devoluci\u00f3n de los bienes].<br>Vous n&rsquo;\u00eates responsable que de la d\u00e9pr\u00e9ciation des marchandises r\u00e9sultant d&rsquo;une manipulation autre que celle n\u00e9cessaire pour \u00e9tablir la nature, les caract\u00e9ristiques et le fonctionnement des marchandises. <strong>Pour que ce retour soit accept\u00e9, <\/strong>il doit toujours \u00eatre retourn\u00e9 dans l&#8217;emballage d&rsquo;origine. Dans le cas des tableaux de sortie, \u00e9tant donn\u00e9 qu&rsquo;il s&rsquo;agit de pi\u00e8ces uniques, s&rsquo;ils arrivent cass\u00e9s \u00e0 la destination, le mod\u00e8le ne peut pas \u00eatre r\u00e9p\u00e9t\u00e9, et le co\u00fbt de celui-ci doit \u00eatre pay\u00e9.<\/p><p>Formulaire de retrait du mod\u00e8le<\/p><p><br>&#8211; \u00c0 l&rsquo;attention de [ins\u00e9rer ici le nom de l&#8217;employeur, son adresse compl\u00e8te et, le cas \u00e9ch\u00e9ant, son num\u00e9ro de t\u00e9l\u00e9copieur et son adresse \u00e9lectronique] :<br>&#8211; Par la pr\u00e9sente, je vous informe \/ nous vous informons (*) que je me r\u00e9tracte \/ nous nous r\u00e9tractons de notre contrat (*) portant sur la vente du bien suivant \/ la fourniture du service suivant (*) &#8211; Command\u00e9 le \/ re\u00e7u le (*) &#8211; Nom du consommateur et de l&rsquo;utilisateur \/ des utilisateurs &#8211; Adresse du consommateur et de l&rsquo;utilisateur \/ des utilisateurs &#8211; Adresse du consommateur et de l&rsquo;utilisateur \/ des utilisateurs<br>consommateurs et utilisateurs<br>&#8211; Signature du consommateur et du ou des utilisateurs (uniquement si ce formulaire est soumis sur papier)\u00a0\u00bb.<br><br><\/p><p>Co\u00fbts de retour<\/p><p>\u00ab\u00a0Vous supportez les frais directs de renvoi de la marchandise\u00a0\u00bb qui s&rsquo;\u00e9l\u00e8vent au maximum \u00e0 35,00\u20ac.<\/p><p>Syst\u00e8me de vente<\/p><p>Pour effectuer un achat, l&rsquo;utilisateur peut choisir entre diff\u00e9rents moyens :<\/p><p>&#8211; En ligne via le \u00ab\u00a0panier d&rsquo;achat\u00a0\u00bb de ce site web.<\/p><p>&#8211; Par le service client\u00e8le t\u00e9l\u00e9phonique, du lundi au samedi, au num\u00e9ro 625 679 382 (le matin) et au num\u00e9ro 605 105 234 (l&rsquo;apr\u00e8s-midi).<\/p><p>&#8211; Par courrier \u00e9lectronique : pedidos@home-original.eu<\/p><p>Mode de paiement<\/p><p>Le paiement peut \u00eatre effectu\u00e9 comme suit :<\/p><p>&#8211; REDSYS AVEC VISA, CARTE MASTERD AVEC CARTE DE CR\u00c9DIT<\/p><p>&#8211; Paypal<\/p><p>Conditions d&rsquo;exp\u00e9dition<\/p><p>Le d\u00e9lai de livraison \u00e0 l&rsquo;adresse fournie par le client est de 20 jours maximum pour les peintures en stock.<\/p><p>Les tableaux sont peints sur commande, le d\u00e9lai de livraison est de 15 \u00e0 20 jours \u00e0 compter de la date de paiement.<\/p><p><strong>Dans le cas o\u00f9 le colis ne rentre pas dans l&rsquo;ascenseur, le Transporteur n&rsquo;est pas oblig\u00e9 de le monter au logement, le laissant au Rez-de-chauss\u00e9e de l&rsquo;Immeuble.<\/strong><\/p><p>Si vous avez besoin de plus d&rsquo;informations, veuillez nous contacter par e-mail : info@home-original.eu<\/p><p>Taxes applicables<\/p><p>Les prix des articles affich\u00e9s sur le site www.home-original.eu incluent la TVA. En r\u00e8gle g\u00e9n\u00e9rale, le taux d&rsquo;imposition de 21% sera appliqu\u00e9 pour l&rsquo;Espagne, o\u00f9 cette taxe est applicable ; toutefois, les syst\u00e8mes douaniers de chaque pays ou r\u00e9gion appliqueront les charges fiscales correspondantes.<\/p><p>Obligations du client<\/p><p>Le client de Ohoriginal Business, S.L. s&rsquo;engage \u00e0 fournir \u00e0 tout moment des informations v\u00e9ridiques sur les donn\u00e9es demand\u00e9es dans les formulaires de donn\u00e9es utilisateur ou les formulaires de commande.<\/p><p>Le client s&rsquo;engage \u00e0 accepter toutes les dispositions et conditions contenues dans les pr\u00e9sentes conditions g\u00e9n\u00e9rales.<\/p><p>Le client s&rsquo;engage \u00e0 permettre la livraison des biens command\u00e9s en fournissant une adresse de livraison \u00e0 laquelle la commande peut \u00eatre livr\u00e9e pendant les heures normales de livraison.<\/p><p>En cas de non-respect de cette obligation par le client, Ohoriginal Business, S.L. ne sera pas responsable du retard ou de l&rsquo;impossibilit\u00e9 de livraison de la commande demand\u00e9e par le client.<\/p><p>LIT\u00cdGIOS EN LIGNE<\/p><p>Base r\u00e9glementaire<\/p><p><br>Art. 14.1 du r\u00e8glement (UE) 524\/2013 relatif au r\u00e8glement en ligne des litiges de consommation.<br>Texte du mod\u00e8le :<br>R\u00e9solution en ligne des litiges en vertu de l&rsquo;art. 14.1 du r\u00e8glement (UE) 524\/2013 : la Commission europ\u00e9enne met \u00e0 disposition une plateforme de r\u00e9solution des litiges en ligne, qui est disponible au lien suivant : <a href=\"https:\/\/ec.europa.eu\/consumers\/odr\/\" target=\"_blank\" rel=\"noopener\">Diff\u00e9rends en ligne<\/a><br>https:\/\/ec.europa.eu\/consumers\/odr\/<\/p>","protected":false},"excerpt":{"rendered":"<p>Conditions g\u00e9n\u00e9rales Les pr\u00e9sentes conditions g\u00e9n\u00e9rales s&rsquo;appliquent \u00e0 toutes les transactions commerciales effectu\u00e9es dans notre boutique en ligne www.home-original.eu, domaine et marque qui sont la propri\u00e9t\u00e9 de Ohoriginal Business, S.L. Droit de retrait Vous avez le droit de vous retirer du pr\u00e9sent contrat dans un d\u00e9lai de 14 jours civils sans donner de raison. Le [&hellip;]<\/p>\n","protected":false},"author":1,"featured_media":0,"parent":0,"menu_order":0,"comment_status":"closed","ping_status":"closed","template":"","meta":{"footnotes":""},"class_list":["post-16226","page","type-page","status-publish","hentry"],"acf":[],"_links":{"self":[{"href":"https:\/\/www.home-original.eu\/fr\/wp-json\/wp\/v2\/pages\/16226","targetHints":{"allow":["GET"]}}],"collection":[{"href":"https:\/\/www.home-original.eu\/fr\/wp-json\/wp\/v2\/pages"}],"about":[{"href":"https:\/\/www.home-original.eu\/fr\/wp-json\/wp\/v2\/types\/page"}],"author":[{"embeddable":true,"href":"https:\/\/www.home-original.eu\/fr\/wp-json\/wp\/v2\/users\/1"}],"replies":[{"embeddable":true,"href":"https:\/\/www.home-original.eu\/fr\/wp-json\/wp\/v2\/comments?post=16226"}],"version-history":[{"count":1,"href":"https:\/\/www.home-original.eu\/fr\/wp-json\/wp\/v2\/pages\/16226\/revisions"}],"predecessor-version":[{"id":39481,"href":"https:\/\/www.home-original.eu\/fr\/wp-json\/wp\/v2\/pages\/16226\/revisions\/39481"}],"wp:attachment":[{"href":"https:\/\/www.home-original.eu\/fr\/wp-json\/wp\/v2\/media?parent=16226"}],"curies":[{"name":"wp","href":"https:\/\/api.w.org\/{rel}","templated":true}]}}