{"id":16231,"date":"2022-05-27T20:28:24","date_gmt":"2022-05-27T20:28:24","guid":{"rendered":"https:\/\/www.home-original.eu\/questions-frequemment-posees\/"},"modified":"2026-04-27T14:23:57","modified_gmt":"2026-04-27T14:23:57","slug":"questions-frequemment-posees","status":"publish","type":"page","link":"https:\/\/www.home-original.eu\/fr\/questions-frequemment-posees\/","title":{"rendered":"Questions fr\u00e9quemment pos\u00e9es"},"content":{"rendered":"\t\t<div data-elementor-type=\"wp-page\" data-elementor-id=\"16231\" class=\"elementor elementor-16231 elementor-3114\" data-elementor-post-type=\"page\">\n\t\t\t\t\t\t<section class=\"elementor-section elementor-top-section elementor-element elementor-element-2ba63eba elementor-section-full_width elementor-section-stretched elementor-section-height-default elementor-section-height-default\" data-id=\"2ba63eba\" data-element_type=\"section\" data-e-type=\"section\" data-settings=\"{&quot;stretch_section&quot;:&quot;section-stretched&quot;}\">\n\t\t\t\t\t\t<div class=\"elementor-container elementor-column-gap-default\">\n\t\t\t\t\t<div class=\"elementor-column elementor-col-100 elementor-top-column elementor-element elementor-element-56fbac5a\" data-id=\"56fbac5a\" data-element_type=\"column\" data-e-type=\"column\">\n\t\t\t<div class=\"elementor-widget-wrap elementor-element-populated\">\n\t\t\t\t\t\t<div class=\"elementor-element elementor-element-914aba2 elementor-widget elementor-widget-heading\" data-id=\"914aba2\" data-element_type=\"widget\" data-e-type=\"widget\" data-widget_type=\"heading.default\">\n\t\t\t\t<div class=\"elementor-widget-container\">\n\t\t\t\t\t<h1 class=\"elementor-heading-title elementor-size-default\">Questions fr\u00e9quemment pos\u00e9es<\/h1>\t\t\t\t<\/div>\n\t\t\t\t<\/div>\n\t\t\t\t<div class=\"elementor-element elementor-element-6de231fc elementor-widget elementor-widget-text-editor\" data-id=\"6de231fc\" data-element_type=\"widget\" data-e-type=\"widget\" data-widget_type=\"text-editor.default\">\n\t\t\t\t<div class=\"elementor-widget-container\">\n\t\t\t\t\t\t\t\t\t<h2>EST-IL N\u00c9CESSAIRE D&rsquo;ENCADRER LE TABLEAU ?<\/h2>\n<p>Le tableau est livr\u00e9 enti\u00e8rement fini sur les c\u00f4t\u00e9s et <strong>pr\u00eat \u00e0 \u00eatre accroch\u00e9<\/strong>. Il n&rsquo;est pas n\u00e9cessaire de l&rsquo;<strong>encadrer<\/strong>.<\/p>\n<p><img decoding=\"async\" class=\"alignnone  wp-image-42517\" src=\"https:\/\/www.home-original.eu\/wp-content\/uploads\/2026\/04\/2015_01_19_2550-2019_03_19-07_27_36-UTC-300x284.jpg\" alt=\"\" width=\"193\" height=\"183\" srcset=\"https:\/\/www.home-original.eu\/wp-content\/uploads\/2026\/04\/2015_01_19_2550-2019_03_19-07_27_36-UTC-300x284.jpg 300w, https:\/\/www.home-original.eu\/wp-content\/uploads\/2026\/04\/2015_01_19_2550-2019_03_19-07_27_36-UTC-1024x969.jpg 1024w, https:\/\/www.home-original.eu\/wp-content\/uploads\/2026\/04\/2015_01_19_2550-2019_03_19-07_27_36-UTC-768x727.jpg 768w, https:\/\/www.home-original.eu\/wp-content\/uploads\/2026\/04\/2015_01_19_2550-2019_03_19-07_27_36-UTC-1536x1454.jpg 1536w, https:\/\/www.home-original.eu\/wp-content\/uploads\/2026\/04\/2015_01_19_2550-2019_03_19-07_27_36-UTC-2048x1938.jpg 2048w, https:\/\/www.home-original.eu\/wp-content\/uploads\/2026\/04\/2015_01_19_2550-2019_03_19-07_27_36-UTC-600x568.jpg 600w\" sizes=\"(max-width: 193px) 100vw, 193px\" \/>\u00a0 \u00a0 <img decoding=\"async\" class=\"alignnone  wp-image-42511\" src=\"https:\/\/www.home-original.eu\/wp-content\/uploads\/2026\/04\/2015_02_08_2565-2019_03_19-07_27_36-UTC-copia-300x277.jpg\" alt=\"\" width=\"193\" height=\"179\" srcset=\"https:\/\/www.home-original.eu\/wp-content\/uploads\/2026\/04\/2015_02_08_2565-2019_03_19-07_27_36-UTC-copia-300x277.jpg 300w, https:\/\/www.home-original.eu\/wp-content\/uploads\/2026\/04\/2015_02_08_2565-2019_03_19-07_27_36-UTC-copia-768x709.jpg 768w, https:\/\/www.home-original.eu\/wp-content\/uploads\/2026\/04\/2015_02_08_2565-2019_03_19-07_27_36-UTC-copia-600x554.jpg 600w, https:\/\/www.home-original.eu\/wp-content\/uploads\/2026\/04\/2015_02_08_2565-2019_03_19-07_27_36-UTC-copia.jpg 832w\" sizes=\"(max-width: 193px) 100vw, 193px\" \/>\u00a0 \u00a0 <img decoding=\"async\" class=\"alignnone  wp-image-42499\" src=\"https:\/\/www.home-original.eu\/wp-content\/uploads\/2026\/04\/2015_01_19_2549-2019_03_19-07_27_36-UTC-copia-300x287.jpg\" alt=\"\" width=\"194\" height=\"186\" srcset=\"https:\/\/www.home-original.eu\/wp-content\/uploads\/2026\/04\/2015_01_19_2549-2019_03_19-07_27_36-UTC-copia-300x287.jpg 300w, https:\/\/www.home-original.eu\/wp-content\/uploads\/2026\/04\/2015_01_19_2549-2019_03_19-07_27_36-UTC-copia-768x734.jpg 768w, https:\/\/www.home-original.eu\/wp-content\/uploads\/2026\/04\/2015_01_19_2549-2019_03_19-07_27_36-UTC-copia-600x573.jpg 600w, https:\/\/www.home-original.eu\/wp-content\/uploads\/2026\/04\/2015_01_19_2549-2019_03_19-07_27_36-UTC-copia.jpg 804w\" sizes=\"(max-width: 194px) 100vw, 194px\" \/><\/p>\n<div class=\"wp-block-image\">\u00a0<\/div>\n<p><iframe title=\"Nuestro proceso de embalado\" width=\"800\" height=\"450\" src=\"https:\/\/www.youtube.com\/embed\/6gG1A4vHpkY?feature=oembed\" frameborder=\"0\" allow=\"accelerometer; autoplay; clipboard-write; encrypted-media; gyroscope; picture-in-picture; web-share\" referrerpolicy=\"strict-origin-when-cross-origin\" allowfullscreen><\/iframe><\/p>\n<figure class=\"wp-block-image is-resized\"><\/figure>\n<h2>\u00a0<\/h2>\n<p>\u00a0<\/p>\n<h2>COMMENT PUIS-JE DONNER LES MESURES DE MON FUTUR TABLEAU ?<\/h2>\n<p>Vous pouvez envoyer un email \u00e0 notre courrier avec les <strong>mesures ext\u00e9rieures totales du cadre, Hauteur x Largeur et sp\u00e9cifier le mod\u00e8le<\/strong>. Vous recevrez alors un <strong>devis pour ce cadre avec cette taille<\/strong>. Si vous acceptez ce prix, le mod\u00e8le souhait\u00e9 avec la nouvelle taille sera affich\u00e9 sur le site web afin que vous puissiez l&rsquo;acheter. Vous pouvez \u00e9galement envoyer des photos de l&rsquo;endroit o\u00f9 le tableau ira : <a href=\"mailto:info@home-original.eu\"> <strong>info@home-original.eu<\/strong> <\/a>. <strong>Nous vous ferons un photomontage gratuit<\/strong> qui <strong>vous<\/strong> permettra de voir comment votre peinture s&rsquo;affichera r\u00e9ellement sur votre mur.<\/p>\n<h2>COMBIEN DE TEMPS FAUT-IL POUR LIVRER MA PEINTURE ?<\/h2>\n<p>Le d\u00e9lai de livraison \u00e0 l&rsquo;adresse fournie sera compris entre <strong>20 et 25 jours<\/strong>, sauf dans les <strong>\u00eeles Bal\u00e9ares et Canaries<\/strong>, o\u00f9 il sera de <strong>30 jours<\/strong>. Dans le reste de l&rsquo;<strong>Europe<\/strong>, ce sera entre <strong>25 et 30 jours<\/strong>.<\/p>\n<h2>LES IMAGES SONT PEINTES \u00c0 LA MAIN ?<\/h2>\n<p>Toutes nos peintures sont enti\u00e8rement r\u00e9alis\u00e9es \u00e0 la main par des <strong>peintres d&rsquo;art professionnels qui travaillent dans notre atelier<\/strong>. Nous commen\u00e7ons \u00e0 les fabriquer lorsque nos clients nous en font la demande. Notre processus artisanal garantit une qualit\u00e9 unique et in\u00e9gal\u00e9e sur le march\u00e9. C&rsquo;est une \u0153uvre n\u00e9e de la cr\u00e9ation et de la technique de nos artistes. <strong>Peint avec de l&rsquo;acrylique et des techniques mixtes<\/strong>. Elles sont peintes \u00e0 partir de l&rsquo;\u00e9chantillon d&rsquo;une autre \u0153uvre, qui est celle expos\u00e9e sur le site web, et lors de la peinture, il peut toujours y avoir de l\u00e9g\u00e8res diff\u00e9rences de couleur ou de texture car elles sont peintes \u00e0 la main. <strong>Aucun cadre n&rsquo;est exactement identique \u00e0 100 %, m\u00eame si le m\u00eame mod\u00e8le est utilis\u00e9 pour chaque cadre<\/strong>.<\/p>\n<h2>LES MAT\u00c9RIAUX ET LES PEINTRES SONT NATIONAUX ?<\/h2>\n<p><strong>Tous les mat\u00e9riaux utilis\u00e9s dans nos peintures sont nationaux<\/strong>. Des tissus en coton de qualit\u00e9 sup\u00e9rieure au cadre en bois issu de <strong>for\u00eats durables<\/strong>. Les peintures sont <strong>acryliques et fabriqu\u00e9es en Espagne<\/strong>. Avec tout cela, nous voulons faire conna\u00eetre notre engagement envers le produit national, qui \u00e9vite la m\u00e9diocrit\u00e9 et s&rsquo;engage \u00e0 fournir une qualit\u00e9 exceptionnelle. Ce ne sont pas des <strong>PHOTOGRAPHIES OU DES IMPRESSIONS !<\/strong>!!<\/p>\n<h2>LES PRIX INCLUENT-ILS LA TVA ET LES FRAIS DE PORT ?<\/h2>\n<p>Oui, nos prix <strong>comprennent la TVA<\/strong>, l&rsquo;<strong>emballage et l&rsquo;exp\u00e9dition vers l&rsquo;Espagne continentale uniquement<\/strong>. Les autres destinations ont un suppl\u00e9ment de frais de port et de taxes en fonction du pays ou de la zone de destination. Si vous avez des questions, veuillez nous contacter au email: ohoriginalcuadro@gmail.com<a href=\"tel:0034625679382\">\u00a0<\/a><\/p>\t\t\t\t\t\t\t\t<\/div>\n\t\t\t\t<\/div>\n\t\t\t\t\t<\/div>\n\t\t<\/div>\n\t\t\t\t\t<\/div>\n\t\t<\/section>\n\t\t\t\t<\/div>\n\t\t","protected":false},"excerpt":{"rendered":"<p>Questions fr\u00e9quemment pos\u00e9es EST-IL N\u00c9CESSAIRE D&rsquo;ENCADRER LE TABLEAU ? Le tableau est livr\u00e9 enti\u00e8rement fini sur les c\u00f4t\u00e9s et pr\u00eat \u00e0 \u00eatre accroch\u00e9. Il n&rsquo;est pas n\u00e9cessaire de l&rsquo;encadrer. \u00a0 \u00a0 \u00a0 \u00a0 \u00a0 \u00a0 \u00a0 COMMENT PUIS-JE DONNER LES MESURES DE MON FUTUR TABLEAU ? Vous pouvez envoyer un email \u00e0 notre courrier avec [&hellip;]<\/p>\n","protected":false},"author":1,"featured_media":0,"parent":0,"menu_order":0,"comment_status":"closed","ping_status":"closed","template":"","meta":{"footnotes":""},"class_list":["post-16231","page","type-page","status-publish","hentry"],"acf":[],"_links":{"self":[{"href":"https:\/\/www.home-original.eu\/fr\/wp-json\/wp\/v2\/pages\/16231","targetHints":{"allow":["GET"]}}],"collection":[{"href":"https:\/\/www.home-original.eu\/fr\/wp-json\/wp\/v2\/pages"}],"about":[{"href":"https:\/\/www.home-original.eu\/fr\/wp-json\/wp\/v2\/types\/page"}],"author":[{"embeddable":true,"href":"https:\/\/www.home-original.eu\/fr\/wp-json\/wp\/v2\/users\/1"}],"replies":[{"embeddable":true,"href":"https:\/\/www.home-original.eu\/fr\/wp-json\/wp\/v2\/comments?post=16231"}],"version-history":[{"count":5,"href":"https:\/\/www.home-original.eu\/fr\/wp-json\/wp\/v2\/pages\/16231\/revisions"}],"predecessor-version":[{"id":42548,"href":"https:\/\/www.home-original.eu\/fr\/wp-json\/wp\/v2\/pages\/16231\/revisions\/42548"}],"wp:attachment":[{"href":"https:\/\/www.home-original.eu\/fr\/wp-json\/wp\/v2\/media?parent=16231"}],"curies":[{"name":"wp","href":"https:\/\/api.w.org\/{rel}","templated":true}]}}