{"id":16555,"date":"2022-05-27T20:30:39","date_gmt":"2022-05-27T20:30:39","guid":{"rendered":"https:\/\/www.home-original.eu\/politique-de-confidentialite-2\/"},"modified":"2025-05-16T17:52:39","modified_gmt":"2025-05-16T17:52:39","slug":"politique-de-confidentialite-2","status":"publish","type":"page","link":"https:\/\/www.home-original.eu\/fr\/politique-de-confidentialite-2\/","title":{"rendered":"Politique de confidentialit\u00e9"},"content":{"rendered":"\t\t<div data-elementor-type=\"wp-page\" data-elementor-id=\"16555\" class=\"elementor elementor-16555 elementor-3116\" data-elementor-post-type=\"page\">\n\t\t\t\t\t\t<section class=\"elementor-section elementor-top-section elementor-element elementor-element-445e4ee5 elementor-section-full_width elementor-section-stretched elementor-section-height-default elementor-section-height-default\" data-id=\"445e4ee5\" data-element_type=\"section\" data-e-type=\"section\" data-settings=\"{&quot;stretch_section&quot;:&quot;section-stretched&quot;}\">\n\t\t\t\t\t\t<div class=\"elementor-container elementor-column-gap-default\">\n\t\t\t\t\t<div class=\"elementor-column elementor-col-100 elementor-top-column elementor-element elementor-element-53cb9eee\" data-id=\"53cb9eee\" data-element_type=\"column\" data-e-type=\"column\">\n\t\t\t<div class=\"elementor-widget-wrap elementor-element-populated\">\n\t\t\t\t\t\t<div class=\"elementor-element elementor-element-6a93f15 elementor-widget elementor-widget-heading\" data-id=\"6a93f15\" data-element_type=\"widget\" data-e-type=\"widget\" data-widget_type=\"heading.default\">\n\t\t\t\t<div class=\"elementor-widget-container\">\n\t\t\t\t\t<h1 class=\"elementor-heading-title elementor-size-default\">Politique de confidentialit\u00e9<\/h1>\t\t\t\t<\/div>\n\t\t\t\t<\/div>\n\t\t\t\t<div class=\"elementor-element elementor-element-11ab4b02 elementor-widget elementor-widget-text-editor\" data-id=\"11ab4b02\" data-element_type=\"widget\" data-e-type=\"widget\" data-widget_type=\"text-editor.default\">\n\t\t\t\t<div class=\"elementor-widget-container\">\n\t\t\t\t\t\t\t\t\t\n<h2>Protection des donn\u00e9es<\/h2>\n\n\n\n<p>Nous traitons les donn\u00e9es personnelles (nom, pr\u00e9nom, soci\u00e9t\u00e9, e-mail, adresse, num\u00e9ro de t\u00e9l\u00e9phone) fournies par le client conform\u00e9ment \u00e0 la loi espagnole sur la protection des donn\u00e9es (Ley Org\u00e1nica de Datos Personales).&nbsp;Les donn\u00e9es personnelles qui nous sont transmises par le client, si elles ne sont pas n\u00e9cessaires \u00e0 des fins de clarification, d&rsquo;\u00e9change ou de toute autre modification&nbsp;, ne seront utilis\u00e9es que pour l&rsquo;ex\u00e9cution de l&rsquo;achat et de la vente, ainsi que pour la livraison de&nbsp;la marchandise \u00e0 l&rsquo;adresse indiqu\u00e9e. L&rsquo;utilisation des donn\u00e9es des clients \u00e0 des fins de publicit\u00e9, de marketing ou pour l&rsquo;\u00e9laboration d&rsquo;offres requiert un consentement pr\u00e9alable. Ce consentement est volontaire, de sorte que vous pouvez retirer ce consentement \u00e0 tout moment.&nbsp;Les donn\u00e9es personnelles qui nous sont transmises par le client et qui sont n\u00e9cessaires \u00e0 l&rsquo;ex\u00e9cution des commandes ne seront utilis\u00e9es que pour l&rsquo;ex\u00e9cution des ventes. Les donn\u00e9es des utilisateurs sont individuelles et permettent d&rsquo;identifier les utilisateurs. Nous traitons ces donn\u00e9es \u00e0 des fins de publicit\u00e9, d&rsquo;\u00e9tude de march\u00e9, d&rsquo;am\u00e9lioration de nos services de t\u00e9l\u00e9communication et de cr\u00e9ation de profils d&rsquo;utilisateurs.<\/p>\n\n\n\n<h2>Qui g\u00e8re vos donn\u00e9es ?<\/h2>\n\n\n\n<p>OHORIGINAL BUSINESS SL<\/p>\n\n\n\n<p>B-65.578.650<\/p>\n\n\n\n<p>Pau Claris n\u00ba 50<\/p>\n\n\n\n<p>08100 Mollet del Vall\u00e9s ( Espagne )<\/p>\n\n\n\n<p>Inscrit au registre du commerce&nbsp;Protocole 2433<\/p>\n\n\n\n<h2>Droits des personnes concern\u00e9es<\/h2>\n\n\n\n<p>En tant que personne concern\u00e9e, vous disposez des droits suivants en vertu du r\u00e8glement g\u00e9n\u00e9ral sur la protection des donn\u00e9es (RGPD).&nbsp;En vertu de l&rsquo;article 15 du GDPR, le droit, conform\u00e9ment \u00e0 l&rsquo;art.&nbsp;La Commission obtiendra, comme il est indiqu\u00e9 dans ce document, des informations sur le&nbsp;sur les donn\u00e9es personnelles le concernant&nbsp;et que nous traitons;- conform\u00e9ment \u00e0 l&rsquo;art. 16 GDPR, le droit d&rsquo;obtenir&nbsp;sans retard excessif, la rectification ou&nbsp;pour compl\u00e9ter les donn\u00e9es personnelles que vous devez fournir.&nbsp;pr\u00e9occupation ;<\/p>\n\n\n\n<p>&nbsp;&#8211; conform\u00e9ment \u00e0 l&rsquo;art. 17 RGPD, le droit d&rsquo;obtenir&nbsp;l&rsquo;effacement des donn\u00e9es personnelles le concernant, \u00e0 condition que le traitement&nbsp;ne soit pas n\u00e9cessaire :<\/p>\n\n\n\n<p>&#8211; d&rsquo;exercer le droit \u00e0 la libert\u00e9 d&rsquo;expression&nbsp;et d&rsquo;information,<br>&#8211; pour l&rsquo;ex\u00e9cution d&rsquo;une obligation l\u00e9gale,<br>&#8211; pour des raisons d&rsquo;int\u00e9r\u00eat public, ou<br>&#8211; pour la formulation, l&rsquo;exercice ou la d\u00e9fense&nbsp;des revendications ;<\/p>\n\n\n\n<p><br>&#8211; Conform\u00e9ment \u00e0 l&rsquo;article 18 du GDPR, le droit d&rsquo;obtenir&nbsp;la limitation du traitement de vos donn\u00e9es&nbsp;lorsque<br>&#8211; la personne concern\u00e9e conteste l&rsquo;exactitude des donn\u00e9es,<br>&#8211; le traitement est illicite et vous vous opposez \u00e0 la suppression des donn\u00e9es sur&nbsp;,<br>&nbsp;&#8211; nous n&rsquo;avons plus besoin des donn\u00e9es mais vous&nbsp;en avez besoin pour la formulation, l&rsquo;exercice ou la d\u00e9fense de revendications ; ou<br>&#8211; vous vous \u00eates oppos\u00e9 au traitement conform\u00e9ment \u00e0&nbsp;en vertu de l&rsquo;article 21 du GDPR ;<\/p>\n\n\n\n<p><br>&#8211; conform\u00e9ment \u00e0 l&rsquo;art. 20 GDPR, le droit de recevoir&nbsp;les donn\u00e9es personnelles vous concernant et&nbsp;que vous nous avez fournies, dans un format structur\u00e9, couramment utilis\u00e9 et lisible par machine,&nbsp;ou de&nbsp;demander qu&rsquo;elles soient transf\u00e9r\u00e9es \u00e0 un autre contr\u00f4leur ;<\/p>\n\n\n\n<p><br>&#8211; conform\u00e9ment \u00e0 l&rsquo;article 77 du GDPR, le droit de soumettre&nbsp;une plainte \u00e0 une autorit\u00e9 de surveillance&nbsp;. En g\u00e9n\u00e9ral, vous pouvez contacter&nbsp;l&rsquo;autorit\u00e9 de surveillance de votre lieu de r\u00e9sidence ou de travail habituel&nbsp;ou le si\u00e8ge de notre soci\u00e9t\u00e9&nbsp;.<br>En Espagne :<\/p>\n\n\n\n<p><br>Agence espagnole de protection des donn\u00e9es<br>(AEPD)<br>Calle Jorge Juan, n\u00ba6<br>28001-Madrid<br>T\u00e9l\u00e9phone 901 100 099<br>https:\/\/www.aepd.es\/ \u00ab\u00a0<\/p>\n\n\n\n<p>Les utilisateurs ont et peuvent exercer leurs droits d&rsquo;acc\u00e8s, d&rsquo;annulation, de rectification et d&rsquo;opposition, ainsi que le droit d&rsquo;\u00eatre inform\u00e9s des transferts effectu\u00e9s en contactant&nbsp;Ohoriginal Business, SL&nbsp;par courrier \u00e9lectronique :&nbsp;&nbsp;&nbsp; info@home-original.eu&nbsp; &nbsp; ou&nbsp; &nbsp; ohoriginal@hotmail.es.<\/p>\n\n\n\n<p>Nous suivons les conversions gr\u00e2ce aux cookies des internautes.<\/p>\n\n\n\n<p>Les informations que nous traitons proviennent de :&nbsp;<\/p>\n\n\n\n<p>* Les donn\u00e9es que vous nous avez fournies directement<\/p>\n\n\n\n<p>Dans ces cas, les informations nous ont \u00e9t\u00e9 fournies directement par vous via des cartes de visite ou des formulaires sur nos supports num\u00e9riques, comme votre nom d&rsquo;utilisateur et votre mot de passe, votre pr\u00e9nom, votre nom, votre adresse \u00e9lectronique, votre adresse postale, votre num\u00e9ro de t\u00e9l\u00e9phone ou vos coordonn\u00e9es bancaires&nbsp;.<\/p>\n\n\n\n<p>* Donn\u00e9es collect\u00e9es automatiquement par le biais de cookies<\/p>\n\n\n\n<p>Nous collectons \u00e9galement des informations par le biais de cookies ou de dispositifs de stockage &nbsp;et de r\u00e9cup\u00e9ration de donn\u00e9es sur votre navigation et votre utilisation de notre plateforme, de nos comptes de m\u00e9dias sociaux et de nos e-mails.<\/p>\n\n\n\n<h2>Quels sont vos droits en ce qui concerne les informations que nous traitons ?<\/h2>\n\n\n\n<p>* Le droit de savoir si nous traitons vos donn\u00e9es personnelles, d&rsquo;y acc\u00e9der et de demander des informations sur la mani\u00e8re et les raisons pour lesquelles nous les traitons, et\/ou de demander une copie si vous le souhaitez.<\/p>\n\n\n\n<p>* Le droit de modifier les donn\u00e9es lorsqu&rsquo;elles sont incorrectes ou inexactes et de demander leur suppression lorsqu&rsquo;elles ne sont plus n\u00e9cessaires aux fins pour lesquelles elles ont \u00e9t\u00e9 collect\u00e9es.<\/p>\n\n\n\n<p>* Pour des raisons tenant \u00e0 votre situation particuli\u00e8re, vous avez le droit de vous opposer au traitement de vos donn\u00e9es et, le cas \u00e9ch\u00e9ant, de retirer votre consentement \u00e0 ce traitement.<\/p>\n\n\n\n<p>* Le droit de d\u00e9poser une plainte aupr\u00e8s de l&rsquo;Agence espagnole de protection des donn\u00e9es, comme indiqu\u00e9 sur son site web.<\/p>\n\n\n\n<p>En ce qui concerne les donn\u00e9es que nous collectons automatiquement par le biais de cookies, vous pouvez vous y opposer par le biais des options de contr\u00f4le de votre navigateur ou des param\u00e8tres de votre appareil mobile ou autre avec lequel vous acc\u00e9dez \u00e0 nos m\u00e9dias num\u00e9riques. Vous pouvez le consulter dans les navigateurs les plus courants en cliquant sur les liens suivants :&nbsp;<\/p>\n\n\n\n<p>* MOZILA FIREFOX<\/p>\n\n\n\n<p>* INTERNET EXPLORER<\/p>\n\n\n\n<p>* GOOGLE CROME<\/p>\n\n\n\n<p>&nbsp;* CHROME POUR ANDROID<\/p>\n\n\n\n<p>* SAFARI SUR MAC OS<\/p>\n\n\n\n<p>* MOZILA FIREFOX POUR ANDROID<\/p>\n\n\n\n<p>Vous pouvez exercer vos droits en envoyant un courriel \u00e0&nbsp; &nbsp;&nbsp;&nbsp; info@home-original.eu&nbsp; &nbsp;ou&nbsp;&nbsp;&nbsp; &nbsp; ohoriginal@hotmail.es.<\/p>\n\n\n\n<h2>Combien de temps conservons-nous les informations ?<\/h2>\n\n\n\n<p>Nous les conserverons aussi longtemps qu&rsquo;ils seront n\u00e9cessaires \u00e0 la fourniture du service demand\u00e9 ou que vous retirerez votre consentement. Dans ces cas, elles resteront bloqu\u00e9es et ne pourront pas \u00eatre utilis\u00e9es tant qu&rsquo;elles seront n\u00e9cessaires \u00e0 l&rsquo;exercice ou \u00e0 la d\u00e9fense. Apr\u00e8s cette p\u00e9riode, il sera supprim\u00e9.<\/p>\n\n\n\n<h2>O\u00f9 stockons-nous vos donn\u00e9es ?<\/h2>\n\n\n\n<p>Vos donn\u00e9es sont prot\u00e9g\u00e9es et ne seront pas divulgu\u00e9es \u00e0 qui que ce soit. Seul notre personnel qualifi\u00e9 y a acc\u00e8s.&nbsp;  Conna\u00eetre l&rsquo;intimit\u00e9 et les limites, le secret de la m\u00eame. L&rsquo;acc\u00e8s est \u00e9galement disponible pour les autorit\u00e9s judiciaires ou publiques \u00e0 leur demande.<\/p>\n\n\n\n<p>Afin de traiter les informations que nous obtenons automatiquement sur la fa\u00e7on dont vous utilisez nos services, nous utilisons des cookies de tiers, tels que les suivants :<\/p>\n\n\n\n<p>Les cookies de mesure, tels que Google Analytics, propri\u00e9t\u00e9 de Google, qui nous fournit un service de mesure et d&rsquo;analyse de l&rsquo;audience de notre site web.&nbsp;<\/p>\n\n\n\n<p>Les cookies sociaux, tels que ceux de Facebook, Instagram, etc.<\/p>\n\n\n\n<h2>Que sont les cookies ?<\/h2>\n\n\n\n<p>Un cookie est un \u00e9l\u00e9ment de donn\u00e9es, un fichier ou un dispositif de stockage et de r\u00e9cup\u00e9ration de donn\u00e9es, qui est t\u00e9l\u00e9charg\u00e9 sur votre appareil lorsque vous acc\u00e9dez \u00e0 notre site web, \u00e0 nos r\u00e9seaux sociaux ou que vous recevez un courriel. Ils permettent d&rsquo;obtenir des donn\u00e9es sur votre navigation sur les m\u00e9dias num\u00e9riques et sur l&rsquo;\u00e9quipement ou le dispositif \u00e0 partir duquel vous y acc\u00e9dez.<\/p>\n\n\n\n<p>Il existe diff\u00e9rents cookies :<\/p>\n\n\n\n<p>Cookies propres, tiers, de session, persistants, analytiques et\/ou de r\u00e9seaux sociaux.<\/p>\n\n\n\n<p>Chacun d&rsquo;eux cherche \u00e0 comprendre les habitudes et les informations relatives aux donn\u00e9es et \u00e0 l&rsquo;utilisation du web.<\/p>\n\n\n\n<h2>Bulletin \u00e9lectronique<\/h2>\n\n\n\n<p>\u00a0\u00bb Conform\u00e9ment \u00e0 l&rsquo;art. 6, paragraphe 1, alin\u00e9a 1, lettre a du GDPR, si&nbsp;a pr\u00e9alablement obtenu votre consentement expr\u00e8s \u00e0&nbsp;l&rsquo;inscription \u00e0 notre newsletter, nous utiliserons les&nbsp;donn\u00e9es n\u00e9cessaires \u00e0 cette fin pour envoyer&nbsp;des communications commerciales conform\u00e9ment \u00e0&nbsp;ce consentement&#8230; \u00ab\u00a0.<br>Vous pouvez vous d\u00e9sinscrire \u00e0 tout moment de la newsletter&nbsp;en envoyant un message \u00e0&nbsp;\u00e0 notre adresse de contact d\u00e9crite ici ou&nbsp;en cliquant sur le lien pr\u00e9vu \u00e0 cet effet \u00e0&nbsp;l&rsquo;e-mail avec cette communication commerciale.<br>Apr\u00e8s la d\u00e9sinscription, nous bloquons votre adresse e-mail&nbsp;pour cette utilisation, \u00e0 condition&nbsp;que vous n&rsquo;ayez pas donn\u00e9 votre consentement expr\u00e8s&nbsp;\u00e0 la poursuite de l&rsquo;utilisation des donn\u00e9es&nbsp;, ou nous nous r\u00e9servons le droit&nbsp;de continuer \u00e0 utiliser vos donn\u00e9es dans les cas&nbsp;autoris\u00e9s par la loi et dont nous vous informons&nbsp;dans ce document\u00a0\u00bb.<\/p>\n\t\t\t\t\t\t\t\t<\/div>\n\t\t\t\t<\/div>\n\t\t\t\t\t<\/div>\n\t\t<\/div>\n\t\t\t\t\t<\/div>\n\t\t<\/section>\n\t\t\t\t<\/div>\n\t\t","protected":false},"excerpt":{"rendered":"<p>Politique de confidentialit\u00e9 Protection des donn\u00e9es Nous traitons les donn\u00e9es personnelles (nom, pr\u00e9nom, soci\u00e9t\u00e9, e-mail, adresse, num\u00e9ro de t\u00e9l\u00e9phone) fournies par le client conform\u00e9ment \u00e0 la loi espagnole sur la protection des donn\u00e9es (Ley Org\u00e1nica de Datos Personales).&nbsp;Les donn\u00e9es personnelles qui nous sont transmises par le client, si elles ne sont pas n\u00e9cessaires \u00e0 des [&hellip;]<\/p>\n","protected":false},"author":1,"featured_media":0,"parent":0,"menu_order":0,"comment_status":"closed","ping_status":"closed","template":"","meta":{"footnotes":""},"class_list":["post-16555","page","type-page","status-publish","hentry"],"acf":[],"_links":{"self":[{"href":"https:\/\/www.home-original.eu\/fr\/wp-json\/wp\/v2\/pages\/16555","targetHints":{"allow":["GET"]}}],"collection":[{"href":"https:\/\/www.home-original.eu\/fr\/wp-json\/wp\/v2\/pages"}],"about":[{"href":"https:\/\/www.home-original.eu\/fr\/wp-json\/wp\/v2\/types\/page"}],"author":[{"embeddable":true,"href":"https:\/\/www.home-original.eu\/fr\/wp-json\/wp\/v2\/users\/1"}],"replies":[{"embeddable":true,"href":"https:\/\/www.home-original.eu\/fr\/wp-json\/wp\/v2\/comments?post=16555"}],"version-history":[{"count":1,"href":"https:\/\/www.home-original.eu\/fr\/wp-json\/wp\/v2\/pages\/16555\/revisions"}],"predecessor-version":[{"id":39488,"href":"https:\/\/www.home-original.eu\/fr\/wp-json\/wp\/v2\/pages\/16555\/revisions\/39488"}],"wp:attachment":[{"href":"https:\/\/www.home-original.eu\/fr\/wp-json\/wp\/v2\/media?parent=16555"}],"curies":[{"name":"wp","href":"https:\/\/api.w.org\/{rel}","templated":true}]}}