{"id":15344,"date":"2022-03-31T08:47:22","date_gmt":"2022-03-31T08:47:22","guid":{"rendered":"https:\/\/www.home-original.eu\/?post_type=product&#038;p=15344"},"modified":"2026-03-10T10:56:17","modified_gmt":"2026-03-10T10:56:17","slug":"tableau-playa-milide","status":"publish","type":"product","link":"https:\/\/www.home-original.eu\/fr\/product\/tableau-playa-milide\/","title":{"rendered":"Tableau Playa Milide"},"content":{"rendered":"<p style=\"line-height: 19.6px; margin: 0px 0px 6px; color: #474747; font-family: Questrial, sans-serif; font-size: 14px; background-color: #ffffff;\">Tableau originale peinte \u00e0 la main en acrylique sur toile, avec des textures. Beige, ocre et diff\u00e9rentes nuances de bleus gris\u00e2tres.<\/p>\n","protected":false},"excerpt":{"rendered":"<p>Tableau originale peinte \u00e0 la main en acrylique sur toile, avec des textures. Beige, ocre et diff\u00e9rentes nuances de bleus gris\u00e2tres.<\/p>\n","protected":false},"featured_media":15355,"comment_status":"open","ping_status":"closed","template":"","meta":[],"product_brand":[],"product_cat":[620,831,625,674,840,622],"product_tag":[],"class_list":{"0":"post-15344","1":"product","2":"type-product","3":"status-publish","4":"has-post-thumbnail","6":"product_cat-nouvelles","7":"product_cat-tableaux-beige-et-sable","8":"product_cat-tableaux-bleus","9":"product_cat-tableaux-de-marinas","10":"product_cat-tableaux-du-salon-fr","11":"product_cat-tableaux-nouvelles","12":"pa_height-x-width-x-thickness-90-x-90","13":"pa_height-x-width-x-thickness-110-x-110","14":"pa_height-x-width-x-thickness-120-x-80","15":"pa_height-x-width-x-thickness-150-x-80","16":"pa_height-x-width-x-thickness-130-x-100","18":"first","19":"instock","20":"taxable","21":"shipping-taxable","22":"purchasable","23":"product-type-variable"},"acf":[],"_links":{"self":[{"href":"https:\/\/www.home-original.eu\/fr\/wp-json\/wp\/v2\/product\/15344","targetHints":{"allow":["GET"]}}],"collection":[{"href":"https:\/\/www.home-original.eu\/fr\/wp-json\/wp\/v2\/product"}],"about":[{"href":"https:\/\/www.home-original.eu\/fr\/wp-json\/wp\/v2\/types\/product"}],"replies":[{"embeddable":true,"href":"https:\/\/www.home-original.eu\/fr\/wp-json\/wp\/v2\/comments?post=15344"}],"wp:featuredmedia":[{"embeddable":true,"href":"https:\/\/www.home-original.eu\/fr\/wp-json\/wp\/v2\/media\/15355"}],"wp:attachment":[{"href":"https:\/\/www.home-original.eu\/fr\/wp-json\/wp\/v2\/media?parent=15344"}],"wp:term":[{"taxonomy":"product_brand","embeddable":true,"href":"https:\/\/www.home-original.eu\/fr\/wp-json\/wp\/v2\/product_brand?post=15344"},{"taxonomy":"product_cat","embeddable":true,"href":"https:\/\/www.home-original.eu\/fr\/wp-json\/wp\/v2\/product_cat?post=15344"},{"taxonomy":"product_tag","embeddable":true,"href":"https:\/\/www.home-original.eu\/fr\/wp-json\/wp\/v2\/product_tag?post=15344"}],"curies":[{"name":"wp","href":"https:\/\/api.w.org\/{rel}","templated":true}]}}