{"id":15362,"date":"2022-08-31T08:54:09","date_gmt":"2022-08-31T08:54:09","guid":{"rendered":"https:\/\/www.home-original.eu\/?post_type=product&#038;p=15362"},"modified":"2023-03-13T12:21:36","modified_gmt":"2023-03-13T12:21:36","slug":"tableau-playa-de-rodas","status":"publish","type":"product","link":"https:\/\/www.home-original.eu\/fr\/product\/tableau-playa-de-rodas\/","title":{"rendered":"Tableau Playa de Rodas"},"content":{"rendered":"<p>Tableau originale peinte \u00e0 la main en acrylique sur toile, avec des textures. Couleurs : ocre, blanc et diff\u00e9rentes nuances de bleu gris\u00e2tre.<\/p>\n<p>Peint \u00e0 la main dans notre atelier par des artistes de Home-Original Fine Arts. Toile et peintures acryliques de haute qualit\u00e9. Le tableau est fabriqu\u00e9 en bois de pin about\u00e9 (sans pliage) avec un profil de 35&#215;30. Le bois provient de for\u00eats durables. La toile est une toile en coton polyester avec un appr\u00eat artisanal classique pour les beaux-arts, \u00e0 base de colle et de r\u00e9sines acryliques. La toile est mont\u00e9e sur le ch\u00e2ssis de mani\u00e8re totalement artisanale, ce qui permet d&rsquo;obtenir une finition sans \u00e9tirement.<\/p>\n","protected":false},"excerpt":{"rendered":"<p>Tableau originale peinte \u00e0 la main en acrylique sur toile, avec des textures. Ocre, blanc et diff\u00e9rentes nuances de bleu gris\u00e2tre.<\/p>\n","protected":false},"featured_media":15376,"comment_status":"open","ping_status":"closed","template":"","meta":[],"product_brand":[],"product_cat":[625,840],"product_tag":[],"class_list":{"0":"post-15362","1":"product","2":"type-product","3":"status-publish","4":"has-post-thumbnail","6":"product_cat-tableaux-bleus","7":"product_cat-tableaux-du-salon-fr","8":"pa_height-x-width-x-thickness-90-x-90","9":"pa_height-x-width-x-thickness-110-x-110","10":"pa_height-x-width-x-thickness-120-x-80","11":"pa_height-x-width-x-thickness-150-x-80","12":"pa_height-x-width-x-thickness-130-x-100","14":"first","15":"instock","16":"taxable","17":"shipping-taxable","18":"purchasable","19":"product-type-variable"},"acf":[],"_links":{"self":[{"href":"https:\/\/www.home-original.eu\/fr\/wp-json\/wp\/v2\/product\/15362","targetHints":{"allow":["GET"]}}],"collection":[{"href":"https:\/\/www.home-original.eu\/fr\/wp-json\/wp\/v2\/product"}],"about":[{"href":"https:\/\/www.home-original.eu\/fr\/wp-json\/wp\/v2\/types\/product"}],"replies":[{"embeddable":true,"href":"https:\/\/www.home-original.eu\/fr\/wp-json\/wp\/v2\/comments?post=15362"}],"wp:featuredmedia":[{"embeddable":true,"href":"https:\/\/www.home-original.eu\/fr\/wp-json\/wp\/v2\/media\/15376"}],"wp:attachment":[{"href":"https:\/\/www.home-original.eu\/fr\/wp-json\/wp\/v2\/media?parent=15362"}],"wp:term":[{"taxonomy":"product_brand","embeddable":true,"href":"https:\/\/www.home-original.eu\/fr\/wp-json\/wp\/v2\/product_brand?post=15362"},{"taxonomy":"product_cat","embeddable":true,"href":"https:\/\/www.home-original.eu\/fr\/wp-json\/wp\/v2\/product_cat?post=15362"},{"taxonomy":"product_tag","embeddable":true,"href":"https:\/\/www.home-original.eu\/fr\/wp-json\/wp\/v2\/product_tag?post=15362"}],"curies":[{"name":"wp","href":"https:\/\/api.w.org\/{rel}","templated":true}]}}