{"id":16733,"date":"2022-06-09T09:34:06","date_gmt":"2022-06-09T09:34:06","guid":{"rendered":"https:\/\/www.home-original.eu\/producto\/vous-voulez-les-encadrer\/"},"modified":"2026-03-13T12:56:49","modified_gmt":"2026-03-13T12:56:49","slug":"vous-les-encadrez","status":"publish","type":"product","link":"https:\/\/www.home-original.eu\/fr\/product\/vous-les-encadrez\/","title":{"rendered":"Voulez-vous les encadrer ?"},"content":{"rendered":"<p>Nos tableaux sont livr\u00e9es d\u00e9j\u00e0 mont\u00e9es et pr\u00eates \u00e0 \u00eatre accroch\u00e9es au mur, mais si vous voulez leur donner une touche de qualit\u00e9, encadrez-les avec nos profils de bo\u00eete am\u00e9ricaine en bois, au design tr\u00e8s moderne. Mesures : largeur lat\u00e9rale 5,5 cm et largeur frontale 0,8 cm.<\/p>\n","protected":false},"excerpt":{"rendered":"<p>Nos tableaux sont livr\u00e9es d\u00e9j\u00e0 mont\u00e9es et pr\u00eates \u00e0 \u00eatre accroch\u00e9es au mur, mais si vous voulez leur donner une touche de qualit\u00e9, encadrez-les avec nos profils de bo\u00eete am\u00e9ricaine en bois, au design tr\u00e8s moderne. Mesures : largeur lat\u00e9rale 5,5 cm et largeur frontale 0,8 cm.<\/p>\n","protected":false},"featured_media":40862,"comment_status":"open","ping_status":"closed","template":"","meta":[],"product_brand":[],"product_cat":[526],"product_tag":[],"class_list":{"0":"post-16733","1":"product","2":"type-product","3":"status-publish","4":"has-post-thumbnail","6":"product_cat-sin-categorizar-fr","7":"pa_colormarco-blanc","8":"pa_colormarco-gris-clair","9":"pa_colormarco-hetre","10":"pa_colormarco-moka-brown","11":"pa_colormarco-noir","12":"pa_height-x-width-x-thickness-90-x-90","13":"pa_height-x-width-x-thickness-110-x-110","14":"pa_height-x-width-x-thickness-120-x-80","15":"pa_height-x-width-x-thickness-150-x-80","16":"pa_height-x-width-x-thickness-130-x-100","17":"pa_medidasmarco-110x110-fr","18":"pa_medidasmarco-120x80-fr","19":"pa_medidasmarco-130x100-fr","20":"pa_medidasmarco-150x80-fr","21":"pa_medidasmarco-90x90-fr","23":"first","24":"instock","25":"taxable","26":"shipping-taxable","27":"purchasable","28":"product-type-variable"},"acf":[],"_links":{"self":[{"href":"https:\/\/www.home-original.eu\/fr\/wp-json\/wp\/v2\/product\/16733","targetHints":{"allow":["GET"]}}],"collection":[{"href":"https:\/\/www.home-original.eu\/fr\/wp-json\/wp\/v2\/product"}],"about":[{"href":"https:\/\/www.home-original.eu\/fr\/wp-json\/wp\/v2\/types\/product"}],"replies":[{"embeddable":true,"href":"https:\/\/www.home-original.eu\/fr\/wp-json\/wp\/v2\/comments?post=16733"}],"wp:featuredmedia":[{"embeddable":true,"href":"https:\/\/www.home-original.eu\/fr\/wp-json\/wp\/v2\/media\/40862"}],"wp:attachment":[{"href":"https:\/\/www.home-original.eu\/fr\/wp-json\/wp\/v2\/media?parent=16733"}],"wp:term":[{"taxonomy":"product_brand","embeddable":true,"href":"https:\/\/www.home-original.eu\/fr\/wp-json\/wp\/v2\/product_brand?post=16733"},{"taxonomy":"product_cat","embeddable":true,"href":"https:\/\/www.home-original.eu\/fr\/wp-json\/wp\/v2\/product_cat?post=16733"},{"taxonomy":"product_tag","embeddable":true,"href":"https:\/\/www.home-original.eu\/fr\/wp-json\/wp\/v2\/product_tag?post=16733"}],"curies":[{"name":"wp","href":"https:\/\/api.w.org\/{rel}","templated":true}]}}