{"id":1734,"date":"2022-05-18T14:55:11","date_gmt":"2022-05-18T14:55:11","guid":{"rendered":"http:\/\/www.homeoriginal.com.mialias.net\/?post_type=product&#038;p=1734"},"modified":"2023-03-23T11:43:07","modified_gmt":"2023-03-23T11:43:07","slug":"tableau-candela","status":"publish","type":"product","link":"https:\/\/www.home-original.eu\/fr\/product\/tableau-candela\/","title":{"rendered":"Tableau Candela"},"content":{"rendered":"<p>Le tableau Candela est un original peint \u00e0 la main en acrylique sur toile avec des textures. Les couleurs bleues et vertes sont m\u00e9lang\u00e9es en harmonie avec les gris, cr\u00e9ant un travail de COLLAGE sp\u00e9cial.<\/p>\n","protected":false},"excerpt":{"rendered":"<p>Tableau originale peinte \u00e0 la main en acrylique sur toile avec des textures. Les couleurs bleues et vertes sont m\u00e9lang\u00e9es en harmonie avec les gris, cr\u00e9ant un travail de COLLAGE sp\u00e9cial.<\/p>\n","protected":false},"featured_media":1736,"comment_status":"open","ping_status":"closed","template":"","meta":[],"product_brand":[],"product_cat":[627,840],"product_tag":[],"class_list":{"0":"post-1734","1":"product","2":"type-product","3":"status-publish","4":"has-post-thumbnail","6":"product_cat-tableaux-bleus-fr","7":"product_cat-tableaux-du-salon-fr","8":"pa_height-x-width-x-thickness-90-x-90","9":"pa_height-x-width-x-thickness-110-x-110","10":"pa_height-x-width-x-thickness-120-x-80","11":"pa_height-x-width-x-thickness-150-x-80","12":"pa_height-x-width-x-thickness-130-x-100","14":"first","15":"instock","16":"taxable","17":"shipping-taxable","18":"purchasable","19":"product-type-variable"},"acf":[],"_links":{"self":[{"href":"https:\/\/www.home-original.eu\/fr\/wp-json\/wp\/v2\/product\/1734","targetHints":{"allow":["GET"]}}],"collection":[{"href":"https:\/\/www.home-original.eu\/fr\/wp-json\/wp\/v2\/product"}],"about":[{"href":"https:\/\/www.home-original.eu\/fr\/wp-json\/wp\/v2\/types\/product"}],"replies":[{"embeddable":true,"href":"https:\/\/www.home-original.eu\/fr\/wp-json\/wp\/v2\/comments?post=1734"}],"wp:featuredmedia":[{"embeddable":true,"href":"https:\/\/www.home-original.eu\/fr\/wp-json\/wp\/v2\/media\/1736"}],"wp:attachment":[{"href":"https:\/\/www.home-original.eu\/fr\/wp-json\/wp\/v2\/media?parent=1734"}],"wp:term":[{"taxonomy":"product_brand","embeddable":true,"href":"https:\/\/www.home-original.eu\/fr\/wp-json\/wp\/v2\/product_brand?post=1734"},{"taxonomy":"product_cat","embeddable":true,"href":"https:\/\/www.home-original.eu\/fr\/wp-json\/wp\/v2\/product_cat?post=1734"},{"taxonomy":"product_tag","embeddable":true,"href":"https:\/\/www.home-original.eu\/fr\/wp-json\/wp\/v2\/product_tag?post=1734"}],"curies":[{"name":"wp","href":"https:\/\/api.w.org\/{rel}","templated":true}]}}