{"id":1737,"date":"2022-05-18T14:59:40","date_gmt":"2022-05-18T14:59:40","guid":{"rendered":"http:\/\/www.homeoriginal.com.mialias.net\/?post_type=product&#038;p=1737"},"modified":"2025-06-01T08:19:00","modified_gmt":"2025-06-01T08:19:00","slug":"tableau-paseo-verano-azul","status":"publish","type":"product","link":"https:\/\/www.home-original.eu\/fr\/product\/tableau-paseo-verano-azul\/","title":{"rendered":"Tableau Paseo Verano Azul"},"content":{"rendered":"<p>Le tableau Balade d&rsquo;\u00e9t\u00e9 bleue est une peinture originale r\u00e9alis\u00e9e \u00e0 l&rsquo;acrylique sur toile par des artistes plasticiens. Fond dans des tons gris clair, beiges tr\u00e8s doux&#8230; une \u0153uvre d&rsquo;une grande tranquillit\u00e9.<\/p>\n","protected":false},"excerpt":{"rendered":"<p>Le tableau Promenade d&rsquo;\u00e9t\u00e9 bleue est une peinture \u00e0 la main en acrylique sur toile. Enti\u00e8rement fini et mont\u00e9, pr\u00eat \u00e0 \u00eatre accroch\u00e9 sur votre mur.\u00a0\u00a0Fond dans des tons gris clair, beiges tr\u00e8s doux&#8230;une \u0153uvre d&rsquo;une grande tranquillit\u00e9.<\/p>\n","protected":false},"featured_media":1738,"comment_status":"open","ping_status":"closed","template":"","meta":[],"product_brand":[],"product_cat":[840],"product_tag":[],"class_list":{"0":"post-1737","1":"product","2":"type-product","3":"status-publish","4":"has-post-thumbnail","6":"product_cat-tableaux-du-salon-fr","7":"pa_height-x-width-x-thickness-90-x-90","8":"pa_height-x-width-x-thickness-110-x-110","9":"pa_height-x-width-x-thickness-120-x-80","10":"pa_height-x-width-x-thickness-150-x-80","11":"pa_height-x-width-x-thickness-130-x-100","13":"first","14":"instock","15":"taxable","16":"shipping-taxable","17":"purchasable","18":"product-type-variable"},"acf":[],"_links":{"self":[{"href":"https:\/\/www.home-original.eu\/fr\/wp-json\/wp\/v2\/product\/1737","targetHints":{"allow":["GET"]}}],"collection":[{"href":"https:\/\/www.home-original.eu\/fr\/wp-json\/wp\/v2\/product"}],"about":[{"href":"https:\/\/www.home-original.eu\/fr\/wp-json\/wp\/v2\/types\/product"}],"replies":[{"embeddable":true,"href":"https:\/\/www.home-original.eu\/fr\/wp-json\/wp\/v2\/comments?post=1737"}],"wp:featuredmedia":[{"embeddable":true,"href":"https:\/\/www.home-original.eu\/fr\/wp-json\/wp\/v2\/media\/1738"}],"wp:attachment":[{"href":"https:\/\/www.home-original.eu\/fr\/wp-json\/wp\/v2\/media?parent=1737"}],"wp:term":[{"taxonomy":"product_brand","embeddable":true,"href":"https:\/\/www.home-original.eu\/fr\/wp-json\/wp\/v2\/product_brand?post=1737"},{"taxonomy":"product_cat","embeddable":true,"href":"https:\/\/www.home-original.eu\/fr\/wp-json\/wp\/v2\/product_cat?post=1737"},{"taxonomy":"product_tag","embeddable":true,"href":"https:\/\/www.home-original.eu\/fr\/wp-json\/wp\/v2\/product_tag?post=1737"}],"curies":[{"name":"wp","href":"https:\/\/api.w.org\/{rel}","templated":true}]}}