{"id":1742,"date":"2022-05-18T15:06:21","date_gmt":"2022-05-18T15:06:21","guid":{"rendered":"http:\/\/www.homeoriginal.com.mialias.net\/?post_type=product&#038;p=1742"},"modified":"2023-03-23T11:43:06","modified_gmt":"2023-03-23T11:43:06","slug":"tableau-paseo-verano-3","status":"publish","type":"product","link":"https:\/\/www.home-original.eu\/fr\/product\/tableau-paseo-verano-3\/","title":{"rendered":"Tableau Paseo Verano 3"},"content":{"rendered":"<p style=\"line-height: 19.6px; margin: 0px 0px 6px; color: #474747; font-family: Questrial, sans-serif; font-size: 14px; background-color: #ffffff;\">Le tableau Promenade d&rsquo;\u00e9t\u00e9 3 est une peinture originale r\u00e9alis\u00e9e en acrylique sur toile par des artistes de Fine Art.\u00a0\u00a0Fond dans des tons gris clair, beiges tr\u00e8s doux&#8230;une \u0153uvre d&rsquo;une grande tranquillit\u00e9.<\/p>\n","protected":false},"excerpt":{"rendered":"<p>Le tableau promenade d&rsquo;\u00e9t\u00e9 3 est une peinture \u00e0 la main en acrylique sur toile. Enti\u00e8rement fini et mont\u00e9, pr\u00eat \u00e0 \u00eatre accroch\u00e9 sur votre mur.\u00a0\u00a0Fond dans des tons gris clair, beiges tr\u00e8s doux&#8230;une \u0153uvre d&rsquo;une grande tranquillit\u00e9.<\/p>\n","protected":false},"featured_media":1743,"comment_status":"open","ping_status":"closed","template":"","meta":[],"product_brand":[],"product_cat":[627,840],"product_tag":[],"class_list":{"0":"post-1742","1":"product","2":"type-product","3":"status-publish","4":"has-post-thumbnail","6":"product_cat-tableaux-bleus-fr","7":"product_cat-tableaux-du-salon-fr","8":"pa_height-x-width-x-thickness-90-x-90","9":"pa_height-x-width-x-thickness-110-x-110","10":"pa_height-x-width-x-thickness-120-x-80","11":"pa_height-x-width-x-thickness-150-x-80","12":"pa_height-x-width-x-thickness-130-x-100","14":"first","15":"instock","16":"taxable","17":"shipping-taxable","18":"purchasable","19":"product-type-variable"},"acf":[],"_links":{"self":[{"href":"https:\/\/www.home-original.eu\/fr\/wp-json\/wp\/v2\/product\/1742","targetHints":{"allow":["GET"]}}],"collection":[{"href":"https:\/\/www.home-original.eu\/fr\/wp-json\/wp\/v2\/product"}],"about":[{"href":"https:\/\/www.home-original.eu\/fr\/wp-json\/wp\/v2\/types\/product"}],"replies":[{"embeddable":true,"href":"https:\/\/www.home-original.eu\/fr\/wp-json\/wp\/v2\/comments?post=1742"}],"wp:featuredmedia":[{"embeddable":true,"href":"https:\/\/www.home-original.eu\/fr\/wp-json\/wp\/v2\/media\/1743"}],"wp:attachment":[{"href":"https:\/\/www.home-original.eu\/fr\/wp-json\/wp\/v2\/media?parent=1742"}],"wp:term":[{"taxonomy":"product_brand","embeddable":true,"href":"https:\/\/www.home-original.eu\/fr\/wp-json\/wp\/v2\/product_brand?post=1742"},{"taxonomy":"product_cat","embeddable":true,"href":"https:\/\/www.home-original.eu\/fr\/wp-json\/wp\/v2\/product_cat?post=1742"},{"taxonomy":"product_tag","embeddable":true,"href":"https:\/\/www.home-original.eu\/fr\/wp-json\/wp\/v2\/product_tag?post=1742"}],"curies":[{"name":"wp","href":"https:\/\/api.w.org\/{rel}","templated":true}]}}