{"id":2068,"date":"2022-06-28T16:43:08","date_gmt":"2022-06-28T16:43:08","guid":{"rendered":"http:\/\/www.homeoriginal.com.mialias.net\/producto\/cuadro-moma\/"},"modified":"2026-03-12T15:24:52","modified_gmt":"2026-03-12T15:24:52","slug":"tableau-moma","status":"publish","type":"product","link":"https:\/\/www.home-original.eu\/fr\/product\/tableau-moma\/","title":{"rendered":"Tableau Moma"},"content":{"rendered":"<p>Acrylique sur toile peinte \u00e0 la main. Enti\u00e8rement fini et mont\u00e9, pr\u00eat \u00e0 \u00eatre accroch\u00e9 sur votre mur, avec des textures. Rouge, orange, tons intenses et les parties inf\u00e9rieures sont vertes m\u00e9lang\u00e9es \u00e0 du sable et du beige.\u00a0Une \u0153uvre avec beaucoup de personnalit\u00e9 et de caract\u00e8re<\/p>\n<p>Peint \u00e0 la main dans notre atelier par des artistes de Home-Original Fine Arts. Tableaux et peintures acryliques de grande qualit\u00e9. Le cadre est en bois de pin about\u00e9 (sans pliage) avec un profil de 35&#215;30. Le tableau provient de for\u00eats durables. Le tableau est une toile en coton polyester avec un appr\u00eat artisanal classique pour les beaux-arts, \u00e0 base de colle et de r\u00e9sines acryliques. Le tableau est mont\u00e9e sur le ch\u00e2ssis de mani\u00e8re totalement artisanale, ce qui permet d&rsquo;obtenir une finition sans \u00e9tirement.<\/p>\n","protected":false},"excerpt":{"rendered":"<p>Acrylique sur toile peinte \u00e0 la main. Enti\u00e8rement fini et mont\u00e9, pr\u00eat \u00e0 \u00eatre accroch\u00e9 sur votre mur, avec des textures. Rouge, orange, tons intenses et les parties inf\u00e9rieures sont vertes m\u00e9lang\u00e9es \u00e0 du sable et du beige.\u00a0Une \u0153uvre avec beaucoup de personnalit\u00e9 et de caract\u00e8re.<\/p>\n<p>&nbsp;<\/p>\n<p>&nbsp;<\/p>\n","protected":false},"featured_media":4028,"comment_status":"open","ping_status":"closed","template":"","meta":[],"product_brand":[],"product_cat":[677,624,840,621,841,775,681,275,773],"product_tag":[],"class_list":{"0":"post-2068","1":"product","2":"type-product","3":"status-publish","4":"has-post-thumbnail","6":"product_cat-tableaux-colorees-fr","7":"product_cat-tableaux-du-salon","8":"product_cat-tableaux-du-salon-fr","9":"product_cat-tableaux-recommandes","10":"product_cat-tableaux-rouges-fr","11":"product_cat-tableaux-rouges","12":"product_cat-tableaux-vertes","13":"product_cat-couleurs","14":"product_cat-tableaux-oranges","15":"pa_height-x-width-x-thickness-90-x-90","16":"pa_height-x-width-x-thickness-110-x-110","17":"pa_height-x-width-x-thickness-120-x-80","18":"pa_height-x-width-x-thickness-150-x-80","19":"pa_height-x-width-x-thickness-130-x-100","21":"first","22":"instock","23":"featured","24":"taxable","25":"shipping-taxable","26":"purchasable","27":"product-type-variable"},"acf":[],"_links":{"self":[{"href":"https:\/\/www.home-original.eu\/fr\/wp-json\/wp\/v2\/product\/2068","targetHints":{"allow":["GET"]}}],"collection":[{"href":"https:\/\/www.home-original.eu\/fr\/wp-json\/wp\/v2\/product"}],"about":[{"href":"https:\/\/www.home-original.eu\/fr\/wp-json\/wp\/v2\/types\/product"}],"replies":[{"embeddable":true,"href":"https:\/\/www.home-original.eu\/fr\/wp-json\/wp\/v2\/comments?post=2068"}],"wp:featuredmedia":[{"embeddable":true,"href":"https:\/\/www.home-original.eu\/fr\/wp-json\/wp\/v2\/media\/4028"}],"wp:attachment":[{"href":"https:\/\/www.home-original.eu\/fr\/wp-json\/wp\/v2\/media?parent=2068"}],"wp:term":[{"taxonomy":"product_brand","embeddable":true,"href":"https:\/\/www.home-original.eu\/fr\/wp-json\/wp\/v2\/product_brand?post=2068"},{"taxonomy":"product_cat","embeddable":true,"href":"https:\/\/www.home-original.eu\/fr\/wp-json\/wp\/v2\/product_cat?post=2068"},{"taxonomy":"product_tag","embeddable":true,"href":"https:\/\/www.home-original.eu\/fr\/wp-json\/wp\/v2\/product_tag?post=2068"}],"curies":[{"name":"wp","href":"https:\/\/api.w.org\/{rel}","templated":true}]}}