{"id":2078,"date":"2021-09-29T14:13:08","date_gmt":"2021-09-29T14:13:08","guid":{"rendered":"http:\/\/www.homeoriginal.com.mialias.net\/producto\/cuadro-pamplona\/"},"modified":"2026-03-18T14:05:50","modified_gmt":"2026-03-18T14:05:50","slug":"tableau-pamplona","status":"publish","type":"product","link":"https:\/\/www.home-original.eu\/fr\/product\/tableau-pamplona\/","title":{"rendered":"Tableau Pamplona"},"content":{"rendered":"<p style=\"line-height: 19.6px; margin: 0px 0px 6px; color: #474747; font-family: Questrial, sans-serif; font-size: 14px; background-color: #ffffff;\">Peints \u00e0 la main dans notre atelier par des artistes des Beaux-Arts de Home-Original. Toile et peintures acryliques de grande qualit\u00e9. Le ch\u00e2ssis est en bois de pin de type finger (il ne se plie pas) avec un profil de 35&#215;30. Le bois provient de for\u00eats durables. La toile est mont\u00e9e sur le ch\u00e2ssis de mani\u00e8re enti\u00e8rement artisanale, ce qui permet d&rsquo;obtenir une finition sans d\u00e9formation.<\/p>\n","protected":false},"excerpt":{"rendered":"<p>Tableau peint \u00e0 la main \u00e0 l&rsquo;acrylique sur toile. Enti\u00e8rement fini et mont\u00e9, pr\u00eat \u00e0 \u00eatre accroch\u00e9 \u00e0 votre mur, avec des textures. Des nuances de gris se m\u00e9langent entre elles, avec des couleurs taupe et un grand trait noir, lui donnant du caract\u00e8re sur fond blanc. Touche finale en ocre&#8230;<\/p>\n","protected":false},"featured_media":4004,"comment_status":"open","ping_status":"closed","template":"","meta":[],"product_brand":[],"product_cat":[676,679,680,772],"product_tag":[],"class_list":{"0":"post-2078","1":"product","2":"type-product","3":"status-publish","4":"has-post-thumbnail","6":"product_cat-tableaux-beiges","7":"product_cat-tableaux-gris","8":"product_cat-tableaux-minimalistes","9":"product_cat-tableaux-noir-blanc","10":"pa_height-x-width-x-thickness-90-x-90","11":"pa_height-x-width-x-thickness-110-x-110","12":"pa_height-x-width-x-thickness-120-x-80","13":"pa_height-x-width-x-thickness-150-x-80","14":"pa_height-x-width-x-thickness-130-x-100","16":"first","17":"instock","18":"taxable","19":"shipping-taxable","20":"purchasable","21":"product-type-variable"},"acf":[],"_links":{"self":[{"href":"https:\/\/www.home-original.eu\/fr\/wp-json\/wp\/v2\/product\/2078","targetHints":{"allow":["GET"]}}],"collection":[{"href":"https:\/\/www.home-original.eu\/fr\/wp-json\/wp\/v2\/product"}],"about":[{"href":"https:\/\/www.home-original.eu\/fr\/wp-json\/wp\/v2\/types\/product"}],"replies":[{"embeddable":true,"href":"https:\/\/www.home-original.eu\/fr\/wp-json\/wp\/v2\/comments?post=2078"}],"wp:featuredmedia":[{"embeddable":true,"href":"https:\/\/www.home-original.eu\/fr\/wp-json\/wp\/v2\/media\/4004"}],"wp:attachment":[{"href":"https:\/\/www.home-original.eu\/fr\/wp-json\/wp\/v2\/media?parent=2078"}],"wp:term":[{"taxonomy":"product_brand","embeddable":true,"href":"https:\/\/www.home-original.eu\/fr\/wp-json\/wp\/v2\/product_brand?post=2078"},{"taxonomy":"product_cat","embeddable":true,"href":"https:\/\/www.home-original.eu\/fr\/wp-json\/wp\/v2\/product_cat?post=2078"},{"taxonomy":"product_tag","embeddable":true,"href":"https:\/\/www.home-original.eu\/fr\/wp-json\/wp\/v2\/product_tag?post=2078"}],"curies":[{"name":"wp","href":"https:\/\/api.w.org\/{rel}","templated":true}]}}