{"id":2085,"date":"2021-09-29T15:34:35","date_gmt":"2021-09-29T15:34:35","guid":{"rendered":"http:\/\/www.homeoriginal.com.mialias.net\/producto\/cuadro-hamburgo\/"},"modified":"2026-03-11T15:52:07","modified_gmt":"2026-03-11T15:52:07","slug":"tableau-hamburgo","status":"publish","type":"product","link":"https:\/\/www.home-original.eu\/fr\/product\/tableau-hamburgo\/","title":{"rendered":"Tableau Hamburgo"},"content":{"rendered":"<p style=\"line-height: 19.6px;margin: 0px 0px 6px;color: #474747;font-family: Questrial, sans-serif;font-size: 14px;background-color: #ffffff\">Cuadro original pintado a mano \u00a0en acr\u00edlico sobre lienzo, con\u00a0texturas. Fondo blanco roto, arena y\u00a0gris , con un toque de\u00a0marrones\u00a0y pinceladas color teja y turquesas. Obra hecha con t\u00e9cnica collage y mucha textura con\u00a0personalidad y car\u00e1cter<\/p>\n<p style=\"line-height: 19.6px;margin: 0px 0px 6px;color: #474747;font-family: Questrial, sans-serif;font-size: 14px;background-color: #ffffff\">Pintados a mano en nuestro Atelier por artistas de Bellas Artes de\u00a0Home-Original. Lienzo y pinturas acr\u00edlicas de gran calidad. El Bastidor es madera de pino tipo finger (no se dobla) con perfil de 35&#215;30. La madera proviene de bosques sostenibles. El Lienzo es Tela de algod\u00f3n poli\u00e9ster con imprimaci\u00f3n artesana cl\u00e1sica de bellas artes con base de cola y resinas acr\u00edlicas. El lienzo\u00a0 montado sobre el bastidor de forma totalmente artesana, consiguiendo un acabado sin destensados.<\/p>\n","protected":false},"excerpt":{"rendered":"<p><span style=\"color: #474747;font-family: Questrial, sans-serif;font-size: 14px;background-color: #ffffff\">Cuadro pintado a mano en acr\u00edlico sobre lienzo. Totalmente acabado y montado, listo para colgar en su pared, con\u00a0texturas. Fondo blanco roto, arena y\u00a0gris , con un toque de\u00a0marrones\u00a0y pinceladas color teja y turquesas. Obra hecha con t\u00e9cnica collage y mucha textura con\u00a0personalidad y car\u00e1cter\u00a0 \u00a0 \u00a0 \u00a0\u00a0<\/span><\/p>\n","protected":false},"featured_media":3988,"comment_status":"open","ping_status":"closed","template":"","meta":[],"product_brand":[],"product_cat":[842,621,841],"product_tag":[],"class_list":{"0":"post-2085","1":"product","2":"type-product","3":"status-publish","4":"has-post-thumbnail","6":"product_cat-tableaux-colorees","7":"product_cat-tableaux-recommandes","8":"product_cat-tableaux-rouges-fr","9":"pa_height-x-width-x-thickness-90-x-90","10":"pa_height-x-width-x-thickness-110-x-110","11":"pa_height-x-width-x-thickness-120-x-80","12":"pa_height-x-width-x-thickness-150-x-80","13":"pa_height-x-width-x-thickness-130-x-100","15":"first","16":"instock","17":"taxable","18":"shipping-taxable","19":"purchasable","20":"product-type-variable"},"acf":[],"_links":{"self":[{"href":"https:\/\/www.home-original.eu\/fr\/wp-json\/wp\/v2\/product\/2085","targetHints":{"allow":["GET"]}}],"collection":[{"href":"https:\/\/www.home-original.eu\/fr\/wp-json\/wp\/v2\/product"}],"about":[{"href":"https:\/\/www.home-original.eu\/fr\/wp-json\/wp\/v2\/types\/product"}],"replies":[{"embeddable":true,"href":"https:\/\/www.home-original.eu\/fr\/wp-json\/wp\/v2\/comments?post=2085"}],"wp:featuredmedia":[{"embeddable":true,"href":"https:\/\/www.home-original.eu\/fr\/wp-json\/wp\/v2\/media\/3988"}],"wp:attachment":[{"href":"https:\/\/www.home-original.eu\/fr\/wp-json\/wp\/v2\/media?parent=2085"}],"wp:term":[{"taxonomy":"product_brand","embeddable":true,"href":"https:\/\/www.home-original.eu\/fr\/wp-json\/wp\/v2\/product_brand?post=2085"},{"taxonomy":"product_cat","embeddable":true,"href":"https:\/\/www.home-original.eu\/fr\/wp-json\/wp\/v2\/product_cat?post=2085"},{"taxonomy":"product_tag","embeddable":true,"href":"https:\/\/www.home-original.eu\/fr\/wp-json\/wp\/v2\/product_tag?post=2085"}],"curies":[{"name":"wp","href":"https:\/\/api.w.org\/{rel}","templated":true}]}}