{"id":2114,"date":"2021-10-06T10:02:49","date_gmt":"2021-10-06T10:02:49","guid":{"rendered":"http:\/\/www.homeoriginal.com.mialias.net\/producto\/cuadro-cairo\/"},"modified":"2023-03-23T11:44:58","modified_gmt":"2023-03-23T11:44:58","slug":"tableau-cairo","status":"publish","type":"product","link":"https:\/\/www.home-original.eu\/fr\/product\/tableau-cairo\/","title":{"rendered":"Tableau Cairo"},"content":{"rendered":"<p style=\"line-height: 19.6px;margin: 0px 0px 6px;color: #474747;font-family: Questrial, sans-serif;font-size: 14px;background-color: #ffffff\">Cuadro original pintado a mano \u00a0en acr\u00edlico sobre lienzo, con texturas. Tonalidades Marrones en gamas, pan de oro. Fondo beige y blanco<\/p>\n<p style=\"line-height: 19.6px;margin: 0px 0px 6px;color: #474747;font-family: Questrial, sans-serif;font-size: 14px;background-color: #ffffff\">Pintados a mano en nuestro Atelier por artistas de Bellas Artes de\u00a0Home-Original. Lienzo y pinturas acr\u00edlicas de gran calidad. El Bastidor es madera de pino tipo finger (no se dobla) con perfil de 35&#215;30. La madera proviene de bosques sostenibles. El Lienzo es Tela de algod\u00f3n poli\u00e9ster con imprimaci\u00f3n artesana cl\u00e1sica de bellas artes con base de cola y resinas acr\u00edlicas. El lienzo\u00a0 montado sobre el bastidor de forma totalmente artesana, consiguiendo un acabado sin destensados.<\/p>\n","protected":false},"excerpt":{"rendered":"<p><span style=\"color: #474747;font-family: Questrial, sans-serif;font-size: 14px;background-color: #ffffff\">Cuadro pintado a mano en acr\u00edlico sobre lienzo. Totalmente acabado y montado, listo para colgar en su pared, con texturas. Tonalidades Marrones en gamas, pan de oro. Fondo beige y blanco<\/span><\/p>\n","protected":false},"featured_media":3926,"comment_status":"open","ping_status":"closed","template":"","meta":[],"product_brand":[],"product_cat":[676,62,63,55,774,66,65,70,80,81],"product_tag":[],"class_list":{"0":"post-2114","1":"product","2":"type-product","3":"status-publish","4":"has-post-thumbnail","6":"product_cat-tableaux-beiges","7":"product_cat-cuadros-dormitorio","8":"product_cat-cuadros-marrones","9":"product_cat-cuadros-recomendados","10":"product_cat-tableaux-dor","11":"product_cat-cuadros-beiges","12":"product_cat-cuadros-salon","13":"product_cat-cuadros-pasillo","14":"product_cat-cuadros-beige-y-arena","15":"product_cat-cuadros-dorados","16":"pa_height-x-width-x-thickness-90-x-90","17":"pa_height-x-width-x-thickness-110-x-110","18":"pa_height-x-width-x-thickness-120-x-80","19":"pa_height-x-width-x-thickness-150-x-80","20":"pa_height-x-width-x-thickness-130-x-100","22":"first","23":"instock","24":"taxable","25":"shipping-taxable","26":"purchasable","27":"product-type-variable"},"acf":[],"_links":{"self":[{"href":"https:\/\/www.home-original.eu\/fr\/wp-json\/wp\/v2\/product\/2114","targetHints":{"allow":["GET"]}}],"collection":[{"href":"https:\/\/www.home-original.eu\/fr\/wp-json\/wp\/v2\/product"}],"about":[{"href":"https:\/\/www.home-original.eu\/fr\/wp-json\/wp\/v2\/types\/product"}],"replies":[{"embeddable":true,"href":"https:\/\/www.home-original.eu\/fr\/wp-json\/wp\/v2\/comments?post=2114"}],"wp:featuredmedia":[{"embeddable":true,"href":"https:\/\/www.home-original.eu\/fr\/wp-json\/wp\/v2\/media\/3926"}],"wp:attachment":[{"href":"https:\/\/www.home-original.eu\/fr\/wp-json\/wp\/v2\/media?parent=2114"}],"wp:term":[{"taxonomy":"product_brand","embeddable":true,"href":"https:\/\/www.home-original.eu\/fr\/wp-json\/wp\/v2\/product_brand?post=2114"},{"taxonomy":"product_cat","embeddable":true,"href":"https:\/\/www.home-original.eu\/fr\/wp-json\/wp\/v2\/product_cat?post=2114"},{"taxonomy":"product_tag","embeddable":true,"href":"https:\/\/www.home-original.eu\/fr\/wp-json\/wp\/v2\/product_tag?post=2114"}],"curies":[{"name":"wp","href":"https:\/\/api.w.org\/{rel}","templated":true}]}}