{"id":2117,"date":"2022-06-06T10:19:05","date_gmt":"2022-06-06T10:19:05","guid":{"rendered":"http:\/\/www.homeoriginal.com.mialias.net\/producto\/cuadro-inflexion\/"},"modified":"2025-06-01T08:15:12","modified_gmt":"2025-06-01T08:15:12","slug":"tableau-inflexion","status":"publish","type":"product","link":"https:\/\/www.home-original.eu\/fr\/product\/tableau-inflexion\/","title":{"rendered":"Tableau  Inflexi\u00f3n"},"content":{"rendered":"<p style=\"line-height: 19.6px; margin: 0px 0px 6px; color: #474747; font-family: Questrial, sans-serif; font-size: 14px; background-color: #ffffff;\">Tableau originale peinte \u00e0 la main en acrylique sur toile, avec des textures. Des nuances de beige, de blanc cass\u00e9, de bruns et de tons sableux, avec beaucoup de texture et peintes au couteau \u00e0 palette.\u00a0La bande centrale en brun fonc\u00e9<\/p>\n","protected":false},"excerpt":{"rendered":"<p>Acrylique sur toile peinte \u00e0 la main. Enti\u00e8rement fini et mont\u00e9, pr\u00eat \u00e0 \u00eatre accroch\u00e9 sur votre mur, avec des textures. Des tons beige, blanc cass\u00e9, brun et sable, avec beaucoup de texture et peints au couteau \u00e0 palette.\u00a0La bande centrale en brun fonc\u00e9<\/p>\n","protected":false},"featured_media":3919,"comment_status":"open","ping_status":"closed","template":"","meta":[],"product_brand":[],"product_cat":[840],"product_tag":[],"class_list":{"0":"post-2117","1":"product","2":"type-product","3":"status-publish","4":"has-post-thumbnail","6":"product_cat-tableaux-du-salon-fr","7":"pa_height-x-width-x-thickness-90-x-90","8":"pa_height-x-width-x-thickness-110-x-110","9":"pa_height-x-width-x-thickness-120-x-80","10":"pa_height-x-width-x-thickness-150-x-80","11":"pa_height-x-width-x-thickness-130-x-100","13":"first","14":"instock","15":"taxable","16":"shipping-taxable","17":"purchasable","18":"product-type-variable"},"acf":[],"_links":{"self":[{"href":"https:\/\/www.home-original.eu\/fr\/wp-json\/wp\/v2\/product\/2117","targetHints":{"allow":["GET"]}}],"collection":[{"href":"https:\/\/www.home-original.eu\/fr\/wp-json\/wp\/v2\/product"}],"about":[{"href":"https:\/\/www.home-original.eu\/fr\/wp-json\/wp\/v2\/types\/product"}],"replies":[{"embeddable":true,"href":"https:\/\/www.home-original.eu\/fr\/wp-json\/wp\/v2\/comments?post=2117"}],"wp:featuredmedia":[{"embeddable":true,"href":"https:\/\/www.home-original.eu\/fr\/wp-json\/wp\/v2\/media\/3919"}],"wp:attachment":[{"href":"https:\/\/www.home-original.eu\/fr\/wp-json\/wp\/v2\/media?parent=2117"}],"wp:term":[{"taxonomy":"product_brand","embeddable":true,"href":"https:\/\/www.home-original.eu\/fr\/wp-json\/wp\/v2\/product_brand?post=2117"},{"taxonomy":"product_cat","embeddable":true,"href":"https:\/\/www.home-original.eu\/fr\/wp-json\/wp\/v2\/product_cat?post=2117"},{"taxonomy":"product_tag","embeddable":true,"href":"https:\/\/www.home-original.eu\/fr\/wp-json\/wp\/v2\/product_tag?post=2117"}],"curies":[{"name":"wp","href":"https:\/\/api.w.org\/{rel}","templated":true}]}}