{"id":2118,"date":"2021-10-06T10:23:36","date_gmt":"2021-10-06T10:23:36","guid":{"rendered":"http:\/\/www.homeoriginal.com.mialias.net\/producto\/cuadro-manila\/"},"modified":"2025-05-26T14:04:23","modified_gmt":"2025-05-26T14:04:23","slug":"tableau-manila","status":"publish","type":"product","link":"https:\/\/www.home-original.eu\/fr\/product\/tableau-manila\/","title":{"rendered":"Tableau  Manila"},"content":{"rendered":"<p>Peinture acrylique sur toile peinte \u00e0 la main. Enti\u00e8rement finie et mont\u00e9e, pr\u00eate \u00e0 \u00eatre accroch\u00e9e au mur, avec des textures. Nuances de beige, d&rsquo;ocre, de brun&#8230; La bande centrale avec des d\u00e9tails en feuille d&rsquo;or et des bruns avec beaucoup de texture.<\/p>\n<p>Peint \u00e0 la main dans notre atelier par les artistes de Home-Original Fine Arts. Toile et peinture acrylique de haute qualit\u00e9. Le cadre est en bois de pin about\u00e9 (pas de pliage) avec un profil de 35&#215;30. Le bois provient de for\u00eats durables. La toile est en coton polyester avec un appr\u00eat classique \u00e0 base de colle et de r\u00e9sines acryliques. La toile est mont\u00e9e sur le ch\u00e2ssis de mani\u00e8re enti\u00e8rement artisanale, ce qui permet d&rsquo;obtenir une finition sans \u00e9tirement.<\/p>\n","protected":false},"excerpt":{"rendered":"<p>Peinture acrylique sur toile peinte \u00e0 la main. Enti\u00e8rement finie et mont\u00e9e, pr\u00eate \u00e0 \u00eatre accroch\u00e9e au mur, avec des textures. Beige, ocre, tons bruns&#8230; La bande centrale avec des d\u00e9tails en feuille d&rsquo;or et des bruns avec beaucoup de texture.<\/p>\n","protected":false},"featured_media":3917,"comment_status":"open","ping_status":"closed","template":"","meta":[],"product_brand":[],"product_cat":[16],"product_tag":[],"class_list":{"0":"post-2118","1":"product","2":"type-product","3":"status-publish","4":"has-post-thumbnail","6":"product_cat-sin-categorizar","7":"pa_height-x-width-x-thickness-90-x-90","8":"pa_height-x-width-x-thickness-110-x-110","9":"pa_height-x-width-x-thickness-120-x-80","10":"pa_height-x-width-x-thickness-150-x-80","11":"pa_height-x-width-x-thickness-130-x-100","13":"first","14":"instock","15":"taxable","16":"shipping-taxable","17":"purchasable","18":"product-type-variable"},"acf":[],"_links":{"self":[{"href":"https:\/\/www.home-original.eu\/fr\/wp-json\/wp\/v2\/product\/2118","targetHints":{"allow":["GET"]}}],"collection":[{"href":"https:\/\/www.home-original.eu\/fr\/wp-json\/wp\/v2\/product"}],"about":[{"href":"https:\/\/www.home-original.eu\/fr\/wp-json\/wp\/v2\/types\/product"}],"replies":[{"embeddable":true,"href":"https:\/\/www.home-original.eu\/fr\/wp-json\/wp\/v2\/comments?post=2118"}],"wp:featuredmedia":[{"embeddable":true,"href":"https:\/\/www.home-original.eu\/fr\/wp-json\/wp\/v2\/media\/3917"}],"wp:attachment":[{"href":"https:\/\/www.home-original.eu\/fr\/wp-json\/wp\/v2\/media?parent=2118"}],"wp:term":[{"taxonomy":"product_brand","embeddable":true,"href":"https:\/\/www.home-original.eu\/fr\/wp-json\/wp\/v2\/product_brand?post=2118"},{"taxonomy":"product_cat","embeddable":true,"href":"https:\/\/www.home-original.eu\/fr\/wp-json\/wp\/v2\/product_cat?post=2118"},{"taxonomy":"product_tag","embeddable":true,"href":"https:\/\/www.home-original.eu\/fr\/wp-json\/wp\/v2\/product_tag?post=2118"}],"curies":[{"name":"wp","href":"https:\/\/api.w.org\/{rel}","templated":true}]}}