{"id":2122,"date":"2021-10-06T10:34:45","date_gmt":"2021-10-06T10:34:45","guid":{"rendered":"http:\/\/www.homeoriginal.com.mialias.net\/producto\/cuadro-america-2020\/"},"modified":"2023-03-23T11:44:54","modified_gmt":"2023-03-23T11:44:54","slug":"tableau-america-2020","status":"publish","type":"product","link":"https:\/\/www.home-original.eu\/fr\/product\/tableau-america-2020\/","title":{"rendered":"Tableau  Am\u00e9rica 2020"},"content":{"rendered":"<p style=\"line-height: 19.6px;margin: 0px 0px 6px;color: #474747;font-family: Questrial, sans-serif;font-size: 14px;background-color: #ffffff\">Cuadro pintado a mano en acr\u00edlico sobre lienzo. Totalmente acabado y montado, listo para colgar en su pared, con texturas. Tonalidades\u00a0arenas, topo, beige y un ligero\u00a0toque de marr\u00f3n oscuro aclarando hacia arriba con arenas.\u00a0Cuadro con ligera textura. Lleva pan de oro<\/p>\n<p style=\"line-height: 19.6px;margin: 0px 0px 6px;color: #474747;font-family: Questrial, sans-serif;font-size: 14px;background-color: #ffffff\">Pintados a mano en nuestro Atelier por artistas de Bellas Artes de\u00a0Home-Original. Lienzo y pinturas acr\u00edlicas de gran calidad. El Bastidor es madera de pino tipo finger (no se dobla) con perfil de 35&#215;30. La madera proviene de bosques sostenibles. El Lienzo es Tela de algod\u00f3n poli\u00e9ster con imprimaci\u00f3n artesana cl\u00e1sica de bellas artes con base de cola y resinas acr\u00edlicas. El lienzo\u00a0 montado sobre el bastidor de forma totalmente artesana, consiguiendo un acabado sin destensados.<\/p>\n","protected":false},"excerpt":{"rendered":"<p><span style=\"color: #474747;font-family: Questrial, sans-serif;font-size: 14px;background-color: #ffffff\">Cuadro pintado a mano en acr\u00edlico sobre lienzo. Totalmente acabado y montado, listo para colgar en su pared, con texturas. Tonalidades\u00a0arenas, topo, beige y un ligero\u00a0toque de marr\u00f3n oscuro aclarando hacia arriba con arenas.\u00a0Cuadro con ligera textura. Lleva pan de oro<\/span><\/p>\n","protected":false},"featured_media":3908,"comment_status":"open","ping_status":"closed","template":"","meta":[],"product_brand":[],"product_cat":[620,676,623,62,55,66,65,56,70,80,81],"product_tag":[],"class_list":{"0":"post-2122","1":"product","2":"type-product","3":"status-publish","4":"has-post-thumbnail","6":"product_cat-nouvelles","7":"product_cat-tableaux-beiges","8":"product_cat-tableaux-de-chambre","9":"product_cat-cuadros-dormitorio","10":"product_cat-cuadros-recomendados","11":"product_cat-cuadros-beiges","12":"product_cat-cuadros-salon","13":"product_cat-cuadros-novedades","14":"product_cat-cuadros-pasillo","15":"product_cat-cuadros-beige-y-arena","16":"product_cat-cuadros-dorados","17":"pa_height-x-width-x-thickness-90-x-90","18":"pa_height-x-width-x-thickness-110-x-110","19":"pa_height-x-width-x-thickness-120-x-80","20":"pa_height-x-width-x-thickness-150-x-80","21":"pa_height-x-width-x-thickness-130-x-100","23":"first","24":"instock","25":"taxable","26":"shipping-taxable","27":"purchasable","28":"product-type-variable"},"acf":[],"_links":{"self":[{"href":"https:\/\/www.home-original.eu\/fr\/wp-json\/wp\/v2\/product\/2122","targetHints":{"allow":["GET"]}}],"collection":[{"href":"https:\/\/www.home-original.eu\/fr\/wp-json\/wp\/v2\/product"}],"about":[{"href":"https:\/\/www.home-original.eu\/fr\/wp-json\/wp\/v2\/types\/product"}],"replies":[{"embeddable":true,"href":"https:\/\/www.home-original.eu\/fr\/wp-json\/wp\/v2\/comments?post=2122"}],"wp:featuredmedia":[{"embeddable":true,"href":"https:\/\/www.home-original.eu\/fr\/wp-json\/wp\/v2\/media\/3908"}],"wp:attachment":[{"href":"https:\/\/www.home-original.eu\/fr\/wp-json\/wp\/v2\/media?parent=2122"}],"wp:term":[{"taxonomy":"product_brand","embeddable":true,"href":"https:\/\/www.home-original.eu\/fr\/wp-json\/wp\/v2\/product_brand?post=2122"},{"taxonomy":"product_cat","embeddable":true,"href":"https:\/\/www.home-original.eu\/fr\/wp-json\/wp\/v2\/product_cat?post=2122"},{"taxonomy":"product_tag","embeddable":true,"href":"https:\/\/www.home-original.eu\/fr\/wp-json\/wp\/v2\/product_tag?post=2122"}],"curies":[{"name":"wp","href":"https:\/\/api.w.org\/{rel}","templated":true}]}}