{"id":2158,"date":"2021-10-06T16:45:14","date_gmt":"2021-10-06T16:45:14","guid":{"rendered":"http:\/\/www.homeoriginal.com.mialias.net\/producto\/cuadro-prado-lila-2\/"},"modified":"2025-05-26T14:11:12","modified_gmt":"2025-05-26T14:11:12","slug":"tableau-prado-lila-2","status":"publish","type":"product","link":"https:\/\/www.home-original.eu\/fr\/product\/tableau-prado-lila-2\/","title":{"rendered":"Tableau Prado Lila"},"content":{"rendered":"<p>Tableau original peint \u00e0 la main \u00e0 l&rsquo;acrylique sur toile, avec des textures. Les couleurs pr\u00e9dominent dans leur vari\u00e9t\u00e9, dans des tons pastel, formant une composition audacieuse.<\/p>\n<p>Peint \u00e0 la main dans notre atelier par les artistes de Home-Original Fine Arts. Toile et peintures acryliques de haute qualit\u00e9. Le cadre est en bois de pin about\u00e9 (pas de pliage) avec un profil de 35&#215;30. Le bois provient de for\u00eats durables. La toile est en coton polyester avec un appr\u00eat classique \u00e0 base de colle et de r\u00e9sines acryliques. La toile est mont\u00e9e sur le ch\u00e2ssis de mani\u00e8re enti\u00e8rement artisanale, ce qui permet d&rsquo;obtenir une finition sans \u00e9tirement.<\/p>\n","protected":false},"excerpt":{"rendered":"<p>Tableau original peint \u00e0 la main \u00e0 l&rsquo;acrylique sur toile, avec des textures. Les couleurs pr\u00e9dominent dans leur vari\u00e9t\u00e9, dans des tons pastel, formant une composition audacieuse.<\/p>\n<p>&nbsp;<\/p>\n","protected":false},"featured_media":3816,"comment_status":"open","ping_status":"closed","template":"","meta":[],"product_brand":[],"product_cat":[773],"product_tag":[],"class_list":{"0":"post-2158","1":"product","2":"type-product","3":"status-publish","4":"has-post-thumbnail","6":"product_cat-tableaux-oranges","7":"pa_height-x-width-x-thickness-90-x-90","8":"pa_height-x-width-x-thickness-110-x-110","9":"pa_height-x-width-x-thickness-120-x-80","10":"pa_height-x-width-x-thickness-150-x-80","11":"pa_height-x-width-x-thickness-130-x-100","13":"first","14":"instock","15":"taxable","16":"shipping-taxable","17":"purchasable","18":"product-type-variable"},"acf":[],"_links":{"self":[{"href":"https:\/\/www.home-original.eu\/fr\/wp-json\/wp\/v2\/product\/2158","targetHints":{"allow":["GET"]}}],"collection":[{"href":"https:\/\/www.home-original.eu\/fr\/wp-json\/wp\/v2\/product"}],"about":[{"href":"https:\/\/www.home-original.eu\/fr\/wp-json\/wp\/v2\/types\/product"}],"replies":[{"embeddable":true,"href":"https:\/\/www.home-original.eu\/fr\/wp-json\/wp\/v2\/comments?post=2158"}],"wp:featuredmedia":[{"embeddable":true,"href":"https:\/\/www.home-original.eu\/fr\/wp-json\/wp\/v2\/media\/3816"}],"wp:attachment":[{"href":"https:\/\/www.home-original.eu\/fr\/wp-json\/wp\/v2\/media?parent=2158"}],"wp:term":[{"taxonomy":"product_brand","embeddable":true,"href":"https:\/\/www.home-original.eu\/fr\/wp-json\/wp\/v2\/product_brand?post=2158"},{"taxonomy":"product_cat","embeddable":true,"href":"https:\/\/www.home-original.eu\/fr\/wp-json\/wp\/v2\/product_cat?post=2158"},{"taxonomy":"product_tag","embeddable":true,"href":"https:\/\/www.home-original.eu\/fr\/wp-json\/wp\/v2\/product_tag?post=2158"}],"curies":[{"name":"wp","href":"https:\/\/api.w.org\/{rel}","templated":true}]}}