{"id":2169,"date":"2022-05-07T11:11:30","date_gmt":"2022-05-07T11:11:30","guid":{"rendered":"http:\/\/www.homeoriginal.com.mialias.net\/producto\/cuadro-gran-via\/"},"modified":"2026-03-10T10:55:41","modified_gmt":"2026-03-10T10:55:41","slug":"tableau-gran-via","status":"publish","type":"product","link":"https:\/\/www.home-original.eu\/fr\/product\/tableau-gran-via\/","title":{"rendered":"Tableau Gran Via"},"content":{"rendered":"<p style=\"line-height: 19.6px; margin: 0px 0px 6px; color: #474747; font-family: Questrial, sans-serif; font-size: 14px; background-color: #ffffff;\">Tableau originale peinte \u00e0 la main en acrylique sur toile, avec des textures. Pr\u00e9dominance de gris doux, de blanc cass\u00e9 et d&rsquo;une l\u00e9g\u00e8re touche de sable. Travail abstrait avec des feuilles d&rsquo;or et des personnages en noir.<\/p>\n","protected":false},"excerpt":{"rendered":"<p>Tableau originale peinte \u00e0 la main en acrylique sur toile, avec des textures. Pr\u00e9dominance de gris doux, de blanc cass\u00e9 et d&rsquo;une l\u00e9g\u00e8re touche de sable. Travail abstrait avec des feuilles d&rsquo;or et des personnages en noir.<\/p>\n","protected":false},"featured_media":3792,"comment_status":"open","ping_status":"closed","template":"","meta":[],"product_brand":[],"product_cat":[833,840],"product_tag":[],"class_list":{"0":"post-2169","1":"product","2":"type-product","3":"status-publish","4":"has-post-thumbnail","6":"product_cat-tableaux-des-villes","7":"product_cat-tableaux-du-salon-fr","8":"pa_height-x-width-x-thickness-90-x-90","9":"pa_height-x-width-x-thickness-110-x-110","10":"pa_height-x-width-x-thickness-120-x-80","11":"pa_height-x-width-x-thickness-150-x-80","12":"pa_height-x-width-x-thickness-130-x-100","14":"first","15":"instock","16":"taxable","17":"shipping-taxable","18":"purchasable","19":"product-type-variable"},"acf":[],"_links":{"self":[{"href":"https:\/\/www.home-original.eu\/fr\/wp-json\/wp\/v2\/product\/2169","targetHints":{"allow":["GET"]}}],"collection":[{"href":"https:\/\/www.home-original.eu\/fr\/wp-json\/wp\/v2\/product"}],"about":[{"href":"https:\/\/www.home-original.eu\/fr\/wp-json\/wp\/v2\/types\/product"}],"replies":[{"embeddable":true,"href":"https:\/\/www.home-original.eu\/fr\/wp-json\/wp\/v2\/comments?post=2169"}],"wp:featuredmedia":[{"embeddable":true,"href":"https:\/\/www.home-original.eu\/fr\/wp-json\/wp\/v2\/media\/3792"}],"wp:attachment":[{"href":"https:\/\/www.home-original.eu\/fr\/wp-json\/wp\/v2\/media?parent=2169"}],"wp:term":[{"taxonomy":"product_brand","embeddable":true,"href":"https:\/\/www.home-original.eu\/fr\/wp-json\/wp\/v2\/product_brand?post=2169"},{"taxonomy":"product_cat","embeddable":true,"href":"https:\/\/www.home-original.eu\/fr\/wp-json\/wp\/v2\/product_cat?post=2169"},{"taxonomy":"product_tag","embeddable":true,"href":"https:\/\/www.home-original.eu\/fr\/wp-json\/wp\/v2\/product_tag?post=2169"}],"curies":[{"name":"wp","href":"https:\/\/api.w.org\/{rel}","templated":true}]}}