{"id":2171,"date":"2021-10-07T15:31:29","date_gmt":"2021-10-07T15:31:29","guid":{"rendered":"http:\/\/www.homeoriginal.com.mialias.net\/producto\/cuadro-altea\/"},"modified":"2026-03-18T14:03:54","modified_gmt":"2026-03-18T14:03:54","slug":"tableau-altea","status":"publish","type":"product","link":"https:\/\/www.home-original.eu\/fr\/product\/tableau-altea\/","title":{"rendered":"Tableau Altea"},"content":{"rendered":"<p style=\"line-height: 19.6px;margin: 0px 0px 6px;color: #474747;font-family: Questrial, sans-serif;font-size: 14px;background-color: #ffffff\">Cuadro original pintado a mano \u00a0en acr\u00edlico sobre lienzo, con texturas. De gran colorido y viveza, mezclando colores pastel, ocres, amarillos, rosas, turquesas&#8230;<\/p>\n<p style=\"line-height: 19.6px;margin: 0px 0px 6px;color: #474747;font-family: Questrial, sans-serif;font-size: 14px;background-color: #ffffff\">Pintados a mano en nuestro Atelier por artistas de Bellas Artes de\u00a0Home-Original. Lienzo y pinturas acr\u00edlicas de gran calidad. El Bastidor es madera de pino tipo finger (no se dobla) con perfil de 35&#215;30. La madera proviene de bosques sostenibles. El Lienzo es Tela de algod\u00f3n poli\u00e9ster con imprimaci\u00f3n artesana cl\u00e1sica de bellas artes con base de cola y resinas acr\u00edlicas. El lienzo\u00a0 montado sobre el bastidor de forma totalmente artesana, consiguiendo un acabado sin destensados.<\/p>\n","protected":false},"excerpt":{"rendered":"<p><span style=\"color: #474747;font-family: Questrial, sans-serif;font-size: 14px;background-color: #ffffff\">Cuadro original pintado a mano \u00a0en acr\u00edlico sobre lienzo, con texturas. De gran colorido y viveza, mezclando colores pastel, ocres, amarillos, rosas, turquesas&#8230;<\/span><\/p>\n","protected":false},"featured_media":3786,"comment_status":"open","ping_status":"closed","template":"","meta":[],"product_brand":[],"product_cat":[677,842],"product_tag":[],"class_list":{"0":"post-2171","1":"product","2":"type-product","3":"status-publish","4":"has-post-thumbnail","6":"product_cat-tableaux-colorees-fr","7":"product_cat-tableaux-colorees","8":"pa_height-x-width-x-thickness-90-x-90","9":"pa_height-x-width-x-thickness-110-x-110","10":"pa_height-x-width-x-thickness-120-x-80","11":"pa_height-x-width-x-thickness-150-x-80","12":"pa_height-x-width-x-thickness-130-x-100","14":"first","15":"instock","16":"taxable","17":"shipping-taxable","18":"purchasable","19":"product-type-variable"},"acf":[],"_links":{"self":[{"href":"https:\/\/www.home-original.eu\/fr\/wp-json\/wp\/v2\/product\/2171","targetHints":{"allow":["GET"]}}],"collection":[{"href":"https:\/\/www.home-original.eu\/fr\/wp-json\/wp\/v2\/product"}],"about":[{"href":"https:\/\/www.home-original.eu\/fr\/wp-json\/wp\/v2\/types\/product"}],"replies":[{"embeddable":true,"href":"https:\/\/www.home-original.eu\/fr\/wp-json\/wp\/v2\/comments?post=2171"}],"wp:featuredmedia":[{"embeddable":true,"href":"https:\/\/www.home-original.eu\/fr\/wp-json\/wp\/v2\/media\/3786"}],"wp:attachment":[{"href":"https:\/\/www.home-original.eu\/fr\/wp-json\/wp\/v2\/media?parent=2171"}],"wp:term":[{"taxonomy":"product_brand","embeddable":true,"href":"https:\/\/www.home-original.eu\/fr\/wp-json\/wp\/v2\/product_brand?post=2171"},{"taxonomy":"product_cat","embeddable":true,"href":"https:\/\/www.home-original.eu\/fr\/wp-json\/wp\/v2\/product_cat?post=2171"},{"taxonomy":"product_tag","embeddable":true,"href":"https:\/\/www.home-original.eu\/fr\/wp-json\/wp\/v2\/product_tag?post=2171"}],"curies":[{"name":"wp","href":"https:\/\/api.w.org\/{rel}","templated":true}]}}