{"id":2187,"date":"2021-10-07T16:41:11","date_gmt":"2021-10-07T16:41:11","guid":{"rendered":"http:\/\/www.homeoriginal.com.mialias.net\/producto\/cuadro-azul-y-tierra\/"},"modified":"2023-03-23T11:44:21","modified_gmt":"2023-03-23T11:44:21","slug":"tableau-azul-y-tierra","status":"publish","type":"product","link":"https:\/\/www.home-original.eu\/fr\/product\/tableau-azul-y-tierra\/","title":{"rendered":"Tableau Azul y Tierra"},"content":{"rendered":"<p style=\"line-height: 19.6px;margin: 0px 0px 6px;color: #474747;font-family: Questrial, sans-serif;font-size: 14px;background-color: #ffffff\">Cuadro original pintado a mano \u00a0en acr\u00edlico sobre lienzo listo para colgar en la pared. Tonos azules muy suaves, colores tierra&#8230;luz y recuerdos emanan de esta Obra.<\/p>\n<p style=\"line-height: 19.6px;margin: 0px 0px 6px;color: #474747;font-family: Questrial, sans-serif;font-size: 14px;background-color: #ffffff\">Pintados a mano en nuestro Atelier por artistas de Bellas Artes de\u00a0Home-Original. Lienzo y pinturas acr\u00edlicas de gran calidad. El Bastidor es madera de pino tipo finger (no se dobla) con perfil de 35&#215;30. La madera proviene de bosques sostenibles. El Lienzo es Tela de algod\u00f3n poli\u00e9ster con imprimaci\u00f3n artesana cl\u00e1sica de bellas artes con base de cola y resinas acr\u00edlicas. El lienzo\u00a0 montado sobre el bastidor de forma totalmente artesana, consiguiendo un acabado sin destensados.<\/p>\n","protected":false},"excerpt":{"rendered":"<p><span style=\"color: #474747;font-family: Questrial, sans-serif;font-size: 14px;background-color: #ffffff\">Cuadro original pintado a mano \u00a0en acr\u00edlico sobre lienzo listo para colgar en la pared. Tonos azules muy suaves, colores tierra&#8230;luz y recuerdos emanan de esta Obra.<\/span><\/p>\n","protected":false},"featured_media":3753,"comment_status":"open","ping_status":"closed","template":"","meta":[],"product_brand":[],"product_cat":[63,55,773,65,68,70,78,79],"product_tag":[],"class_list":{"0":"post-2187","1":"product","2":"type-product","3":"status-publish","4":"has-post-thumbnail","6":"product_cat-cuadros-marrones","7":"product_cat-cuadros-recomendados","8":"product_cat-tableaux-oranges","9":"product_cat-cuadros-salon","10":"product_cat-cuadros-azules","11":"product_cat-cuadros-pasillo","12":"product_cat-cuadros-azules-estancias","13":"product_cat-cuadros-naranjas","14":"pa_height-x-width-x-thickness-90-x-90","15":"pa_height-x-width-x-thickness-110-x-110","16":"pa_height-x-width-x-thickness-120-x-80","17":"pa_height-x-width-x-thickness-150-x-80","18":"pa_height-x-width-x-thickness-130-x-100","20":"first","21":"instock","22":"taxable","23":"shipping-taxable","24":"purchasable","25":"product-type-variable"},"acf":[],"_links":{"self":[{"href":"https:\/\/www.home-original.eu\/fr\/wp-json\/wp\/v2\/product\/2187","targetHints":{"allow":["GET"]}}],"collection":[{"href":"https:\/\/www.home-original.eu\/fr\/wp-json\/wp\/v2\/product"}],"about":[{"href":"https:\/\/www.home-original.eu\/fr\/wp-json\/wp\/v2\/types\/product"}],"replies":[{"embeddable":true,"href":"https:\/\/www.home-original.eu\/fr\/wp-json\/wp\/v2\/comments?post=2187"}],"wp:featuredmedia":[{"embeddable":true,"href":"https:\/\/www.home-original.eu\/fr\/wp-json\/wp\/v2\/media\/3753"}],"wp:attachment":[{"href":"https:\/\/www.home-original.eu\/fr\/wp-json\/wp\/v2\/media?parent=2187"}],"wp:term":[{"taxonomy":"product_brand","embeddable":true,"href":"https:\/\/www.home-original.eu\/fr\/wp-json\/wp\/v2\/product_brand?post=2187"},{"taxonomy":"product_cat","embeddable":true,"href":"https:\/\/www.home-original.eu\/fr\/wp-json\/wp\/v2\/product_cat?post=2187"},{"taxonomy":"product_tag","embeddable":true,"href":"https:\/\/www.home-original.eu\/fr\/wp-json\/wp\/v2\/product_tag?post=2187"}],"curies":[{"name":"wp","href":"https:\/\/api.w.org\/{rel}","templated":true}]}}