{"id":2225,"date":"2021-10-18T10:03:03","date_gmt":"2021-10-18T10:03:03","guid":{"rendered":"http:\/\/www.homeoriginal.com.mialias.net\/producto\/cuadro-barcelona-nuri3\/"},"modified":"2026-03-16T14:19:22","modified_gmt":"2026-03-16T14:19:22","slug":"tableau-barcelona-nuri3","status":"publish","type":"product","link":"https:\/\/www.home-original.eu\/fr\/product\/tableau-barcelona-nuri3\/","title":{"rendered":"Tableau Barcelona Nuri 3"},"content":{"rendered":"<p style=\"line-height: 19.6px; margin: 0px 0px 6px; color: #474747; font-family: Questrial, sans-serif; font-size: 14px; background-color: #ffffff;\">Peints \u00e0 la main dans notre atelier par des artistes dipl\u00f4m\u00e9s en beaux-arts de Home-Original. Toile et peintures acryliques de grande qualit\u00e9. Le ch\u00e2ssis est en bois de pin de type \u00ab finger \u00bb (qui ne se d\u00e9forme pas) avec un profil de 35 x 30. Le bois provient de for\u00eats g\u00e9r\u00e9es durablement. La toile est tendue sur le ch\u00e2ssis de mani\u00e8re enti\u00e8rement artisanale, ce qui garantit une finition sans plis.<br \/>\n.<\/p>\n","protected":false},"excerpt":{"rendered":"<p><span style=\"color: #474747; font-family: Questrial, sans-serif; font-size: 14px; background-color: #ffffff;\">Cuadro original pintado sobre lienzo por artistas de Bellas Artes. Lienzo y pinturas de gran calidad. Skyline en tonos azules<\/span><\/p>\n","protected":false},"featured_media":3583,"comment_status":"open","ping_status":"closed","template":"","meta":[],"product_brand":[],"product_cat":[833],"product_tag":[],"class_list":{"0":"post-2225","1":"product","2":"type-product","3":"status-publish","4":"has-post-thumbnail","6":"product_cat-tableaux-des-villes","7":"pa_height-x-width-x-thickness-90-x-90","8":"pa_height-x-width-x-thickness-110-x-110","9":"pa_height-x-width-x-thickness-120-x-80","10":"pa_height-x-width-x-thickness-150-x-80","11":"pa_height-x-width-x-thickness-130-x-100","13":"first","14":"instock","15":"taxable","16":"shipping-taxable","17":"purchasable","18":"product-type-variable"},"acf":[],"_links":{"self":[{"href":"https:\/\/www.home-original.eu\/fr\/wp-json\/wp\/v2\/product\/2225","targetHints":{"allow":["GET"]}}],"collection":[{"href":"https:\/\/www.home-original.eu\/fr\/wp-json\/wp\/v2\/product"}],"about":[{"href":"https:\/\/www.home-original.eu\/fr\/wp-json\/wp\/v2\/types\/product"}],"replies":[{"embeddable":true,"href":"https:\/\/www.home-original.eu\/fr\/wp-json\/wp\/v2\/comments?post=2225"}],"wp:featuredmedia":[{"embeddable":true,"href":"https:\/\/www.home-original.eu\/fr\/wp-json\/wp\/v2\/media\/3583"}],"wp:attachment":[{"href":"https:\/\/www.home-original.eu\/fr\/wp-json\/wp\/v2\/media?parent=2225"}],"wp:term":[{"taxonomy":"product_brand","embeddable":true,"href":"https:\/\/www.home-original.eu\/fr\/wp-json\/wp\/v2\/product_brand?post=2225"},{"taxonomy":"product_cat","embeddable":true,"href":"https:\/\/www.home-original.eu\/fr\/wp-json\/wp\/v2\/product_cat?post=2225"},{"taxonomy":"product_tag","embeddable":true,"href":"https:\/\/www.home-original.eu\/fr\/wp-json\/wp\/v2\/product_tag?post=2225"}],"curies":[{"name":"wp","href":"https:\/\/api.w.org\/{rel}","templated":true}]}}