{"id":2228,"date":"2022-06-18T10:18:37","date_gmt":"2022-06-18T10:18:37","guid":{"rendered":"http:\/\/www.homeoriginal.com.mialias.net\/producto\/cuadro-parisino\/"},"modified":"2026-03-10T08:45:24","modified_gmt":"2026-03-10T08:45:24","slug":"tableau-parisino","status":"publish","type":"product","link":"https:\/\/www.home-original.eu\/fr\/product\/tableau-parisino\/","title":{"rendered":"Tableau Parisino"},"content":{"rendered":"<p>Peint \u00e0 la main dans notre atelier par des artistes de Home-Original Fine Arts. Tableaux et peintures acryliques de haute qualit\u00e9. Le tableau est en bois de pin about\u00e9 (sans pliage) avec un profil de 35&#215;30. Le tableau provient de for\u00eats durables. Le tableau est une toile en coton polyester avec un appr\u00eat artisanal classique pour les beaux-arts, \u00e0 base de colle et de r\u00e9sines acryliques. Le tableau est mont\u00e9e sur le ch\u00e2ssis de mani\u00e8re totalement artisanale, ce qui permet d&rsquo;obtenir une finition sans \u00e9tirement.<\/p>\n","protected":false},"excerpt":{"rendered":"<p>Tableau original peint \u00e0 la main \u00e0 l&rsquo;acrylique sur toile, avec textures. Il domine une gamme de blancs cass\u00e9s, de gris et de cr\u00e8mes qui apportent de la luminosit\u00e9 et une sensation d&rsquo;espace \u00e0 la pi\u00e8ce o\u00f9 il est plac\u00e9. De subtiles touches de feuille d&rsquo;or ou de peinture dor\u00e9e sur les b\u00e2timents viennent rompre la sobri\u00e9t\u00e9 et ajoutent une touche de luxe sophistiqu\u00e9.<\/p>\n","protected":false},"featured_media":8566,"comment_status":"open","ping_status":"closed","template":"","meta":[],"product_brand":[],"product_cat":[840,821],"product_tag":[],"class_list":{"0":"post-2228","1":"product","2":"type-product","3":"status-publish","4":"has-post-thumbnail","6":"product_cat-tableaux-du-salon-fr","7":"product_cat-peinture-figurative","8":"pa_height-x-width-x-thickness-90-x-90","9":"pa_height-x-width-x-thickness-110-x-110","10":"pa_height-x-width-x-thickness-120-x-80","11":"pa_height-x-width-x-thickness-150-x-80","12":"pa_height-x-width-x-thickness-130-x-100","14":"first","15":"instock","16":"taxable","17":"shipping-taxable","18":"purchasable","19":"product-type-variable"},"acf":[],"_links":{"self":[{"href":"https:\/\/www.home-original.eu\/fr\/wp-json\/wp\/v2\/product\/2228","targetHints":{"allow":["GET"]}}],"collection":[{"href":"https:\/\/www.home-original.eu\/fr\/wp-json\/wp\/v2\/product"}],"about":[{"href":"https:\/\/www.home-original.eu\/fr\/wp-json\/wp\/v2\/types\/product"}],"replies":[{"embeddable":true,"href":"https:\/\/www.home-original.eu\/fr\/wp-json\/wp\/v2\/comments?post=2228"}],"wp:featuredmedia":[{"embeddable":true,"href":"https:\/\/www.home-original.eu\/fr\/wp-json\/wp\/v2\/media\/8566"}],"wp:attachment":[{"href":"https:\/\/www.home-original.eu\/fr\/wp-json\/wp\/v2\/media?parent=2228"}],"wp:term":[{"taxonomy":"product_brand","embeddable":true,"href":"https:\/\/www.home-original.eu\/fr\/wp-json\/wp\/v2\/product_brand?post=2228"},{"taxonomy":"product_cat","embeddable":true,"href":"https:\/\/www.home-original.eu\/fr\/wp-json\/wp\/v2\/product_cat?post=2228"},{"taxonomy":"product_tag","embeddable":true,"href":"https:\/\/www.home-original.eu\/fr\/wp-json\/wp\/v2\/product_tag?post=2228"}],"curies":[{"name":"wp","href":"https:\/\/api.w.org\/{rel}","templated":true}]}}