{"id":2241,"date":"2021-10-18T16:37:13","date_gmt":"2021-10-18T16:37:13","guid":{"rendered":"http:\/\/www.homeoriginal.com.mialias.net\/producto\/cuadro-menina-can-1n\/"},"modified":"2026-03-16T16:06:59","modified_gmt":"2026-03-16T16:06:59","slug":"tableau-menina-can-1n","status":"publish","type":"product","link":"https:\/\/www.home-original.eu\/fr\/product\/tableau-menina-can-1n\/","title":{"rendered":"Tableau Menina Can 1N"},"content":{"rendered":"<p>Peints \u00e0 la main dans notre atelier par des artistes des Beaux-Arts de Home-Original. Toile et peintures acryliques de grande qualit\u00e9. Le ch\u00e2ssis est en bois de pin de type finger (il ne se plie pas) avec un profil de 35&#215;30. Le bois provient de for\u00eats durables. La toile est en coton polyester avec une couche d&rsquo;appr\u00eat artisanale classique pour beaux-arts \u00e0 base de colle et de r\u00e9sines acryliques. La toile est mont\u00e9e sur le ch\u00e2ssis de mani\u00e8re enti\u00e8rement artisanale, ce qui permet d&rsquo;obtenir une finition sans d\u00e9formation.<\/p>\n<p>&nbsp;<\/p>\n","protected":false},"excerpt":{"rendered":"<p style=\"line-height: 19.6px; margin: 0px 0px 6px; color: #474747; font-family: Questrial, sans-serif; font-size: 14px; background-color: #ffffff;\">Tableau original peint \u00e0 l&rsquo;acrylique sur toile par des artistes des Beaux-Arts. Toile et peintures de grande qualit\u00e9. Fond noir. M\u00e9lange de couleurs grises et argent\u00e9es . \u0152uvre en relief.<\/p>\n","protected":false},"featured_media":3549,"comment_status":"open","ping_status":"closed","template":"","meta":[],"product_brand":[],"product_cat":[628,832,772],"product_tag":[],"class_list":{"0":"post-2241","1":"product","2":"type-product","3":"status-publish","4":"has-post-thumbnail","6":"product_cat-tableaux-dargent-fr","7":"product_cat-tableaux-de-menines","8":"product_cat-tableaux-noir-blanc","9":"pa_height-x-width-x-thickness-90-x-90","10":"pa_height-x-width-x-thickness-110-x-110","11":"pa_height-x-width-x-thickness-120-x-80","12":"pa_height-x-width-x-thickness-150-x-80","13":"pa_height-x-width-x-thickness-130-x-100","15":"first","16":"instock","17":"taxable","18":"shipping-taxable","19":"purchasable","20":"product-type-variable"},"acf":[],"_links":{"self":[{"href":"https:\/\/www.home-original.eu\/fr\/wp-json\/wp\/v2\/product\/2241","targetHints":{"allow":["GET"]}}],"collection":[{"href":"https:\/\/www.home-original.eu\/fr\/wp-json\/wp\/v2\/product"}],"about":[{"href":"https:\/\/www.home-original.eu\/fr\/wp-json\/wp\/v2\/types\/product"}],"replies":[{"embeddable":true,"href":"https:\/\/www.home-original.eu\/fr\/wp-json\/wp\/v2\/comments?post=2241"}],"wp:featuredmedia":[{"embeddable":true,"href":"https:\/\/www.home-original.eu\/fr\/wp-json\/wp\/v2\/media\/3549"}],"wp:attachment":[{"href":"https:\/\/www.home-original.eu\/fr\/wp-json\/wp\/v2\/media?parent=2241"}],"wp:term":[{"taxonomy":"product_brand","embeddable":true,"href":"https:\/\/www.home-original.eu\/fr\/wp-json\/wp\/v2\/product_brand?post=2241"},{"taxonomy":"product_cat","embeddable":true,"href":"https:\/\/www.home-original.eu\/fr\/wp-json\/wp\/v2\/product_cat?post=2241"},{"taxonomy":"product_tag","embeddable":true,"href":"https:\/\/www.home-original.eu\/fr\/wp-json\/wp\/v2\/product_tag?post=2241"}],"curies":[{"name":"wp","href":"https:\/\/api.w.org\/{rel}","templated":true}]}}