{"id":2248,"date":"2021-10-19T14:45:11","date_gmt":"2021-10-19T14:45:11","guid":{"rendered":"http:\/\/www.homeoriginal.com.mialias.net\/producto\/cuadro-menorca\/"},"modified":"2025-06-01T18:59:37","modified_gmt":"2025-06-01T18:59:37","slug":"tableau-menorca","status":"publish","type":"product","link":"https:\/\/www.home-original.eu\/fr\/product\/tableau-menorca\/","title":{"rendered":"Tableau Menorca"},"content":{"rendered":"<p style=\"line-height: 19.6px; margin: 0px 0px 6px; color: #474747; font-family: Questrial, sans-serif; font-size: 14px; background-color: #ffffff;\">Cuadro original pintado a mano \u00a0en acr\u00edlico sobre lienzo. Pintura con textura en gran variedad de gama de azules, peces nadando. Collage con papel de peri\u00f3dico, aportando un aire divertido<\/p>\n<p style=\"line-height: 19.6px; margin: 0px 0px 6px; color: #474747; font-family: Questrial, sans-serif; font-size: 14px; background-color: #ffffff;\">Pintados a mano en nuestro Atelier por artistas de Bellas Artes de\u00a0Home-Original. Lienzo y pinturas acr\u00edlicas de gran calidad. El Bastidor es madera de pino tipo finger (no se dobla) con perfil de 35&#215;30. La madera proviene de bosques sostenibles. El Lienzo es Tela de algod\u00f3n poli\u00e9ster con imprimaci\u00f3n artesana cl\u00e1sica de bellas artes con base de cola y resinas acr\u00edlicas. El lienzo\u00a0 montado sobre el bastidor de forma totalmente artesana, consiguiendo un acabado sin destensados.<\/p>\n","protected":false},"excerpt":{"rendered":"<p><span style=\"color: #474747; font-family: Questrial, sans-serif; font-size: 14px; background-color: #ffffff;\">Cuadro pintado a mano en acr\u00edlico sobre lienzo. Totalmente acabado y montado, listo para colgar en su pared. Pintura con textura en gran variedad de gama de azules, peces nadando. Collage con papel de peri\u00f3dico, aportando un aire divertido<\/span><\/p>\n","protected":false},"featured_media":3527,"comment_status":"open","ping_status":"closed","template":"","meta":[],"product_brand":[],"product_cat":[16],"product_tag":[],"class_list":{"0":"post-2248","1":"product","2":"type-product","3":"status-publish","4":"has-post-thumbnail","6":"product_cat-sin-categorizar","7":"pa_height-x-width-x-thickness-90-x-90","8":"pa_height-x-width-x-thickness-110-x-110","9":"pa_height-x-width-x-thickness-120-x-80","10":"pa_height-x-width-x-thickness-150-x-80","11":"pa_height-x-width-x-thickness-130-x-100","13":"first","14":"instock","15":"taxable","16":"shipping-taxable","17":"purchasable","18":"product-type-variable"},"acf":[],"_links":{"self":[{"href":"https:\/\/www.home-original.eu\/fr\/wp-json\/wp\/v2\/product\/2248","targetHints":{"allow":["GET"]}}],"collection":[{"href":"https:\/\/www.home-original.eu\/fr\/wp-json\/wp\/v2\/product"}],"about":[{"href":"https:\/\/www.home-original.eu\/fr\/wp-json\/wp\/v2\/types\/product"}],"replies":[{"embeddable":true,"href":"https:\/\/www.home-original.eu\/fr\/wp-json\/wp\/v2\/comments?post=2248"}],"wp:featuredmedia":[{"embeddable":true,"href":"https:\/\/www.home-original.eu\/fr\/wp-json\/wp\/v2\/media\/3527"}],"wp:attachment":[{"href":"https:\/\/www.home-original.eu\/fr\/wp-json\/wp\/v2\/media?parent=2248"}],"wp:term":[{"taxonomy":"product_brand","embeddable":true,"href":"https:\/\/www.home-original.eu\/fr\/wp-json\/wp\/v2\/product_brand?post=2248"},{"taxonomy":"product_cat","embeddable":true,"href":"https:\/\/www.home-original.eu\/fr\/wp-json\/wp\/v2\/product_cat?post=2248"},{"taxonomy":"product_tag","embeddable":true,"href":"https:\/\/www.home-original.eu\/fr\/wp-json\/wp\/v2\/product_tag?post=2248"}],"curies":[{"name":"wp","href":"https:\/\/api.w.org\/{rel}","templated":true}]}}