{"id":2342,"date":"2021-10-25T12:09:38","date_gmt":"2021-10-25T12:09:38","guid":{"rendered":"http:\/\/www.homeoriginal.com.mialias.net\/producto\/cuadro-arco-museum-2\/"},"modified":"2026-03-11T15:47:24","modified_gmt":"2026-03-11T15:47:24","slug":"tableau-arco-museum-2","status":"publish","type":"product","link":"https:\/\/www.home-original.eu\/fr\/product\/tableau-arco-museum-2\/","title":{"rendered":"Tableau Arco Museum"},"content":{"rendered":"<p style=\"line-height: 19.6px;margin: 0px 0px 6px;color: #474747;font-family: Questrial, sans-serif;font-size: 14px;background-color: #ffffff\">Cuadro original pintado sobre lienzo por artistas de Bellas Artes. Grosor con pasta especial y fondo color blanco roto- beige<\/p>\n<p style=\"line-height: 19.6px;margin: 0px 0px 6px;color: #474747;font-family: Questrial, sans-serif;font-size: 14px;background-color: #ffffff\">Pintados a mano en nuestro Atelier por artistas de Bellas Artes de\u00a0Home-Original. Lienzo y pinturas acr\u00edlicas de gran calidad. El Bastidor es madera de pino tipo finger (no se dobla) con perfil de 35&#215;30. La madera proviene de bosques sostenibles. El Lienzo es Tela de algod\u00f3n poli\u00e9ster con imprimaci\u00f3n artesana cl\u00e1sica de bellas artes con base de cola y resinas acr\u00edlicas. El lienzo\u00a0 montado sobre el bastidor de forma totalmente artesana, consiguiendo un acabado sin destensados.<\/p>\n","protected":false},"excerpt":{"rendered":"<p style=\"line-height: 19.6px;margin: 0px 0px 6px;color: #474747;font-family: Questrial, sans-serif;font-size: 14px;background-color: #ffffff\">Cuadro original pintado sobre lienzo por artistas de Bellas Artes. Grosor con pasta especial y fondo color blanco roto- beige<strong><br \/>\n<\/strong><\/p>\n","protected":false},"featured_media":3236,"comment_status":"open","ping_status":"closed","template":"","meta":[],"product_brand":[],"product_cat":[831,623,840,678],"product_tag":[],"class_list":{"0":"post-2342","1":"product","2":"type-product","3":"status-publish","4":"has-post-thumbnail","6":"product_cat-tableaux-beige-et-sable","7":"product_cat-tableaux-de-chambre","8":"product_cat-tableaux-du-salon-fr","9":"product_cat-tableaux-ocre","10":"pa_height-x-width-x-thickness-90-x-90","11":"pa_height-x-width-x-thickness-110-x-110","12":"pa_height-x-width-x-thickness-120-x-80","13":"pa_height-x-width-x-thickness-150-x-80","14":"pa_height-x-width-x-thickness-130-x-100","16":"first","17":"instock","18":"taxable","19":"shipping-taxable","20":"purchasable","21":"product-type-variable"},"acf":[],"_links":{"self":[{"href":"https:\/\/www.home-original.eu\/fr\/wp-json\/wp\/v2\/product\/2342","targetHints":{"allow":["GET"]}}],"collection":[{"href":"https:\/\/www.home-original.eu\/fr\/wp-json\/wp\/v2\/product"}],"about":[{"href":"https:\/\/www.home-original.eu\/fr\/wp-json\/wp\/v2\/types\/product"}],"replies":[{"embeddable":true,"href":"https:\/\/www.home-original.eu\/fr\/wp-json\/wp\/v2\/comments?post=2342"}],"wp:featuredmedia":[{"embeddable":true,"href":"https:\/\/www.home-original.eu\/fr\/wp-json\/wp\/v2\/media\/3236"}],"wp:attachment":[{"href":"https:\/\/www.home-original.eu\/fr\/wp-json\/wp\/v2\/media?parent=2342"}],"wp:term":[{"taxonomy":"product_brand","embeddable":true,"href":"https:\/\/www.home-original.eu\/fr\/wp-json\/wp\/v2\/product_brand?post=2342"},{"taxonomy":"product_cat","embeddable":true,"href":"https:\/\/www.home-original.eu\/fr\/wp-json\/wp\/v2\/product_cat?post=2342"},{"taxonomy":"product_tag","embeddable":true,"href":"https:\/\/www.home-original.eu\/fr\/wp-json\/wp\/v2\/product_tag?post=2342"}],"curies":[{"name":"wp","href":"https:\/\/api.w.org\/{rel}","templated":true}]}}