{"id":2353,"date":"2021-10-25T15:40:51","date_gmt":"2021-10-25T15:40:51","guid":{"rendered":"http:\/\/www.homeoriginal.com.mialias.net\/producto\/cuadro-arco-52\/"},"modified":"2026-03-11T14:54:26","modified_gmt":"2026-03-11T14:54:26","slug":"tableau-arco-52","status":"publish","type":"product","link":"https:\/\/www.home-original.eu\/fr\/product\/tableau-arco-52\/","title":{"rendered":"Tableau Arco 52"},"content":{"rendered":"<p style=\"line-height: 19.6px; margin: 0px 0px 6px; color: #474747; font-family: Questrial, sans-serif; font-size: 14px; background-color: #ffffff;\">Peints \u00e0 la main dans notre atelier par des artistes des Beaux-Arts de Home-Original. Toile et peintures acryliques de grande qualit\u00e9. Le ch\u00e2ssis est en bois de pin de type finger (il ne se plie pas) avec un profil de 35&#215;30. Le bois provient de for\u00eats durables. La toile est en coton polyester avec une couche d&rsquo;appr\u00eat artisanale classique pour beaux-arts \u00e0 base de colle et de r\u00e9sines acryliques. La toile est mont\u00e9e sur le ch\u00e2ssis de mani\u00e8re enti\u00e8rement artisanale, ce qui permet d&rsquo;obtenir une finition sans d\u00e9formation.<\/p>\n","protected":false},"excerpt":{"rendered":"<p style=\"line-height: 19.6px; margin: 0px 0px 6px; color: #474747; font-family: Questrial, sans-serif; font-size: 14px; background-color: #ffffff;\"><strong>Tableau original peint \u00e0 la main avec des techniques mixtes sur toile dans des tons gris doux, sur fond clair. Textures l\u00e9g\u00e8res et partie centrale \u00e9clabouss\u00e9e de diff\u00e9rentes nuances de gris et de marron.<\/strong><\/p>\n","protected":false},"featured_media":3227,"comment_status":"open","ping_status":"closed","template":"","meta":[],"product_brand":[],"product_cat":[619,840,679],"product_tag":[],"class_list":{"0":"post-2353","1":"product","2":"type-product","3":"status-publish","4":"has-post-thumbnail","6":"product_cat-tableaux-abstraits","7":"product_cat-tableaux-du-salon-fr","8":"product_cat-tableaux-gris","9":"pa_height-x-width-x-thickness-90-x-90","10":"pa_height-x-width-x-thickness-110-x-110","11":"pa_height-x-width-x-thickness-120-x-80","12":"pa_height-x-width-x-thickness-150-x-80","13":"pa_height-x-width-x-thickness-130-x-100","15":"first","16":"instock","17":"taxable","18":"shipping-taxable","19":"purchasable","20":"product-type-variable"},"acf":[],"_links":{"self":[{"href":"https:\/\/www.home-original.eu\/fr\/wp-json\/wp\/v2\/product\/2353","targetHints":{"allow":["GET"]}}],"collection":[{"href":"https:\/\/www.home-original.eu\/fr\/wp-json\/wp\/v2\/product"}],"about":[{"href":"https:\/\/www.home-original.eu\/fr\/wp-json\/wp\/v2\/types\/product"}],"replies":[{"embeddable":true,"href":"https:\/\/www.home-original.eu\/fr\/wp-json\/wp\/v2\/comments?post=2353"}],"wp:featuredmedia":[{"embeddable":true,"href":"https:\/\/www.home-original.eu\/fr\/wp-json\/wp\/v2\/media\/3227"}],"wp:attachment":[{"href":"https:\/\/www.home-original.eu\/fr\/wp-json\/wp\/v2\/media?parent=2353"}],"wp:term":[{"taxonomy":"product_brand","embeddable":true,"href":"https:\/\/www.home-original.eu\/fr\/wp-json\/wp\/v2\/product_brand?post=2353"},{"taxonomy":"product_cat","embeddable":true,"href":"https:\/\/www.home-original.eu\/fr\/wp-json\/wp\/v2\/product_cat?post=2353"},{"taxonomy":"product_tag","embeddable":true,"href":"https:\/\/www.home-original.eu\/fr\/wp-json\/wp\/v2\/product_tag?post=2353"}],"curies":[{"name":"wp","href":"https:\/\/api.w.org\/{rel}","templated":true}]}}