{"id":2364,"date":"2021-10-25T16:10:14","date_gmt":"2021-10-25T16:10:14","guid":{"rendered":"http:\/\/www.homeoriginal.com.mialias.net\/producto\/cuadro-arco-44\/"},"modified":"2026-03-11T15:50:03","modified_gmt":"2026-03-11T15:50:03","slug":"tableau-arco-44","status":"publish","type":"product","link":"https:\/\/www.home-original.eu\/fr\/product\/tableau-arco-44\/","title":{"rendered":"Tableau Arco 44"},"content":{"rendered":"<p>Peint \u00e0 la main dans notre atelier par des artistes d&rsquo;art originaux. Toile et peintures acryliques de grande qualit\u00e9. Le cadre est en bois de pin about\u00e9 (pas de pliage) avec un profil de 35&#215;30. Le bois provient de for\u00eats durables. La toile est en coton polyester avec un appr\u00eat classique \u00e0 base de colle et de r\u00e9sines acryliques. La toile est mont\u00e9e sur le ch\u00e2ssis de mani\u00e8re enti\u00e8rement artisanale, ce qui permet d&rsquo;obtenir une finition sans \u00e9tirement.<\/p>\n","protected":false},"excerpt":{"rendered":"<p style=\"line-height: 19.6px; margin: 0px 0px 6px; color: #474747; font-family: Questrial, sans-serif; font-size: 14px; background-color: #ffffff;\">Peinture originale peinte \u00e0 la main sur toile dans des tons de brun, de noir et de beige. Travail textur\u00e9 combinant le pinceau et le couteau \u00e0 palette, cr\u00e9ant des formes granuleuses. L&rsquo;\u0153uvre est d&rsquo;une grande plasticit\u00e9 et d&rsquo;un grand abstractisme.<\/p>\n","protected":false},"featured_media":3216,"comment_status":"open","ping_status":"closed","template":"","meta":[],"product_brand":[],"product_cat":[619,623,840,680,621],"product_tag":[],"class_list":{"0":"post-2364","1":"product","2":"type-product","3":"status-publish","4":"has-post-thumbnail","6":"product_cat-tableaux-abstraits","7":"product_cat-tableaux-de-chambre","8":"product_cat-tableaux-du-salon-fr","9":"product_cat-tableaux-minimalistes","10":"product_cat-tableaux-recommandes","11":"pa_height-x-width-x-thickness-90-x-90","12":"pa_height-x-width-x-thickness-110-x-110","13":"pa_height-x-width-x-thickness-120-x-80","14":"pa_height-x-width-x-thickness-150-x-80","15":"pa_height-x-width-x-thickness-130-x-100","17":"first","18":"instock","19":"taxable","20":"shipping-taxable","21":"purchasable","22":"product-type-variable"},"acf":[],"_links":{"self":[{"href":"https:\/\/www.home-original.eu\/fr\/wp-json\/wp\/v2\/product\/2364","targetHints":{"allow":["GET"]}}],"collection":[{"href":"https:\/\/www.home-original.eu\/fr\/wp-json\/wp\/v2\/product"}],"about":[{"href":"https:\/\/www.home-original.eu\/fr\/wp-json\/wp\/v2\/types\/product"}],"replies":[{"embeddable":true,"href":"https:\/\/www.home-original.eu\/fr\/wp-json\/wp\/v2\/comments?post=2364"}],"wp:featuredmedia":[{"embeddable":true,"href":"https:\/\/www.home-original.eu\/fr\/wp-json\/wp\/v2\/media\/3216"}],"wp:attachment":[{"href":"https:\/\/www.home-original.eu\/fr\/wp-json\/wp\/v2\/media?parent=2364"}],"wp:term":[{"taxonomy":"product_brand","embeddable":true,"href":"https:\/\/www.home-original.eu\/fr\/wp-json\/wp\/v2\/product_brand?post=2364"},{"taxonomy":"product_cat","embeddable":true,"href":"https:\/\/www.home-original.eu\/fr\/wp-json\/wp\/v2\/product_cat?post=2364"},{"taxonomy":"product_tag","embeddable":true,"href":"https:\/\/www.home-original.eu\/fr\/wp-json\/wp\/v2\/product_tag?post=2364"}],"curies":[{"name":"wp","href":"https:\/\/api.w.org\/{rel}","templated":true}]}}