{"id":2651,"date":"2022-06-06T16:42:26","date_gmt":"2022-06-06T16:42:26","guid":{"rendered":"http:\/\/www.homeoriginal.com.mialias.net\/producto\/cuadro-beret\/"},"modified":"2025-06-01T08:12:07","modified_gmt":"2025-06-01T08:12:07","slug":"tableau-beret","status":"publish","type":"product","link":"https:\/\/www.home-original.eu\/fr\/product\/tableau-beret\/","title":{"rendered":"Tableau Beret"},"content":{"rendered":"<p style=\"line-height: 19.6px; margin: 0px 0px 6px; color: #474747; font-family: Questrial, sans-serif; font-size: 14px; background-color: #ffffff;\">Tableau originale peinte \u00e0 la main \u00e0 l&rsquo;acrylique sur toile, avec beaucoup de texture et de volume, pour une finition de type collage. Des tons blancs de diff\u00e9rentes nuances combin\u00e9s les uns aux autres. Travail inspir\u00e9 par les paysages enneig\u00e9s.<\/p>\n","protected":false},"excerpt":{"rendered":"<p>Tableau originale peinte \u00e0 la main \u00e0 l&rsquo;acrylique sur toile, avec beaucoup de texture et de volume, pour une finition de type collage. Des tons blancs de diff\u00e9rentes nuances combin\u00e9s les uns aux autres. Travail inspir\u00e9 par les paysages enneig\u00e9s<\/p>\n","protected":false},"featured_media":3005,"comment_status":"open","ping_status":"closed","template":"","meta":[],"product_brand":[],"product_cat":[840],"product_tag":[],"class_list":{"0":"post-2651","1":"product","2":"type-product","3":"status-publish","4":"has-post-thumbnail","6":"product_cat-tableaux-du-salon-fr","7":"pa_height-x-width-x-thickness-90-x-90","8":"pa_height-x-width-x-thickness-110-x-110","9":"pa_height-x-width-x-thickness-120-x-80","10":"pa_height-x-width-x-thickness-150-x-80","11":"pa_height-x-width-x-thickness-130-x-100","13":"first","14":"instock","15":"featured","16":"taxable","17":"shipping-taxable","18":"purchasable","19":"product-type-variable"},"acf":[],"_links":{"self":[{"href":"https:\/\/www.home-original.eu\/fr\/wp-json\/wp\/v2\/product\/2651","targetHints":{"allow":["GET"]}}],"collection":[{"href":"https:\/\/www.home-original.eu\/fr\/wp-json\/wp\/v2\/product"}],"about":[{"href":"https:\/\/www.home-original.eu\/fr\/wp-json\/wp\/v2\/types\/product"}],"replies":[{"embeddable":true,"href":"https:\/\/www.home-original.eu\/fr\/wp-json\/wp\/v2\/comments?post=2651"}],"wp:featuredmedia":[{"embeddable":true,"href":"https:\/\/www.home-original.eu\/fr\/wp-json\/wp\/v2\/media\/3005"}],"wp:attachment":[{"href":"https:\/\/www.home-original.eu\/fr\/wp-json\/wp\/v2\/media?parent=2651"}],"wp:term":[{"taxonomy":"product_brand","embeddable":true,"href":"https:\/\/www.home-original.eu\/fr\/wp-json\/wp\/v2\/product_brand?post=2651"},{"taxonomy":"product_cat","embeddable":true,"href":"https:\/\/www.home-original.eu\/fr\/wp-json\/wp\/v2\/product_cat?post=2651"},{"taxonomy":"product_tag","embeddable":true,"href":"https:\/\/www.home-original.eu\/fr\/wp-json\/wp\/v2\/product_tag?post=2651"}],"curies":[{"name":"wp","href":"https:\/\/api.w.org\/{rel}","templated":true}]}}