{"id":2655,"date":"2021-11-17T10:13:17","date_gmt":"2021-11-17T10:13:17","guid":{"rendered":"http:\/\/www.homeoriginal.com.mialias.net\/producto\/cuadro-espuma\/"},"modified":"2026-03-12T08:43:04","modified_gmt":"2026-03-12T08:43:04","slug":"tableau-espuma","status":"publish","type":"product","link":"https:\/\/www.home-original.eu\/fr\/product\/tableau-espuma\/","title":{"rendered":"Tableau Espuma"},"content":{"rendered":"<p style=\"line-height: 19.6px; margin: 0px 0px 6px; color: #474747; font-family: Questrial, sans-serif; font-size: 14px; background-color: #ffffff;\">Cuadro original pintado a mano \u00a0en acr\u00edlico sobre lienzo, con mucha\u00a0textura arenosa combinada con masillas pl\u00e1sticas. Predominan los colores rosas y verdes con\u00a0ligeros toques de morado y anaranjado, difumin\u00e1ndose entre ellos. Acabado mate sin brillo<\/p>\n<p style=\"line-height: 19.6px; margin: 0px 0px 6px; color: #474747; font-family: Questrial, sans-serif; font-size: 14px; background-color: #ffffff;\">Pintados a mano en nuestro Atelier por artistas de Bellas Artes de\u00a0Home-Original. Lienzo y pinturas acr\u00edlicas de gran calidad. El Bastidor es madera de pino tipo finger (no se dobla) con perfil de 35&#215;30. La madera proviene de bosques sostenibles. El Lienzo es Tela de algod\u00f3n poli\u00e9ster con imprimaci\u00f3n artesana cl\u00e1sica de bellas artes con base de cola y resinas acr\u00edlicas. El lienzo\u00a0 montado sobre el bastidor de forma totalmente artesana, consiguiendo un acabado sin destensados.<\/p>\n","protected":false},"excerpt":{"rendered":"<p><span style=\"color: #474747; font-family: Questrial, sans-serif; font-size: 14px; background-color: #ffffff;\">Cuadro pintado a mano en acr\u00edlico sobre lienzo. Totalmente acabado y montado, listo para colgar en su pared, con textura . Predominan los colores azules claros con\u00a0ligeros toques de marr\u00f3n y blanco difumin\u00e1ndose entre ellos. Acabado mate sin brillo<\/span><\/p>\n","protected":false},"featured_media":2997,"comment_status":"open","ping_status":"closed","template":"","meta":[],"product_brand":[],"product_cat":[620,625,674,840],"product_tag":[],"class_list":{"0":"post-2655","1":"product","2":"type-product","3":"status-publish","4":"has-post-thumbnail","6":"product_cat-nouvelles","7":"product_cat-tableaux-bleus","8":"product_cat-tableaux-de-marinas","9":"product_cat-tableaux-du-salon-fr","10":"pa_height-x-width-x-thickness-90-x-90","11":"pa_height-x-width-x-thickness-110-x-110","12":"pa_height-x-width-x-thickness-120-x-80","13":"pa_height-x-width-x-thickness-150-x-80","14":"pa_height-x-width-x-thickness-130-x-100","16":"first","17":"instock","18":"featured","19":"taxable","20":"shipping-taxable","21":"purchasable","22":"product-type-variable"},"acf":[],"_links":{"self":[{"href":"https:\/\/www.home-original.eu\/fr\/wp-json\/wp\/v2\/product\/2655","targetHints":{"allow":["GET"]}}],"collection":[{"href":"https:\/\/www.home-original.eu\/fr\/wp-json\/wp\/v2\/product"}],"about":[{"href":"https:\/\/www.home-original.eu\/fr\/wp-json\/wp\/v2\/types\/product"}],"replies":[{"embeddable":true,"href":"https:\/\/www.home-original.eu\/fr\/wp-json\/wp\/v2\/comments?post=2655"}],"wp:featuredmedia":[{"embeddable":true,"href":"https:\/\/www.home-original.eu\/fr\/wp-json\/wp\/v2\/media\/2997"}],"wp:attachment":[{"href":"https:\/\/www.home-original.eu\/fr\/wp-json\/wp\/v2\/media?parent=2655"}],"wp:term":[{"taxonomy":"product_brand","embeddable":true,"href":"https:\/\/www.home-original.eu\/fr\/wp-json\/wp\/v2\/product_brand?post=2655"},{"taxonomy":"product_cat","embeddable":true,"href":"https:\/\/www.home-original.eu\/fr\/wp-json\/wp\/v2\/product_cat?post=2655"},{"taxonomy":"product_tag","embeddable":true,"href":"https:\/\/www.home-original.eu\/fr\/wp-json\/wp\/v2\/product_tag?post=2655"}],"curies":[{"name":"wp","href":"https:\/\/api.w.org\/{rel}","templated":true}]}}