{"id":2661,"date":"2021-11-26T13:47:06","date_gmt":"2021-11-26T13:47:06","guid":{"rendered":"http:\/\/www.homeoriginal.com.mialias.net\/producto\/cuadro-marcus\/"},"modified":"2026-03-16T14:54:51","modified_gmt":"2026-03-16T14:54:51","slug":"tableau-marcus","status":"publish","type":"product","link":"https:\/\/www.home-original.eu\/fr\/product\/tableau-marcus\/","title":{"rendered":"Tableau Marcus"},"content":{"rendered":"<p style=\"line-height: 19.6px; margin: 0px 0px 6px; color: #474747; font-family: Questrial, sans-serif; font-size: 14px; background-color: #ffffff;\">Peints \u00e0 la main dans notre atelier par des artistes dipl\u00f4m\u00e9s en beaux-arts de Home-Original. Toile et peintures acryliques de grande qualit\u00e9. Le ch\u00e2ssis est en bois de pin de type \u00ab finger \u00bb (qui ne se d\u00e9forme pas) avec un profil de 35 x 30. Le bois provient de for\u00eats g\u00e9r\u00e9es durablement. La toile est tendue sur le ch\u00e2ssis de mani\u00e8re enti\u00e8rement artisanale, ce qui garantit une finition sans plis.<\/p>\n","protected":false},"excerpt":{"rendered":"<p>Tableau peint \u00e0 la main \u00e0 l&rsquo;acrylique sur toile. Enti\u00e8rement fini et mont\u00e9, pr\u00eat \u00e0 \u00eatre accroch\u00e9 \u00e0 votre mur, avec des textures granuleuses. Nuances de gris, avec une touche de jaune et d&rsquo;ocre d&rsquo;un c\u00f4t\u00e9, et de verts gris\u00e2tres de l&rsquo;autre. Fond gris clair. Id\u00e9al pour un accrochage \u00e0 la verticale<\/p>\n","protected":false},"featured_media":2989,"comment_status":"open","ping_status":"closed","template":"","meta":[],"product_brand":[],"product_cat":[620,619,840,275,535],"product_tag":[],"class_list":{"0":"post-2661","1":"product","2":"type-product","3":"status-publish","4":"has-post-thumbnail","6":"product_cat-nouvelles","7":"product_cat-tableaux-abstraits","8":"product_cat-tableaux-du-salon-fr","9":"product_cat-couleurs","10":"product_cat-tableaux-a-la-moutarde","11":"pa_height-x-width-x-thickness-90-x-90","12":"pa_height-x-width-x-thickness-110-x-110","13":"pa_height-x-width-x-thickness-120-x-80","14":"pa_height-x-width-x-thickness-150-x-80","15":"pa_height-x-width-x-thickness-130-x-100","17":"first","18":"instock","19":"taxable","20":"shipping-taxable","21":"purchasable","22":"product-type-variable"},"acf":[],"_links":{"self":[{"href":"https:\/\/www.home-original.eu\/fr\/wp-json\/wp\/v2\/product\/2661","targetHints":{"allow":["GET"]}}],"collection":[{"href":"https:\/\/www.home-original.eu\/fr\/wp-json\/wp\/v2\/product"}],"about":[{"href":"https:\/\/www.home-original.eu\/fr\/wp-json\/wp\/v2\/types\/product"}],"replies":[{"embeddable":true,"href":"https:\/\/www.home-original.eu\/fr\/wp-json\/wp\/v2\/comments?post=2661"}],"wp:featuredmedia":[{"embeddable":true,"href":"https:\/\/www.home-original.eu\/fr\/wp-json\/wp\/v2\/media\/2989"}],"wp:attachment":[{"href":"https:\/\/www.home-original.eu\/fr\/wp-json\/wp\/v2\/media?parent=2661"}],"wp:term":[{"taxonomy":"product_brand","embeddable":true,"href":"https:\/\/www.home-original.eu\/fr\/wp-json\/wp\/v2\/product_brand?post=2661"},{"taxonomy":"product_cat","embeddable":true,"href":"https:\/\/www.home-original.eu\/fr\/wp-json\/wp\/v2\/product_cat?post=2661"},{"taxonomy":"product_tag","embeddable":true,"href":"https:\/\/www.home-original.eu\/fr\/wp-json\/wp\/v2\/product_tag?post=2661"}],"curies":[{"name":"wp","href":"https:\/\/api.w.org\/{rel}","templated":true}]}}