{"id":2730,"date":"2022-03-09T17:26:26","date_gmt":"2022-03-09T17:26:26","guid":{"rendered":"http:\/\/www.homeoriginal.com.mialias.net\/producto\/cuadro-barcelona-skyline-1\/"},"modified":"2026-03-18T14:01:13","modified_gmt":"2026-03-18T14:01:13","slug":"tableau-barcelona-skyline-1","status":"publish","type":"product","link":"https:\/\/www.home-original.eu\/fr\/product\/tableau-barcelona-skyline-1\/","title":{"rendered":"Tableau Barcelona Skyline 1"},"content":{"rendered":"<p style=\"line-height: 19.6px; margin: 0px 0px 6px; color: #474747; font-family: Questrial, sans-serif; font-size: 14px; background-color: #ffffff;\">Tableau originale peinte \u00e0 la main sur toile par les artistes de notre atelier. Toiles et peintures de haute qualit\u00e9. Skyline dans des tons de brun, d&rsquo;orange, d&rsquo;ocre, de rouge et une touche de violet, m\u00e9lang\u00e9s ensemble pour apporter une grande harmonie de couleurs \u00e0 l&rsquo;\u0153uvre.<\/p>\n","protected":false},"excerpt":{"rendered":"<p>Tableau originale peinte \u00e0 la main sur toile par les artistes de notre atelier. Toiles et peintures de haute qualit\u00e9. Skyline dans des tons de brun, d&rsquo;orange, d&rsquo;ocre, de rouge et une touche de violet, m\u00e9lang\u00e9s ensemble pour apporter une grande harmonie de couleurs \u00e0 l&rsquo;\u0153uvre.<\/p>\n","protected":false},"featured_media":2961,"comment_status":"open","ping_status":"closed","template":"","meta":[],"product_brand":[],"product_cat":[840,833,773],"product_tag":[],"class_list":{"0":"post-2730","1":"product","2":"type-product","3":"status-publish","4":"has-post-thumbnail","6":"product_cat-tableaux-du-salon-fr","7":"product_cat-tableaux-des-villes","8":"product_cat-tableaux-oranges","9":"pa_height-x-width-x-thickness-90-x-90","10":"pa_height-x-width-x-thickness-110-x-110","11":"pa_height-x-width-x-thickness-120-x-80","12":"pa_height-x-width-x-thickness-150-x-80","13":"pa_height-x-width-x-thickness-130-x-100","15":"first","16":"instock","17":"taxable","18":"shipping-taxable","19":"purchasable","20":"product-type-variable"},"acf":[],"_links":{"self":[{"href":"https:\/\/www.home-original.eu\/fr\/wp-json\/wp\/v2\/product\/2730","targetHints":{"allow":["GET"]}}],"collection":[{"href":"https:\/\/www.home-original.eu\/fr\/wp-json\/wp\/v2\/product"}],"about":[{"href":"https:\/\/www.home-original.eu\/fr\/wp-json\/wp\/v2\/types\/product"}],"replies":[{"embeddable":true,"href":"https:\/\/www.home-original.eu\/fr\/wp-json\/wp\/v2\/comments?post=2730"}],"wp:featuredmedia":[{"embeddable":true,"href":"https:\/\/www.home-original.eu\/fr\/wp-json\/wp\/v2\/media\/2961"}],"wp:attachment":[{"href":"https:\/\/www.home-original.eu\/fr\/wp-json\/wp\/v2\/media?parent=2730"}],"wp:term":[{"taxonomy":"product_brand","embeddable":true,"href":"https:\/\/www.home-original.eu\/fr\/wp-json\/wp\/v2\/product_brand?post=2730"},{"taxonomy":"product_cat","embeddable":true,"href":"https:\/\/www.home-original.eu\/fr\/wp-json\/wp\/v2\/product_cat?post=2730"},{"taxonomy":"product_tag","embeddable":true,"href":"https:\/\/www.home-original.eu\/fr\/wp-json\/wp\/v2\/product_tag?post=2730"}],"curies":[{"name":"wp","href":"https:\/\/api.w.org\/{rel}","templated":true}]}}