{"id":2779,"date":"2022-03-17T15:46:43","date_gmt":"2022-03-17T15:46:43","guid":{"rendered":"http:\/\/www.homeoriginal.com.mialias.net\/producto\/cuadro-raices\/"},"modified":"2026-04-14T14:27:19","modified_gmt":"2026-04-14T14:27:19","slug":"tableau-raices","status":"publish","type":"product","link":"https:\/\/www.home-original.eu\/fr\/product\/tableau-raices\/","title":{"rendered":"Tableau Ra\u00edces"},"content":{"rendered":"<p style=\"line-height: 19.6px; margin: 0px 0px 6px; color: #474747; font-family: Questrial, sans-serif; font-size: 14px; background-color: #ffffff;\">Acrylique sur toile peinte \u00e0 la main. Enti\u00e8rement fini et mont\u00e9, pr\u00eat \u00e0 \u00eatre accroch\u00e9 sur votre mur, avec des textures. Nuances, beiges et bruns dans les gammes.\u00a0Partie centrale avec technique de collage sur fond beige et gris.<\/p>\n","protected":false},"excerpt":{"rendered":"<p>Acrylique sur toile peinte \u00e0 la main. Enti\u00e8rement fini et mont\u00e9, pr\u00eat \u00e0 \u00eatre accroch\u00e9 sur votre mur, avec des textures. Nuances, beiges et bruns dans les gammes. Partie centrale avec technique de collage sur fond beige et gris.<\/p>\n","protected":false},"featured_media":2957,"comment_status":"open","ping_status":"closed","template":"","meta":[],"product_brand":[],"product_cat":[619,676,840,624,679],"product_tag":[],"class_list":{"0":"post-2779","1":"product","2":"type-product","3":"status-publish","4":"has-post-thumbnail","6":"product_cat-tableaux-abstraits","7":"product_cat-tableaux-beiges","8":"product_cat-tableaux-du-salon-fr","9":"product_cat-tableaux-du-salon","10":"product_cat-tableaux-gris","11":"pa_height-x-width-x-thickness-90-x-90","12":"pa_height-x-width-x-thickness-110-x-110","13":"pa_height-x-width-x-thickness-120-x-80","14":"pa_height-x-width-x-thickness-150-x-80","15":"pa_height-x-width-x-thickness-130-x-100","17":"first","18":"instock","19":"taxable","20":"shipping-taxable","21":"purchasable","22":"product-type-variable"},"acf":[],"_links":{"self":[{"href":"https:\/\/www.home-original.eu\/fr\/wp-json\/wp\/v2\/product\/2779","targetHints":{"allow":["GET"]}}],"collection":[{"href":"https:\/\/www.home-original.eu\/fr\/wp-json\/wp\/v2\/product"}],"about":[{"href":"https:\/\/www.home-original.eu\/fr\/wp-json\/wp\/v2\/types\/product"}],"replies":[{"embeddable":true,"href":"https:\/\/www.home-original.eu\/fr\/wp-json\/wp\/v2\/comments?post=2779"}],"wp:featuredmedia":[{"embeddable":true,"href":"https:\/\/www.home-original.eu\/fr\/wp-json\/wp\/v2\/media\/2957"}],"wp:attachment":[{"href":"https:\/\/www.home-original.eu\/fr\/wp-json\/wp\/v2\/media?parent=2779"}],"wp:term":[{"taxonomy":"product_brand","embeddable":true,"href":"https:\/\/www.home-original.eu\/fr\/wp-json\/wp\/v2\/product_brand?post=2779"},{"taxonomy":"product_cat","embeddable":true,"href":"https:\/\/www.home-original.eu\/fr\/wp-json\/wp\/v2\/product_cat?post=2779"},{"taxonomy":"product_tag","embeddable":true,"href":"https:\/\/www.home-original.eu\/fr\/wp-json\/wp\/v2\/product_tag?post=2779"}],"curies":[{"name":"wp","href":"https:\/\/api.w.org\/{rel}","templated":true}]}}