{"id":2812,"date":"2022-05-19T17:11:35","date_gmt":"2022-05-19T17:11:35","guid":{"rendered":"http:\/\/www.homeoriginal.com.mialias.net\/producto\/cuadro-barcelona-skyline-3\/"},"modified":"2025-06-01T08:17:53","modified_gmt":"2025-06-01T08:17:53","slug":"tableau-barcelona-skyline-3","status":"publish","type":"product","link":"https:\/\/www.home-original.eu\/fr\/product\/tableau-barcelona-skyline-3\/","title":{"rendered":"Tableau Barcelona Skyline 3"},"content":{"rendered":"<p style=\"line-height: 19.6px; margin: 0px 0px 6px; color: #474747; font-family: Questrial, sans-serif; font-size: 14px; background-color: #ffffff;\">Tableau originale peinte \u00e0 la main sur toile par les artistes de notre atelier. Toiles et tableaux de grande qualit\u00e9. Skyline dans les tons gris dans toute sa gamme, m\u00e9lang\u00e9s entre eux, offrant une grande harmonie \u00e0 l&rsquo;\u0153uvre.<\/p>\n","protected":false},"excerpt":{"rendered":"<p>Tableau originale peinte \u00e0 la main sur toile par les artistes de notre atelier. Toiles et tableaux de grande qualit\u00e9. Skyline dans les tons gris dans toute sa gamme, m\u00e9lang\u00e9s entre eux pour donner une grande harmonie \u00e0 l&rsquo;\u0153uvre.<\/p>\n","protected":false},"featured_media":2915,"comment_status":"open","ping_status":"closed","template":"","meta":[],"product_brand":[],"product_cat":[840],"product_tag":[],"class_list":{"0":"post-2812","1":"product","2":"type-product","3":"status-publish","4":"has-post-thumbnail","6":"product_cat-tableaux-du-salon-fr","7":"pa_height-x-width-x-thickness-90-x-90","8":"pa_height-x-width-x-thickness-110-x-110","9":"pa_height-x-width-x-thickness-120-x-80","10":"pa_height-x-width-x-thickness-150-x-80","11":"pa_height-x-width-x-thickness-130-x-100","13":"first","14":"instock","15":"taxable","16":"shipping-taxable","17":"purchasable","18":"product-type-variable"},"acf":[],"_links":{"self":[{"href":"https:\/\/www.home-original.eu\/fr\/wp-json\/wp\/v2\/product\/2812","targetHints":{"allow":["GET"]}}],"collection":[{"href":"https:\/\/www.home-original.eu\/fr\/wp-json\/wp\/v2\/product"}],"about":[{"href":"https:\/\/www.home-original.eu\/fr\/wp-json\/wp\/v2\/types\/product"}],"replies":[{"embeddable":true,"href":"https:\/\/www.home-original.eu\/fr\/wp-json\/wp\/v2\/comments?post=2812"}],"wp:featuredmedia":[{"embeddable":true,"href":"https:\/\/www.home-original.eu\/fr\/wp-json\/wp\/v2\/media\/2915"}],"wp:attachment":[{"href":"https:\/\/www.home-original.eu\/fr\/wp-json\/wp\/v2\/media?parent=2812"}],"wp:term":[{"taxonomy":"product_brand","embeddable":true,"href":"https:\/\/www.home-original.eu\/fr\/wp-json\/wp\/v2\/product_brand?post=2812"},{"taxonomy":"product_cat","embeddable":true,"href":"https:\/\/www.home-original.eu\/fr\/wp-json\/wp\/v2\/product_cat?post=2812"},{"taxonomy":"product_tag","embeddable":true,"href":"https:\/\/www.home-original.eu\/fr\/wp-json\/wp\/v2\/product_tag?post=2812"}],"curies":[{"name":"wp","href":"https:\/\/api.w.org\/{rel}","templated":true}]}}