{"id":31465,"date":"2023-03-16T11:54:43","date_gmt":"2023-03-16T11:54:43","guid":{"rendered":"https:\/\/www.home-original.eu\/?post_type=product&#038;p=31465"},"modified":"2026-03-12T15:31:31","modified_gmt":"2026-03-12T15:31:31","slug":"tableau-tutsie-verde","status":"publish","type":"product","link":"https:\/\/www.home-original.eu\/fr\/product\/tableau-tutsie-verde\/","title":{"rendered":"Tableau Tutsie Verde"},"content":{"rendered":"<p>Peint \u00e0 la main dans notre atelier par des artistes de Home-Original Fine Arts. Toile et peintures acryliques de haute qualit\u00e9. Le tableau est fabriqu\u00e9 en bois de pin about\u00e9 (sans pliage) avec un profil de 35&#215;30. Le bois provient de for\u00eats durables. La toile est une toile en coton polyester avec un appr\u00eat artisanal classique pour les beaux-arts, \u00e0 base de colle et de r\u00e9sines acryliques. La toile est mont\u00e9e sur le ch\u00e2ssis de mani\u00e8re totalement artisanale, ce qui permet d&rsquo;obtenir une finition sans \u00e9tirement.<\/p>\n","protected":false},"excerpt":{"rendered":"<p>Le tableau Tutsie est un tableau original peint \u00e0 la main \u00e0 l&rsquo;acrylique sur toile, avec des textures. D&rsquo;une grande couleur et vivacit\u00e9, m\u00e9langeant diff\u00e9rentes nuances de vert, d&rsquo;ocre, de tuile, de bleu verd\u00e2tre, etc. se m\u00ealant les unes aux autres &#8230;. Une \u0153uvre tr\u00e8s forte inspir\u00e9e d&rsquo;une tribu africaine.<\/p>\n","protected":false},"featured_media":31474,"comment_status":"closed","ping_status":"closed","template":"","meta":[],"product_brand":[],"product_cat":[677,821],"product_tag":[],"class_list":{"0":"post-31465","1":"product","2":"type-product","3":"status-publish","4":"has-post-thumbnail","6":"product_cat-tableaux-colorees-fr","7":"product_cat-peinture-figurative","8":"pa_height-x-width-x-thickness-90-x-90","9":"pa_height-x-width-x-thickness-110-x-110","10":"pa_height-x-width-x-thickness-120-x-80-fr","11":"pa_height-x-width-x-thickness-150-x-80","12":"pa_height-x-width-x-thickness-130-x-100","14":"first","15":"instock","16":"taxable","17":"shipping-taxable","18":"purchasable","19":"product-type-variable"},"acf":[],"_links":{"self":[{"href":"https:\/\/www.home-original.eu\/fr\/wp-json\/wp\/v2\/product\/31465","targetHints":{"allow":["GET"]}}],"collection":[{"href":"https:\/\/www.home-original.eu\/fr\/wp-json\/wp\/v2\/product"}],"about":[{"href":"https:\/\/www.home-original.eu\/fr\/wp-json\/wp\/v2\/types\/product"}],"replies":[{"embeddable":true,"href":"https:\/\/www.home-original.eu\/fr\/wp-json\/wp\/v2\/comments?post=31465"}],"wp:featuredmedia":[{"embeddable":true,"href":"https:\/\/www.home-original.eu\/fr\/wp-json\/wp\/v2\/media\/31474"}],"wp:attachment":[{"href":"https:\/\/www.home-original.eu\/fr\/wp-json\/wp\/v2\/media?parent=31465"}],"wp:term":[{"taxonomy":"product_brand","embeddable":true,"href":"https:\/\/www.home-original.eu\/fr\/wp-json\/wp\/v2\/product_brand?post=31465"},{"taxonomy":"product_cat","embeddable":true,"href":"https:\/\/www.home-original.eu\/fr\/wp-json\/wp\/v2\/product_cat?post=31465"},{"taxonomy":"product_tag","embeddable":true,"href":"https:\/\/www.home-original.eu\/fr\/wp-json\/wp\/v2\/product_tag?post=31465"}],"curies":[{"name":"wp","href":"https:\/\/api.w.org\/{rel}","templated":true}]}}