{"id":31485,"date":"2023-03-16T12:03:04","date_gmt":"2023-03-16T12:03:04","guid":{"rendered":"https:\/\/www.home-original.eu\/?post_type=product&#038;p=31485"},"modified":"2026-03-10T09:04:07","modified_gmt":"2026-03-10T09:04:07","slug":"tableau-menina-vintage","status":"publish","type":"product","link":"https:\/\/www.home-original.eu\/fr\/product\/tableau-menina-vintage\/","title":{"rendered":"Tableau Menina Vintage"},"content":{"rendered":"<p>Peint \u00e0 la main dans notre atelier par des artistes de Home-Original Fine Arts. Tableau et peintures acryliques de grande qualit\u00e9. Le tableau est en bois de pin about\u00e9 (sans pliage) avec un profil de 35&#215;30. Le bois provient de for\u00eats durables. La toile est une toile en coton polyester avec un appr\u00eat artisanal classique pour les beaux-arts, \u00e0 base de colle et de r\u00e9sines acryliques. La toile est mont\u00e9e sur le ch\u00e2ssis de mani\u00e8re totalement artisanale, ce qui permet d&rsquo;obtenir une finition sans \u00e9tirement.<\/p>\n","protected":false},"excerpt":{"rendered":"<p style=\"line-height: 19.6px; margin: 0px 0px 6px; color: #474747; font-family: Questrial, sans-serif; font-size: 14px; background-color: #ffffff;\">Tableau original peint \u00e0 l&rsquo;acrylique sur toile par des artistes des Beaux-Arts. \u0152uvre inspir\u00e9e des classiques M\u00e9nines de V\u00e9lasquez, jouant avec beaucoup de texture. Les tons rouille, les noirs, les bruns et les blancs cass\u00e9s font de cette composition une \u0153uvre de caract\u00e8re. Id\u00e9ale pour d\u00e9corer des environnements classiques ou modernes.<\/p>\n","protected":false},"featured_media":31493,"comment_status":"open","ping_status":"closed","template":"","meta":[],"product_brand":[],"product_cat":[832,840,621],"product_tag":[],"class_list":{"0":"post-31485","1":"product","2":"type-product","3":"status-publish","4":"has-post-thumbnail","6":"product_cat-tableaux-de-menines","7":"product_cat-tableaux-du-salon-fr","8":"product_cat-tableaux-recommandes","9":"pa_height-x-width-x-thickness-100x100x2-units","10":"pa_height-x-width-x-thickness-100x130x35cm","11":"pa_height-x-width-x-thickness-60x80x2-units","12":"pa_height-x-width-x-thickness-80x100x2-units","13":"pa_height-x-width-x-thickness-80x80x2-units","14":"pa_height-x-width-x-thickness-90-x-90","15":"pa_height-x-width-x-thickness-110-x-110","17":"pa_height-x-width-x-thickness-120-x-80","18":"pa_height-x-width-x-thickness-120-x-80-fr","19":"pa_height-x-width-x-thickness-150-x-80","21":"pa_height-x-width-x-thickness-130-x-100","24":"first","25":"instock","26":"taxable","27":"shipping-taxable","28":"purchasable","29":"product-type-variable"},"acf":[],"_links":{"self":[{"href":"https:\/\/www.home-original.eu\/fr\/wp-json\/wp\/v2\/product\/31485","targetHints":{"allow":["GET"]}}],"collection":[{"href":"https:\/\/www.home-original.eu\/fr\/wp-json\/wp\/v2\/product"}],"about":[{"href":"https:\/\/www.home-original.eu\/fr\/wp-json\/wp\/v2\/types\/product"}],"replies":[{"embeddable":true,"href":"https:\/\/www.home-original.eu\/fr\/wp-json\/wp\/v2\/comments?post=31485"}],"wp:featuredmedia":[{"embeddable":true,"href":"https:\/\/www.home-original.eu\/fr\/wp-json\/wp\/v2\/media\/31493"}],"wp:attachment":[{"href":"https:\/\/www.home-original.eu\/fr\/wp-json\/wp\/v2\/media?parent=31485"}],"wp:term":[{"taxonomy":"product_brand","embeddable":true,"href":"https:\/\/www.home-original.eu\/fr\/wp-json\/wp\/v2\/product_brand?post=31485"},{"taxonomy":"product_cat","embeddable":true,"href":"https:\/\/www.home-original.eu\/fr\/wp-json\/wp\/v2\/product_cat?post=31485"},{"taxonomy":"product_tag","embeddable":true,"href":"https:\/\/www.home-original.eu\/fr\/wp-json\/wp\/v2\/product_tag?post=31485"}],"curies":[{"name":"wp","href":"https:\/\/api.w.org\/{rel}","templated":true}]}}