{"id":32701,"date":"2023-06-13T07:57:02","date_gmt":"2023-06-13T07:57:02","guid":{"rendered":"https:\/\/www.home-original.eu\/?post_type=product&#038;p=32701"},"modified":"2026-03-11T15:06:18","modified_gmt":"2026-03-11T15:06:18","slug":"tableau-aiguablava","status":"publish","type":"product","link":"https:\/\/www.home-original.eu\/fr\/product\/tableau-aiguablava\/","title":{"rendered":"Tableau Aiguablava"},"content":{"rendered":"<p>Tableau\u00a0 peint \u00e0 la main, dans des tons de beige, de blanc et de vert d&rsquo;eau, avec des coups de pinceau bruns et des touches de feuille d&rsquo;or. Travail textur\u00e9 qui combine le pinceau et le couteau \u00e0 palette, cr\u00e9ant des formes spectaculaires. L&rsquo;\u0153uvre est d&rsquo;une grande plasticit\u00e9 et d&rsquo;une grande conception.<\/p>\n<p>Peint \u00e0 la main dans notre atelier par des artistes d&rsquo;origine locale. Tableau et peintures acryliques de haute qualit\u00e9. Le tableau est en bois de pin about\u00e9 (sans pliage) avec un profil de 35&#215;30. Le bois provient de for\u00eats durables. La toile est une toile en coton polyester avec un appr\u00eat artisanal classique pour les beaux-arts, \u00e0 base de colle et de r\u00e9sines acryliques. La tableau est mont\u00e9e sur le ch\u00e2ssis de mani\u00e8re totalement artisanale, ce qui permet d&rsquo;obtenir une finition sans \u00e9tirement.<\/p>\n","protected":false},"excerpt":{"rendered":"<p>Tableau\u00a0 peint \u00e0 la main, dans des tons de beige, de blanc et de vert d&rsquo;eau, avec des coups de pinceau bruns et des touches de feuille d&rsquo;or. Travail textur\u00e9 qui combine le pinceau et le couteau \u00e0 palette, cr\u00e9ant des formes spectaculaires. L&rsquo;\u0153uvre est d&rsquo;une grande plasticit\u00e9 et d&rsquo;une grande conception.<\/p>\n","protected":false},"featured_media":32709,"comment_status":"open","ping_status":"closed","template":"","meta":[],"product_brand":[],"product_cat":[622,620,619,625,623,819],"product_tag":[],"class_list":{"0":"post-32701","1":"product","2":"type-product","3":"status-publish","4":"has-post-thumbnail","6":"product_cat-tableaux-nouvelles","7":"product_cat-nouvelles","8":"product_cat-tableaux-abstraits","9":"product_cat-tableaux-bleus","10":"product_cat-tableaux-de-chambre","11":"product_cat-tableaux-de-tuquoise-fr","12":"pa_height-x-width-x-thickness-90-x-90","13":"pa_height-x-width-x-thickness-110-x-110","14":"pa_height-x-width-x-thickness-120-x-80","15":"pa_height-x-width-x-thickness-150-x-80","16":"pa_height-x-width-x-thickness-130-x-100","18":"first","19":"instock","20":"taxable","21":"shipping-taxable","22":"purchasable","23":"product-type-variable"},"acf":[],"_links":{"self":[{"href":"https:\/\/www.home-original.eu\/fr\/wp-json\/wp\/v2\/product\/32701","targetHints":{"allow":["GET"]}}],"collection":[{"href":"https:\/\/www.home-original.eu\/fr\/wp-json\/wp\/v2\/product"}],"about":[{"href":"https:\/\/www.home-original.eu\/fr\/wp-json\/wp\/v2\/types\/product"}],"replies":[{"embeddable":true,"href":"https:\/\/www.home-original.eu\/fr\/wp-json\/wp\/v2\/comments?post=32701"}],"wp:featuredmedia":[{"embeddable":true,"href":"https:\/\/www.home-original.eu\/fr\/wp-json\/wp\/v2\/media\/32709"}],"wp:attachment":[{"href":"https:\/\/www.home-original.eu\/fr\/wp-json\/wp\/v2\/media?parent=32701"}],"wp:term":[{"taxonomy":"product_brand","embeddable":true,"href":"https:\/\/www.home-original.eu\/fr\/wp-json\/wp\/v2\/product_brand?post=32701"},{"taxonomy":"product_cat","embeddable":true,"href":"https:\/\/www.home-original.eu\/fr\/wp-json\/wp\/v2\/product_cat?post=32701"},{"taxonomy":"product_tag","embeddable":true,"href":"https:\/\/www.home-original.eu\/fr\/wp-json\/wp\/v2\/product_tag?post=32701"}],"curies":[{"name":"wp","href":"https:\/\/api.w.org\/{rel}","templated":true}]}}