{"id":32766,"date":"2023-06-13T08:26:52","date_gmt":"2023-06-13T08:26:52","guid":{"rendered":"https:\/\/www.home-original.eu\/?post_type=product&#038;p=32766"},"modified":"2026-03-11T15:06:01","modified_gmt":"2026-03-11T15:06:01","slug":"tableau-saona","status":"publish","type":"product","link":"https:\/\/www.home-original.eu\/fr\/product\/tableau-saona\/","title":{"rendered":"Tableau Saona"},"content":{"rendered":"<p>Tableau peint \u00e0 la main, dans les tons de brun, ocre, bleu, avec des touches de feuilles d&rsquo;or. Fond blanc cass\u00e9. Id\u00e9al pour un positionnement vertical. Enti\u00e8rement fini et mont\u00e9, pr\u00eat \u00e0 \u00eatre accroch\u00e9 au mur, avec des textures sablonneuses.<\/p>\n<p>Peint \u00e0 la main dans notre atelier par des artistes d&rsquo;origine locale. Tableau et peintures acryliques de haute qualit\u00e9. Le tableau est en bois de pin about\u00e9 (sans pliage) avec un profil de 35&#215;30. Le bois provient de for\u00eats durables. La toile est une toile en coton polyester avec un appr\u00eat artisanal classique pour les beaux-arts, \u00e0 base de colle et de r\u00e9sines acryliques. La tableau est mont\u00e9e sur le ch\u00e2ssis de mani\u00e8re totalement artisanale, ce qui permet d&rsquo;obtenir une finition sans \u00e9tirement.<\/p>\n","protected":false},"excerpt":{"rendered":"<p>Tableau peint \u00e0 la main, dans les tons de brun, ocre, bleu, avec des touches de feuilles d&rsquo;or. Fond blanc cass\u00e9. Id\u00e9al pour un positionnement vertical. Enti\u00e8rement fini et mont\u00e9, pr\u00eat \u00e0 \u00eatre accroch\u00e9 au mur, avec des textures sablonneuses.<\/p>\n","protected":false},"featured_media":32773,"comment_status":"open","ping_status":"closed","template":"","meta":[],"product_brand":[],"product_cat":[622,620,619,625,627,842,624,774],"product_tag":[],"class_list":{"0":"post-32766","1":"product","2":"type-product","3":"status-publish","4":"has-post-thumbnail","6":"product_cat-tableaux-nouvelles","7":"product_cat-nouvelles","8":"product_cat-tableaux-abstraits","9":"product_cat-tableaux-bleus","10":"product_cat-tableaux-bleus-fr","11":"product_cat-tableaux-colorees","12":"product_cat-tableaux-du-salon","13":"product_cat-tableaux-dor","14":"pa_height-x-width-x-thickness-90-x-90","15":"pa_height-x-width-x-thickness-110-x-110","16":"pa_height-x-width-x-thickness-120-x-80","17":"pa_height-x-width-x-thickness-150-x-80","18":"pa_height-x-width-x-thickness-130-x-100","20":"first","21":"instock","22":"taxable","23":"shipping-taxable","24":"purchasable","25":"product-type-variable"},"acf":[],"_links":{"self":[{"href":"https:\/\/www.home-original.eu\/fr\/wp-json\/wp\/v2\/product\/32766","targetHints":{"allow":["GET"]}}],"collection":[{"href":"https:\/\/www.home-original.eu\/fr\/wp-json\/wp\/v2\/product"}],"about":[{"href":"https:\/\/www.home-original.eu\/fr\/wp-json\/wp\/v2\/types\/product"}],"replies":[{"embeddable":true,"href":"https:\/\/www.home-original.eu\/fr\/wp-json\/wp\/v2\/comments?post=32766"}],"wp:featuredmedia":[{"embeddable":true,"href":"https:\/\/www.home-original.eu\/fr\/wp-json\/wp\/v2\/media\/32773"}],"wp:attachment":[{"href":"https:\/\/www.home-original.eu\/fr\/wp-json\/wp\/v2\/media?parent=32766"}],"wp:term":[{"taxonomy":"product_brand","embeddable":true,"href":"https:\/\/www.home-original.eu\/fr\/wp-json\/wp\/v2\/product_brand?post=32766"},{"taxonomy":"product_cat","embeddable":true,"href":"https:\/\/www.home-original.eu\/fr\/wp-json\/wp\/v2\/product_cat?post=32766"},{"taxonomy":"product_tag","embeddable":true,"href":"https:\/\/www.home-original.eu\/fr\/wp-json\/wp\/v2\/product_tag?post=32766"}],"curies":[{"name":"wp","href":"https:\/\/api.w.org\/{rel}","templated":true}]}}