{"id":32827,"date":"2023-06-13T08:46:28","date_gmt":"2023-06-13T08:46:28","guid":{"rendered":"https:\/\/www.home-original.eu\/?post_type=product&#038;p=32827"},"modified":"2026-03-18T14:00:55","modified_gmt":"2026-03-18T14:00:55","slug":"tableau-isla-margarita-1","status":"publish","type":"product","link":"https:\/\/www.home-original.eu\/fr\/product\/tableau-isla-margarita-1\/","title":{"rendered":"Tableau Isla Margarita 1"},"content":{"rendered":"<p>Tableau peint \u00e0 la main. Enti\u00e8rement finie et mont\u00e9e, pr\u00eate \u00e0 \u00eatre accroch\u00e9e au mur. Des nuances de vert, de brun, de beige et de blanc cass\u00e9 avec de l\u00e9g\u00e8res touches de feuilles d&rsquo;or, dans une \u0153uvre d&rsquo;art extr\u00eame.<\/p>\n<p>Peint \u00e0 la main dans notre atelier par des artistes d&rsquo;origine locale. Tableau et peintures acryliques de haute qualit\u00e9. Le tableau est en bois de pin about\u00e9 (sans pliage) avec un profil de 35&#215;30. Le bois provient de for\u00eats durables. La toile est une toile en coton polyester avec un appr\u00eat artisanal classique pour les beaux-arts, \u00e0 base de colle et de r\u00e9sines acryliques. La tableau est mont\u00e9e sur le ch\u00e2ssis de mani\u00e8re totalement artisanale, ce qui permet d&rsquo;obtenir une finition sans \u00e9tirement.<\/p>\n","protected":false},"excerpt":{"rendered":"<p>Tableau peint \u00e0 la main. Enti\u00e8rement finie et mont\u00e9e, pr\u00eate \u00e0 \u00eatre accroch\u00e9e au mur. Des nuances de vert, de brun, de beige et de blanc cass\u00e9 avec de l\u00e9g\u00e8res touches de feuilles d&rsquo;or, dans une \u0153uvre d&rsquo;art extr\u00eame.<\/p>\n","protected":false},"featured_media":32835,"comment_status":"open","ping_status":"closed","template":"","meta":[],"product_brand":[],"product_cat":[622,620,619],"product_tag":[],"class_list":{"0":"post-32827","1":"product","2":"type-product","3":"status-publish","4":"has-post-thumbnail","6":"product_cat-tableaux-nouvelles","7":"product_cat-nouvelles","8":"product_cat-tableaux-abstraits","9":"pa_height-x-width-x-thickness-90-x-90","10":"pa_height-x-width-x-thickness-110-x-110","11":"pa_height-x-width-x-thickness-120-x-80","12":"pa_height-x-width-x-thickness-150-x-80","13":"pa_height-x-width-x-thickness-130-x-100","15":"first","16":"instock","17":"taxable","18":"shipping-taxable","19":"purchasable","20":"product-type-variable"},"acf":[],"_links":{"self":[{"href":"https:\/\/www.home-original.eu\/fr\/wp-json\/wp\/v2\/product\/32827","targetHints":{"allow":["GET"]}}],"collection":[{"href":"https:\/\/www.home-original.eu\/fr\/wp-json\/wp\/v2\/product"}],"about":[{"href":"https:\/\/www.home-original.eu\/fr\/wp-json\/wp\/v2\/types\/product"}],"replies":[{"embeddable":true,"href":"https:\/\/www.home-original.eu\/fr\/wp-json\/wp\/v2\/comments?post=32827"}],"wp:featuredmedia":[{"embeddable":true,"href":"https:\/\/www.home-original.eu\/fr\/wp-json\/wp\/v2\/media\/32835"}],"wp:attachment":[{"href":"https:\/\/www.home-original.eu\/fr\/wp-json\/wp\/v2\/media?parent=32827"}],"wp:term":[{"taxonomy":"product_brand","embeddable":true,"href":"https:\/\/www.home-original.eu\/fr\/wp-json\/wp\/v2\/product_brand?post=32827"},{"taxonomy":"product_cat","embeddable":true,"href":"https:\/\/www.home-original.eu\/fr\/wp-json\/wp\/v2\/product_cat?post=32827"},{"taxonomy":"product_tag","embeddable":true,"href":"https:\/\/www.home-original.eu\/fr\/wp-json\/wp\/v2\/product_tag?post=32827"}],"curies":[{"name":"wp","href":"https:\/\/api.w.org\/{rel}","templated":true}]}}