{"id":32849,"date":"2023-06-13T09:04:38","date_gmt":"2023-06-13T09:04:38","guid":{"rendered":"https:\/\/www.home-original.eu\/?post_type=product&#038;p=32849"},"modified":"2026-05-06T08:28:42","modified_gmt":"2026-05-06T08:28:42","slug":"tableau-isla-moorea","status":"publish","type":"product","link":"https:\/\/www.home-original.eu\/fr\/product\/tableau-isla-moorea\/","title":{"rendered":"Tableau Isla Moorea"},"content":{"rendered":"<p>La paire de tableaux Diptyque de l&rsquo;\u00eele de Moorea est compos\u00e9e de 2 peintures acryliques sur toile peintes \u00e0 la main. Enti\u00e8rement finies et mont\u00e9es, elles sont pr\u00eates \u00e0 \u00eatre accroch\u00e9es \u00e0 votre mur. Des tons doux de bleu verd\u00e2tre, des terres et des gris clairs et une l\u00e9g\u00e8re touche de feuille d&rsquo;or. Peinture tr\u00e8s textur\u00e9e. PEUT \u00caTRE VENDU EN VRAC. DEMANDER LES PRIX<\/p>\n<p>Peint \u00e0 la main dans notre atelier par des artistes d&rsquo;origine locale. Tableau et peintures acryliques de haute qualit\u00e9. Le tableau est en bois de pin about\u00e9 (sans pliage) avec un profil de 35&#215;30. Le bois provient de for\u00eats durables. La toile est une toile en coton polyester avec un appr\u00eat artisanal classique pour les beaux-arts, \u00e0 base de colle et de r\u00e9sines acryliques. La tableau est mont\u00e9e sur le ch\u00e2ssis de mani\u00e8re totalement artisanale, ce qui permet d&rsquo;obtenir une finition sans \u00e9tirement.<\/p>\n","protected":false},"excerpt":{"rendered":"<p>La paire de tableaux Diptyque de l&rsquo;\u00eele de Moorea est compos\u00e9e de 2 peintures acryliques sur toile peintes \u00e0 la main. Enti\u00e8rement finies et mont\u00e9es, elles sont pr\u00eates \u00e0 \u00eatre accroch\u00e9es \u00e0 votre mur. Des tons doux de bleu verd\u00e2tre, des terres et des gris clairs et une l\u00e9g\u00e8re touche de feuille d&rsquo;or. Peinture tr\u00e8s textur\u00e9e. PEUT \u00caTRE VENDU EN VRAC. DEMANDER LES PRIX<\/p>\n","protected":false},"featured_media":33138,"comment_status":"open","ping_status":"closed","template":"","meta":[],"product_brand":[],"product_cat":[622,620,619,625,675],"product_tag":[],"class_list":{"0":"post-32849","1":"product","2":"type-product","3":"status-publish","4":"has-post-thumbnail","6":"product_cat-tableaux-nouvelles","7":"product_cat-nouvelles","8":"product_cat-tableaux-abstraits","9":"product_cat-tableaux-bleus","10":"product_cat-tableaux-bruns","11":"pa_height-x-width-x-thickness-100x100x2-units","12":"pa_height-x-width-x-thickness-100x130x35cm","13":"pa_height-x-width-x-thickness-50x120","14":"pa_height-x-width-x-thickness-60x80x2-units","15":"pa_height-x-width-x-thickness-70x150","16":"pa_height-x-width-x-thickness-80x100x2-units","17":"pa_height-x-width-x-thickness-80x80x2-units","18":"pa_height-x-width-x-thickness-90-x-90","19":"pa_height-x-width-x-thickness-110-x-110","20":"pa_height-x-width-x-thickness-120-x-80-fr","21":"pa_height-x-width-x-thickness-150-x-80","22":"pa_height-x-width-x-thickness-130-x-100","24":"first","25":"instock","26":"taxable","27":"shipping-taxable","28":"purchasable","29":"product-type-variable"},"acf":[],"_links":{"self":[{"href":"https:\/\/www.home-original.eu\/fr\/wp-json\/wp\/v2\/product\/32849","targetHints":{"allow":["GET"]}}],"collection":[{"href":"https:\/\/www.home-original.eu\/fr\/wp-json\/wp\/v2\/product"}],"about":[{"href":"https:\/\/www.home-original.eu\/fr\/wp-json\/wp\/v2\/types\/product"}],"replies":[{"embeddable":true,"href":"https:\/\/www.home-original.eu\/fr\/wp-json\/wp\/v2\/comments?post=32849"}],"wp:featuredmedia":[{"embeddable":true,"href":"https:\/\/www.home-original.eu\/fr\/wp-json\/wp\/v2\/media\/33138"}],"wp:attachment":[{"href":"https:\/\/www.home-original.eu\/fr\/wp-json\/wp\/v2\/media?parent=32849"}],"wp:term":[{"taxonomy":"product_brand","embeddable":true,"href":"https:\/\/www.home-original.eu\/fr\/wp-json\/wp\/v2\/product_brand?post=32849"},{"taxonomy":"product_cat","embeddable":true,"href":"https:\/\/www.home-original.eu\/fr\/wp-json\/wp\/v2\/product_cat?post=32849"},{"taxonomy":"product_tag","embeddable":true,"href":"https:\/\/www.home-original.eu\/fr\/wp-json\/wp\/v2\/product_tag?post=32849"}],"curies":[{"name":"wp","href":"https:\/\/api.w.org\/{rel}","templated":true}]}}