{"id":33028,"date":"2023-09-21T13:58:08","date_gmt":"2023-09-21T13:58:08","guid":{"rendered":"https:\/\/www.home-original.eu\/?post_type=product&#038;p=33028"},"modified":"2026-03-11T15:34:04","modified_gmt":"2026-03-11T15:34:04","slug":"tableau-aiguablava-copia","status":"publish","type":"product","link":"https:\/\/www.home-original.eu\/fr\/product\/tableau-aiguablava-copia\/","title":{"rendered":"Tableau La Provence"},"content":{"rendered":"<p>Tableau original peint \u00e0 la main \u00e0 l&rsquo;acrylique sur toile, avec textures. Couleurs beige et grise en arri\u00e8re-plan, avec des coups de pinceau joyeux de lilas, d&rsquo;ocre, de blanc et de l\u00e9g\u00e8res touches de feuille d&rsquo;or. Inspir\u00e9 par la Provence et la fleur de lavande si caract\u00e9ristique de cette partie de la France.<\/p>\n<p>Peint \u00e0 la main dans notre atelier par des artistes d&rsquo;origine locale. Tableau et peintures acryliques de haute qualit\u00e9. Le tableau est en bois de pin about\u00e9 (sans pliage) avec un profil de 35&#215;30. Le bois provient de for\u00eats durables. La toile est une toile en coton polyester avec un appr\u00eat artisanal classique pour les beaux-arts, \u00e0 base de colle et de r\u00e9sines acryliques. La tableau est mont\u00e9e sur le ch\u00e2ssis de mani\u00e8re totalement artisanale, ce qui permet d&rsquo;obtenir une finition sans \u00e9tirement.<\/p>\n","protected":false},"excerpt":{"rendered":"<p>Tableau original peint \u00e0 la main \u00e0 l&rsquo;acrylique sur toile, avec textures. Couleurs beige et grise en arri\u00e8re-plan, avec des coups de pinceau joyeux de lilas, d&rsquo;ocre, de blanc et de l\u00e9g\u00e8res touches de feuille d&rsquo;or. Inspir\u00e9 par la Provence et la fleur de lavande si caract\u00e9ristique de cette partie de la France.<\/p>\n","protected":false},"featured_media":33036,"comment_status":"open","ping_status":"closed","template":"","meta":[],"product_brand":[],"product_cat":[622,620,619,623],"product_tag":[],"class_list":{"0":"post-33028","1":"product","2":"type-product","3":"status-publish","4":"has-post-thumbnail","6":"product_cat-tableaux-nouvelles","7":"product_cat-nouvelles","8":"product_cat-tableaux-abstraits","9":"product_cat-tableaux-de-chambre","10":"pa_height-x-width-x-thickness-90-x-90","11":"pa_height-x-width-x-thickness-110-x-110","12":"pa_height-x-width-x-thickness-120-x-80","13":"pa_height-x-width-x-thickness-150-x-80","14":"pa_height-x-width-x-thickness-130-x-100","16":"first","17":"instock","18":"taxable","19":"shipping-taxable","20":"purchasable","21":"product-type-variable"},"acf":[],"_links":{"self":[{"href":"https:\/\/www.home-original.eu\/fr\/wp-json\/wp\/v2\/product\/33028","targetHints":{"allow":["GET"]}}],"collection":[{"href":"https:\/\/www.home-original.eu\/fr\/wp-json\/wp\/v2\/product"}],"about":[{"href":"https:\/\/www.home-original.eu\/fr\/wp-json\/wp\/v2\/types\/product"}],"replies":[{"embeddable":true,"href":"https:\/\/www.home-original.eu\/fr\/wp-json\/wp\/v2\/comments?post=33028"}],"wp:featuredmedia":[{"embeddable":true,"href":"https:\/\/www.home-original.eu\/fr\/wp-json\/wp\/v2\/media\/33036"}],"wp:attachment":[{"href":"https:\/\/www.home-original.eu\/fr\/wp-json\/wp\/v2\/media?parent=33028"}],"wp:term":[{"taxonomy":"product_brand","embeddable":true,"href":"https:\/\/www.home-original.eu\/fr\/wp-json\/wp\/v2\/product_brand?post=33028"},{"taxonomy":"product_cat","embeddable":true,"href":"https:\/\/www.home-original.eu\/fr\/wp-json\/wp\/v2\/product_cat?post=33028"},{"taxonomy":"product_tag","embeddable":true,"href":"https:\/\/www.home-original.eu\/fr\/wp-json\/wp\/v2\/product_tag?post=33028"}],"curies":[{"name":"wp","href":"https:\/\/api.w.org\/{rel}","templated":true}]}}