{"id":33051,"date":"2023-09-21T14:06:30","date_gmt":"2023-09-21T14:06:30","guid":{"rendered":"https:\/\/www.home-original.eu\/?post_type=product&#038;p=33051"},"modified":"2026-03-11T15:04:02","modified_gmt":"2026-03-11T15:04:02","slug":"tableau-armonia","status":"publish","type":"product","link":"https:\/\/www.home-original.eu\/fr\/product\/tableau-armonia\/","title":{"rendered":"Tableau Armonia"},"content":{"rendered":"<p>Plongez dans une mer de tranquillit\u00e9 avec ce diptyque captivant. Deux peintures acryliques sur toile peintes \u00e0 la main vous transporteront dans une oasis de paix et de s\u00e9r\u00e9nit\u00e9.<\/p>\n<p>La palette de couleurs, domin\u00e9e par des tons beige sable, \u00e9voque la chaleur du sable et la douceur de la brise. L&rsquo;absence de texture dans ce cas permet aux couleurs de se fondre harmonieusement, cr\u00e9ant une atmosph\u00e8re sereine et accueillante.<\/p>\n<p>Le contraste est assur\u00e9 par d&rsquo;\u00e9pais coups de pinceau en bleu, blanc, tuile et vert pierre. Ces coups de pinceau magistralement appliqu\u00e9s cr\u00e9ent un jeu de transparences qui souligne la profondeur de la composition et ajoute une touche de dynamisme \u00e0 l&rsquo;\u0153uvre. Les couleurs froides et chaudes s&rsquo;entrem\u00ealent, cr\u00e9ant une harmonie visuelle qui invite \u00e0 la contemplation.<\/p>\n<p>Le prix indiqu\u00e9 dans le menu d\u00e9roulant comprend les deux tableaux.<\/p>\n<p>Peint \u00e0 la main dans notre atelier par des artistes d&rsquo;origine locale. Tableau et peintures acryliques de haute qualit\u00e9. Le tableau est en bois de pin about\u00e9 (sans pliage) avec un profil de 35&#215;30. Le bois provient de for\u00eats durables. La toile est une toile en coton polyester avec un appr\u00eat artisanal classique pour les beaux-arts, \u00e0 base de colle et de r\u00e9sines acryliques. La tableau est mont\u00e9e sur le ch\u00e2ssis de mani\u00e8re totalement artisanale, ce qui permet d&rsquo;obtenir une finition sans \u00e9tirement.<\/p>\n","protected":false},"excerpt":{"rendered":"<p>Plongez dans une mer de tranquillit\u00e9 avec ce diptyque captivant. Deux peintures acryliques sur toile peintes \u00e0 la main vous transporteront dans une oasis de paix et de s\u00e9r\u00e9nit\u00e9.<\/p>\n<p>La palette de couleurs, domin\u00e9e par des tons beige sable, \u00e9voque la chaleur du sable et la douceur de la brise. L&rsquo;absence de texture dans ce cas permet aux couleurs de se fondre harmonieusement, cr\u00e9ant une atmosph\u00e8re sereine et accueillante.<\/p>\n<p>Le contraste est assur\u00e9 par d&rsquo;\u00e9pais coups de pinceau en bleu, blanc, tuile et vert pierre. Ces coups de pinceau magistralement appliqu\u00e9s cr\u00e9ent un jeu de transparences qui souligne la profondeur de la composition et ajoute une touche de dynamisme \u00e0 l&rsquo;\u0153uvre. Les couleurs froides et chaudes s&rsquo;entrem\u00ealent, cr\u00e9ant une harmonie visuelle qui invite \u00e0 la contemplation.<\/p>\n<p>Le prix indiqu\u00e9 dans le menu d\u00e9roulant comprend les deux tableaux.<\/p>\n<p>&nbsp;<\/p>\n","protected":false},"featured_media":38672,"comment_status":"open","ping_status":"closed","template":"","meta":[],"product_brand":[],"product_cat":[622,620,619,842,623],"product_tag":[],"class_list":{"0":"post-33051","1":"product","2":"type-product","3":"status-publish","4":"has-post-thumbnail","6":"product_cat-tableaux-nouvelles","7":"product_cat-nouvelles","8":"product_cat-tableaux-abstraits","9":"product_cat-tableaux-colorees","10":"product_cat-tableaux-de-chambre","11":"pa_height-x-width-x-thickness-90-x-90","12":"pa_height-x-width-x-thickness-110-x-110","13":"pa_height-x-width-x-thickness-120-x-80","14":"pa_height-x-width-x-thickness-150-x-80","15":"pa_height-x-width-x-thickness-130-x-100","17":"first","18":"instock","19":"taxable","20":"shipping-taxable","21":"purchasable","22":"product-type-variable"},"acf":[],"_links":{"self":[{"href":"https:\/\/www.home-original.eu\/fr\/wp-json\/wp\/v2\/product\/33051","targetHints":{"allow":["GET"]}}],"collection":[{"href":"https:\/\/www.home-original.eu\/fr\/wp-json\/wp\/v2\/product"}],"about":[{"href":"https:\/\/www.home-original.eu\/fr\/wp-json\/wp\/v2\/types\/product"}],"replies":[{"embeddable":true,"href":"https:\/\/www.home-original.eu\/fr\/wp-json\/wp\/v2\/comments?post=33051"}],"wp:featuredmedia":[{"embeddable":true,"href":"https:\/\/www.home-original.eu\/fr\/wp-json\/wp\/v2\/media\/38672"}],"wp:attachment":[{"href":"https:\/\/www.home-original.eu\/fr\/wp-json\/wp\/v2\/media?parent=33051"}],"wp:term":[{"taxonomy":"product_brand","embeddable":true,"href":"https:\/\/www.home-original.eu\/fr\/wp-json\/wp\/v2\/product_brand?post=33051"},{"taxonomy":"product_cat","embeddable":true,"href":"https:\/\/www.home-original.eu\/fr\/wp-json\/wp\/v2\/product_cat?post=33051"},{"taxonomy":"product_tag","embeddable":true,"href":"https:\/\/www.home-original.eu\/fr\/wp-json\/wp\/v2\/product_tag?post=33051"}],"curies":[{"name":"wp","href":"https:\/\/api.w.org\/{rel}","templated":true}]}}