{"id":33177,"date":"2023-09-22T11:39:49","date_gmt":"2023-09-22T11:39:49","guid":{"rendered":"https:\/\/www.home-original.eu\/?post_type=product&#038;p=33177"},"modified":"2026-03-16T15:42:07","modified_gmt":"2026-03-16T15:42:07","slug":"tableau-veleros-azules","status":"publish","type":"product","link":"https:\/\/www.home-original.eu\/fr\/product\/tableau-veleros-azules\/","title":{"rendered":"Tableau Veleros Azules"},"content":{"rendered":"<p>Tableau original peint \u00e0 la main \u00e0 l&rsquo;acrylique sur toile, avec une texture combin\u00e9e au mastic plastique. Couleurs bleues dans sa gamme, avec cette touche de lumi\u00e8re qui apporte la couleur bleu turquoise, rappelant la baie de la Costa Brava et ses voiliers.<\/p>\n<p>Peint \u00e0 la main dans notre atelier par des artistes d&rsquo;origine locale. Tableau et peintures acryliques de haute qualit\u00e9. Le tableau est en bois de pin about\u00e9 (sans pliage) avec un profil de 35&#215;30. Le bois provient de for\u00eats durables. La toile est une toile en coton polyester avec un appr\u00eat artisanal classique pour les beaux-arts, \u00e0 base de colle et de r\u00e9sines acryliques. La tableau est mont\u00e9e sur le ch\u00e2ssis de mani\u00e8re totalement artisanale, ce qui permet d&rsquo;obtenir une finition sans \u00e9tirement.<\/p>\n","protected":false},"excerpt":{"rendered":"<p>Tableau original peint \u00e0 la main \u00e0 l&rsquo;acrylique sur toile, avec une texture combin\u00e9e au mastic plastique. Couleurs bleues dans sa gamme, avec cette touche de lumi\u00e8re qui apporte la couleur bleu turquoise, rappelant la baie de la Costa Brava et ses voiliers.<\/p>\n","protected":false},"featured_media":33185,"comment_status":"open","ping_status":"closed","template":"","meta":[],"product_brand":[],"product_cat":[622,620,619,625,623,674,819],"product_tag":[],"class_list":{"0":"post-33177","1":"product","2":"type-product","3":"status-publish","4":"has-post-thumbnail","6":"product_cat-tableaux-nouvelles","7":"product_cat-nouvelles","8":"product_cat-tableaux-abstraits","9":"product_cat-tableaux-bleus","10":"product_cat-tableaux-de-chambre","11":"product_cat-tableaux-de-marinas","12":"product_cat-tableaux-de-tuquoise-fr","13":"pa_height-x-width-x-thickness-90-x-90","14":"pa_height-x-width-x-thickness-110-x-110","15":"pa_height-x-width-x-thickness-120-x-80","16":"pa_height-x-width-x-thickness-150-x-80","17":"pa_height-x-width-x-thickness-130-x-100","19":"first","20":"instock","21":"taxable","22":"shipping-taxable","23":"purchasable","24":"product-type-variable"},"acf":[],"_links":{"self":[{"href":"https:\/\/www.home-original.eu\/fr\/wp-json\/wp\/v2\/product\/33177","targetHints":{"allow":["GET"]}}],"collection":[{"href":"https:\/\/www.home-original.eu\/fr\/wp-json\/wp\/v2\/product"}],"about":[{"href":"https:\/\/www.home-original.eu\/fr\/wp-json\/wp\/v2\/types\/product"}],"replies":[{"embeddable":true,"href":"https:\/\/www.home-original.eu\/fr\/wp-json\/wp\/v2\/comments?post=33177"}],"wp:featuredmedia":[{"embeddable":true,"href":"https:\/\/www.home-original.eu\/fr\/wp-json\/wp\/v2\/media\/33185"}],"wp:attachment":[{"href":"https:\/\/www.home-original.eu\/fr\/wp-json\/wp\/v2\/media?parent=33177"}],"wp:term":[{"taxonomy":"product_brand","embeddable":true,"href":"https:\/\/www.home-original.eu\/fr\/wp-json\/wp\/v2\/product_brand?post=33177"},{"taxonomy":"product_cat","embeddable":true,"href":"https:\/\/www.home-original.eu\/fr\/wp-json\/wp\/v2\/product_cat?post=33177"},{"taxonomy":"product_tag","embeddable":true,"href":"https:\/\/www.home-original.eu\/fr\/wp-json\/wp\/v2\/product_tag?post=33177"}],"curies":[{"name":"wp","href":"https:\/\/api.w.org\/{rel}","templated":true}]}}