{"id":33206,"date":"2023-09-25T13:26:01","date_gmt":"2023-09-25T13:26:01","guid":{"rendered":"https:\/\/www.home-original.eu\/?post_type=product&#038;p=33206"},"modified":"2026-03-11T15:27:59","modified_gmt":"2026-03-11T15:27:59","slug":"tableaux-yin-yan","status":"publish","type":"product","link":"https:\/\/www.home-original.eu\/fr\/product\/tableaux-yin-yan\/","title":{"rendered":"Tableaux Yin Yan"},"content":{"rendered":"<p>La paire de tableaux Yin Yan Diptyque est compos\u00e9e de 2 peintures acryliques sur toile peintes \u00e0 la main. Enti\u00e8rement finies et mont\u00e9es, elles sont pr\u00eates \u00e0 \u00eatre accroch\u00e9es au mur. Tons noir, beige et sable, avec texture. Profil\u00e9 de 2 cm peint en noir simulant un cadre, donnant une touche d&rsquo;\u00e9l\u00e9gance et de s\u00e9r\u00e9nit\u00e9 \u00e0 l&rsquo;\u0153uvre. PEUT \u00caTRE VENDU EN VRAC. DEMANDER LES PRIX<\/p>\n<p>Peint \u00e0 la main dans notre atelier par des artistes d&rsquo;origine locale. Tableau et peintures acryliques de haute qualit\u00e9. Le tableau est en bois de pin about\u00e9 (sans pliage) avec un profil de 35&#215;30. Le bois provient de for\u00eats durables. La toile est une toile en coton polyester avec un appr\u00eat artisanal classique pour les beaux-arts, \u00e0 base de colle et de r\u00e9sines acryliques. La tableau est mont\u00e9e sur le ch\u00e2ssis de mani\u00e8re totalement artisanale, ce qui permet d&rsquo;obtenir une finition sans \u00e9tirement.<\/p>\n","protected":false},"excerpt":{"rendered":"<p>La paire de tableaux Yin Yan Diptyque est compos\u00e9e de 2 peintures acryliques sur toile peintes \u00e0 la main. Enti\u00e8rement finies et mont\u00e9es, elles sont pr\u00eates \u00e0 \u00eatre accroch\u00e9es au mur. Tons noir, beige et sable, avec texture. Profil\u00e9 de 2 cm peint en noir simulant un cadre, donnant une touche d&rsquo;\u00e9l\u00e9gance et de s\u00e9r\u00e9nit\u00e9 \u00e0 l&rsquo;\u0153uvre. PEUT \u00caTRE VENDU EN VRAC. DEMANDER LES PRIX<\/p>\n","protected":false},"featured_media":33228,"comment_status":"open","ping_status":"closed","template":"","meta":[],"product_brand":[],"product_cat":[622,620,619,623,774,772],"product_tag":[],"class_list":{"0":"post-33206","1":"product","2":"type-product","3":"status-publish","4":"has-post-thumbnail","6":"product_cat-tableaux-nouvelles","7":"product_cat-nouvelles","8":"product_cat-tableaux-abstraits","9":"product_cat-tableaux-de-chambre","10":"product_cat-tableaux-dor","11":"product_cat-tableaux-noir-blanc","12":"pa_height-x-width-x-thickness-90-x-90","13":"pa_height-x-width-x-thickness-110-x-110","14":"pa_height-x-width-x-thickness-120-x-80","15":"pa_height-x-width-x-thickness-150-x-80","16":"pa_height-x-width-x-thickness-130-x-100","18":"first","19":"instock","20":"taxable","21":"shipping-taxable","22":"purchasable","23":"product-type-variable"},"acf":[],"_links":{"self":[{"href":"https:\/\/www.home-original.eu\/fr\/wp-json\/wp\/v2\/product\/33206","targetHints":{"allow":["GET"]}}],"collection":[{"href":"https:\/\/www.home-original.eu\/fr\/wp-json\/wp\/v2\/product"}],"about":[{"href":"https:\/\/www.home-original.eu\/fr\/wp-json\/wp\/v2\/types\/product"}],"replies":[{"embeddable":true,"href":"https:\/\/www.home-original.eu\/fr\/wp-json\/wp\/v2\/comments?post=33206"}],"wp:featuredmedia":[{"embeddable":true,"href":"https:\/\/www.home-original.eu\/fr\/wp-json\/wp\/v2\/media\/33228"}],"wp:attachment":[{"href":"https:\/\/www.home-original.eu\/fr\/wp-json\/wp\/v2\/media?parent=33206"}],"wp:term":[{"taxonomy":"product_brand","embeddable":true,"href":"https:\/\/www.home-original.eu\/fr\/wp-json\/wp\/v2\/product_brand?post=33206"},{"taxonomy":"product_cat","embeddable":true,"href":"https:\/\/www.home-original.eu\/fr\/wp-json\/wp\/v2\/product_cat?post=33206"},{"taxonomy":"product_tag","embeddable":true,"href":"https:\/\/www.home-original.eu\/fr\/wp-json\/wp\/v2\/product_tag?post=33206"}],"curies":[{"name":"wp","href":"https:\/\/api.w.org\/{rel}","templated":true}]}}