{"id":38719,"date":"2025-03-19T15:00:30","date_gmt":"2025-03-19T15:00:30","guid":{"rendered":"https:\/\/www.home-original.eu\/?post_type=product&#038;p=38719"},"modified":"2026-03-11T15:27:42","modified_gmt":"2026-03-11T15:27:42","slug":"tableau-ambiente","status":"publish","type":"product","link":"https:\/\/www.home-original.eu\/fr\/product\/tableau-ambiente\/","title":{"rendered":"Tableau Ambiente"},"content":{"rendered":"","protected":false},"excerpt":{"rendered":"<p>Laissez-vous s\u00e9duire par cette superbe \u0153uvre d&rsquo;art originale, peinte \u00e0 la main \u00e0 l&rsquo;acrylique sur toile. Le fond blanc cass\u00e9 et pierreux est harmonieusement m\u00eal\u00e9 \u00e0 des gris verd\u00e2tres et \u00e0 des coups de pinceau ocre, cr\u00e9ant une composition chromatique unique et vivante.<br \/>\nLes textures sableuses ajoutent une touche de rusticit\u00e9 et de profondeur \u00e0 l&rsquo;\u0153uvre, tandis que les \u00e9claboussures de feuilles d&rsquo;or lui conf\u00e8rent un \u00e9clat subtil et \u00e9l\u00e9gant. Le r\u00e9sultat est une \u0153uvre d&rsquo;art abstraite qui vous invitera \u00e0 vous perdre dans ses d\u00e9tails et \u00e0 d\u00e9couvrir de nouvelles interpr\u00e9tations \u00e0 chaque fois que vous la regarderez.<\/p>\n<p>Enti\u00e8rement termin\u00e9 et mont\u00e9, pr\u00eat \u00e0 \u00eatre accroch\u00e9 au mur, ce chef-d&rsquo;\u0153uvre est une pi\u00e8ce d\u00e9corative parfaite pour toute maison ou tout espace.<\/p>\n<p>Peinture de style wabi-sabi<\/p>\n<p>&nbsp;<\/p>\n","protected":false},"featured_media":38672,"comment_status":"open","ping_status":"closed","template":"","meta":[],"product_brand":[],"product_cat":[622,620,619,676,623,680,621],"product_tag":[],"class_list":{"0":"post-38719","1":"product","2":"type-product","3":"status-publish","4":"has-post-thumbnail","6":"product_cat-tableaux-nouvelles","7":"product_cat-nouvelles","8":"product_cat-tableaux-abstraits","9":"product_cat-tableaux-beiges","10":"product_cat-tableaux-de-chambre","11":"product_cat-tableaux-minimalistes","12":"product_cat-tableaux-recommandes","13":"pa_height-x-width-x-thickness-90-x-90","14":"pa_height-x-width-x-thickness-110-x-110","15":"pa_height-x-width-x-thickness-120-x-80","16":"pa_height-x-width-x-thickness-150-x-80","17":"pa_height-x-width-x-thickness-130-x-100","19":"first","20":"instock","21":"taxable","22":"shipping-taxable","23":"purchasable","24":"product-type-variable"},"acf":[],"_links":{"self":[{"href":"https:\/\/www.home-original.eu\/fr\/wp-json\/wp\/v2\/product\/38719","targetHints":{"allow":["GET"]}}],"collection":[{"href":"https:\/\/www.home-original.eu\/fr\/wp-json\/wp\/v2\/product"}],"about":[{"href":"https:\/\/www.home-original.eu\/fr\/wp-json\/wp\/v2\/types\/product"}],"replies":[{"embeddable":true,"href":"https:\/\/www.home-original.eu\/fr\/wp-json\/wp\/v2\/comments?post=38719"}],"wp:featuredmedia":[{"embeddable":true,"href":"https:\/\/www.home-original.eu\/fr\/wp-json\/wp\/v2\/media\/38672"}],"wp:attachment":[{"href":"https:\/\/www.home-original.eu\/fr\/wp-json\/wp\/v2\/media?parent=38719"}],"wp:term":[{"taxonomy":"product_brand","embeddable":true,"href":"https:\/\/www.home-original.eu\/fr\/wp-json\/wp\/v2\/product_brand?post=38719"},{"taxonomy":"product_cat","embeddable":true,"href":"https:\/\/www.home-original.eu\/fr\/wp-json\/wp\/v2\/product_cat?post=38719"},{"taxonomy":"product_tag","embeddable":true,"href":"https:\/\/www.home-original.eu\/fr\/wp-json\/wp\/v2\/product_tag?post=38719"}],"curies":[{"name":"wp","href":"https:\/\/api.w.org\/{rel}","templated":true}]}}