{"id":42714,"date":"2026-04-29T13:53:06","date_gmt":"2026-04-29T13:53:06","guid":{"rendered":"https:\/\/www.home-original.eu\/?post_type=product&#038;p=42714"},"modified":"2026-04-29T13:58:47","modified_gmt":"2026-04-29T13:58:47","slug":"tableau-campina-de-teba","status":"publish","type":"product","link":"https:\/\/www.home-original.eu\/fr\/product\/tableau-campina-de-teba\/","title":{"rendered":"Tableau Campi\u00f1a de Teba"},"content":{"rendered":"<p style=\"line-height: 19.6px; margin: 0px 0px 6px; color: #474747; font-family: Questrial, sans-serif; font-size: 14px; background-color: #ffffff;\">Peint \u00e0 la main dans notre atelier par des artistes d\u2019origine locale. Tableau et peintures acryliques de haute qualit\u00e9. Le tableau est fabriqu\u00e9 en bois de pin about\u00e9 (sans pliage) avec un profil de 35\u00d730.\u00a0 Le tableau est mont\u00e9e sur le ch\u00e2ssis de mani\u00e8re totalement artisanale, ce qui permet d\u2019obtenir une finition sans \u00e9tirement.<\/p>\n","protected":false},"excerpt":{"rendered":"<p>Transformez votre int\u00e9rieur gr\u00e2ce \u00e0 la puissance visuelle de \u00ab Campi\u00f1a de Teba \u00bb. Un chef-d&rsquo;\u0153uvre de l&rsquo;art paysager abstrait qui allie la chaleur des champs de c\u00e9r\u00e9ales \u00e0 la s\u00e9r\u00e9nit\u00e9 d&rsquo;horizons brumeux. Id\u00e9al pour ceux qui recherchent une \u0153uvre de grand format apportant lumi\u00e8re, profondeur et une \u00e9l\u00e9gance \u00e0 la fois moderne et naturelle. Les tons orange, jaunes et gris s&rsquo;entrem\u00ealent harmonieusement.<\/p>\n","protected":false},"featured_media":42726,"comment_status":"open","ping_status":"closed","template":"","meta":[],"product_brand":[],"product_cat":[620,842,840,622,537,773],"product_tag":[],"class_list":{"0":"post-42714","1":"product","2":"type-product","3":"status-publish","4":"has-post-thumbnail","6":"product_cat-nouvelles","7":"product_cat-tableaux-colorees","8":"product_cat-tableaux-du-salon-fr","9":"product_cat-tableaux-nouvelles","10":"product_cat-tableaux-jaunes","11":"product_cat-tableaux-oranges","12":"pa_height-x-width-x-thickness-90-x-90","13":"pa_height-x-width-x-thickness-110-x-110","14":"pa_height-x-width-x-thickness-120-x-80","15":"pa_height-x-width-x-thickness-150-x-80","16":"pa_height-x-width-x-thickness-130-x-100","18":"first","19":"instock","20":"taxable","21":"shipping-taxable","22":"purchasable","23":"product-type-variable"},"acf":[],"_links":{"self":[{"href":"https:\/\/www.home-original.eu\/fr\/wp-json\/wp\/v2\/product\/42714","targetHints":{"allow":["GET"]}}],"collection":[{"href":"https:\/\/www.home-original.eu\/fr\/wp-json\/wp\/v2\/product"}],"about":[{"href":"https:\/\/www.home-original.eu\/fr\/wp-json\/wp\/v2\/types\/product"}],"replies":[{"embeddable":true,"href":"https:\/\/www.home-original.eu\/fr\/wp-json\/wp\/v2\/comments?post=42714"}],"wp:featuredmedia":[{"embeddable":true,"href":"https:\/\/www.home-original.eu\/fr\/wp-json\/wp\/v2\/media\/42726"}],"wp:attachment":[{"href":"https:\/\/www.home-original.eu\/fr\/wp-json\/wp\/v2\/media?parent=42714"}],"wp:term":[{"taxonomy":"product_brand","embeddable":true,"href":"https:\/\/www.home-original.eu\/fr\/wp-json\/wp\/v2\/product_brand?post=42714"},{"taxonomy":"product_cat","embeddable":true,"href":"https:\/\/www.home-original.eu\/fr\/wp-json\/wp\/v2\/product_cat?post=42714"},{"taxonomy":"product_tag","embeddable":true,"href":"https:\/\/www.home-original.eu\/fr\/wp-json\/wp\/v2\/product_tag?post=42714"}],"curies":[{"name":"wp","href":"https:\/\/api.w.org\/{rel}","templated":true}]}}