{"id":7327,"date":"2022-06-16T15:55:59","date_gmt":"2022-06-16T15:55:59","guid":{"rendered":"http:\/\/www.homeoriginal.com.mialias.net\/?post_type=product&#038;p=7327"},"modified":"2025-06-01T08:01:00","modified_gmt":"2025-06-01T08:01:00","slug":"3-tableaus-tripticos-corralejo","status":"publish","type":"product","link":"https:\/\/www.home-original.eu\/fr\/product\/3-tableaus-tripticos-corralejo\/","title":{"rendered":"3 Tableaus Tripticos Corralejo"},"content":{"rendered":"<div id=\"description\" class=\"tab-pane fade in active\">\n<div class=\"product-description\">\n<p>Trois tableaux peints \u00e0 la main en acrylique sur toile. Enti\u00e8rement fini et mont\u00e9, pr\u00eat \u00e0 \u00eatre accroch\u00e9 sur votre mur, avec beaucoup de texture sableuse combin\u00e9e \u00e0 du mastic plastique. Les couleurs dominantes sont le beige et le blanc, avec de l\u00e9g\u00e8res touches de sable, qui se fondent les unes dans les autres. Finition mate sans brillance<\/p>\n<\/div>\n<\/div>\n","protected":false},"excerpt":{"rendered":"<p>Trois tableaux peints \u00e0 la main en acrylique sur toile. Enti\u00e8rement fini et mont\u00e9, pr\u00eat \u00e0 \u00eatre accroch\u00e9 sur votre mur, avec beaucoup de texture sableuse combin\u00e9e \u00e0 du mastic plastique. Les couleurs dominantes sont le beige et le blanc, avec de l\u00e9g\u00e8res touches de sable, qui se fondent les unes dans les autres. Finition mate sans brillance<\/p>\n","protected":false},"featured_media":7330,"comment_status":"open","ping_status":"closed","template":"","meta":[],"product_brand":[],"product_cat":[840],"product_tag":[],"class_list":{"0":"post-7327","1":"product","2":"type-product","3":"status-publish","4":"has-post-thumbnail","6":"product_cat-tableaux-du-salon-fr","7":"pa_height-x-width-x-thickness-90-x-90","8":"pa_height-x-width-x-thickness-110-x-110","9":"pa_height-x-width-x-thickness-120-x-80","10":"pa_height-x-width-x-thickness-150-x-80","11":"pa_height-x-width-x-thickness-130-x-100","13":"first","14":"instock","15":"taxable","16":"shipping-taxable","17":"purchasable","18":"product-type-variable"},"acf":[],"_links":{"self":[{"href":"https:\/\/www.home-original.eu\/fr\/wp-json\/wp\/v2\/product\/7327","targetHints":{"allow":["GET"]}}],"collection":[{"href":"https:\/\/www.home-original.eu\/fr\/wp-json\/wp\/v2\/product"}],"about":[{"href":"https:\/\/www.home-original.eu\/fr\/wp-json\/wp\/v2\/types\/product"}],"replies":[{"embeddable":true,"href":"https:\/\/www.home-original.eu\/fr\/wp-json\/wp\/v2\/comments?post=7327"}],"wp:featuredmedia":[{"embeddable":true,"href":"https:\/\/www.home-original.eu\/fr\/wp-json\/wp\/v2\/media\/7330"}],"wp:attachment":[{"href":"https:\/\/www.home-original.eu\/fr\/wp-json\/wp\/v2\/media?parent=7327"}],"wp:term":[{"taxonomy":"product_brand","embeddable":true,"href":"https:\/\/www.home-original.eu\/fr\/wp-json\/wp\/v2\/product_brand?post=7327"},{"taxonomy":"product_cat","embeddable":true,"href":"https:\/\/www.home-original.eu\/fr\/wp-json\/wp\/v2\/product_cat?post=7327"},{"taxonomy":"product_tag","embeddable":true,"href":"https:\/\/www.home-original.eu\/fr\/wp-json\/wp\/v2\/product_tag?post=7327"}],"curies":[{"name":"wp","href":"https:\/\/api.w.org\/{rel}","templated":true}]}}