{"id":8479,"date":"2022-07-08T09:22:40","date_gmt":"2022-07-08T09:22:40","guid":{"rendered":"https:\/\/www.home-original.eu\/?post_type=product&#038;p=8479"},"modified":"2026-03-11T15:45:09","modified_gmt":"2026-03-11T15:45:09","slug":"tableau-florencia","status":"publish","type":"product","link":"https:\/\/www.home-original.eu\/fr\/product\/tableau-florencia\/","title":{"rendered":"Tableau Florencia"},"content":{"rendered":"<p>Tableau originale peinte \u00e0 la main sur toile dans des tons de brun, noir et beige. Travail textur\u00e9 combinant pinceau et couteau \u00e0 palette, cr\u00e9ant des formes granuleuses. Grande plasticit\u00e9 et abstraction dans le travail.<\/p>\n<p>Peint \u00e0 la main dans notre atelier par des artistes d&rsquo;origine locale. Tableau et peintures acryliques de grande qualit\u00e9. Le cadre est en bois de pin about\u00e9 (sans pliage) avec un profil de 35&#215;30. Le bois provient de for\u00eats durables. La tableau est une toile en coton polyester avec un appr\u00eat artisanal classique pour les beaux-arts, \u00e0 base de colle et de r\u00e9sines acryliques. La tableau est mont\u00e9e sur le ch\u00e2ssis de mani\u00e8re totalement artisanale, ce qui permet d&rsquo;obtenir une finition sans \u00e9tirement.<\/p>\n","protected":false},"excerpt":{"rendered":"<p style=\"line-height: 19.6px; margin: 0px 0px 6px; color: #474747; font-family: Questrial, sans-serif; font-size: 14px; background-color: #ffffff;\">Tableau originale peinte \u00e0 la main sur toile dans des tons de brun, noir et beige. Travail textur\u00e9 combinant pinceau et couteau \u00e0 palette, cr\u00e9ant des formes granuleuses. Grande plasticit\u00e9 et abstraction dans le travail.<\/p>\n","protected":false},"featured_media":8489,"comment_status":"open","ping_status":"closed","template":"","meta":[],"product_brand":[],"product_cat":[831,840,772],"product_tag":[],"class_list":{"0":"post-8479","1":"product","2":"type-product","3":"status-publish","4":"has-post-thumbnail","6":"product_cat-tableaux-beige-et-sable","7":"product_cat-tableaux-du-salon-fr","8":"product_cat-tableaux-noir-blanc","9":"pa_height-x-width-x-thickness-90-x-90","10":"pa_height-x-width-x-thickness-110-x-110","11":"pa_height-x-width-x-thickness-120-x-80","12":"pa_height-x-width-x-thickness-150-x-80","13":"pa_height-x-width-x-thickness-130-x-100","15":"first","16":"instock","17":"taxable","18":"shipping-taxable","19":"purchasable","20":"product-type-variable"},"acf":[],"_links":{"self":[{"href":"https:\/\/www.home-original.eu\/fr\/wp-json\/wp\/v2\/product\/8479","targetHints":{"allow":["GET"]}}],"collection":[{"href":"https:\/\/www.home-original.eu\/fr\/wp-json\/wp\/v2\/product"}],"about":[{"href":"https:\/\/www.home-original.eu\/fr\/wp-json\/wp\/v2\/types\/product"}],"replies":[{"embeddable":true,"href":"https:\/\/www.home-original.eu\/fr\/wp-json\/wp\/v2\/comments?post=8479"}],"wp:featuredmedia":[{"embeddable":true,"href":"https:\/\/www.home-original.eu\/fr\/wp-json\/wp\/v2\/media\/8489"}],"wp:attachment":[{"href":"https:\/\/www.home-original.eu\/fr\/wp-json\/wp\/v2\/media?parent=8479"}],"wp:term":[{"taxonomy":"product_brand","embeddable":true,"href":"https:\/\/www.home-original.eu\/fr\/wp-json\/wp\/v2\/product_brand?post=8479"},{"taxonomy":"product_cat","embeddable":true,"href":"https:\/\/www.home-original.eu\/fr\/wp-json\/wp\/v2\/product_cat?post=8479"},{"taxonomy":"product_tag","embeddable":true,"href":"https:\/\/www.home-original.eu\/fr\/wp-json\/wp\/v2\/product_tag?post=8479"}],"curies":[{"name":"wp","href":"https:\/\/api.w.org\/{rel}","templated":true}]}}